{"id":86,"date":"2016-04-18T18:28:41","date_gmt":"2016-04-18T16:28:41","guid":{"rendered":"https:\/\/berufsschule-der-handwerkskammer-luebeck.de\/?page_id=86"},"modified":"2023-12-15T11:46:31","modified_gmt":"2023-12-15T10:46:31","slug":"augenoptikerin","status":"publish","type":"page","link":"https:\/\/berufsschule-der-handwerkskammer-luebeck.de\/index.php\/augenoptikerin\/","title":{"rendered":"LBS f\u00fcr Augenoptiker"},"content":{"rendered":"<p>[et_pb_section fb_built=&#8220;1&#8243; custom_padding_last_edited=&#8220;on|desktop&#8220; admin_label=&#8220;section&#8220; _builder_version=&#8220;4.16&#8243; custom_padding_tablet=&#8220;50px|0|50px|0&#8243; custom_padding_phone=&#8220;50px|0|50px|0&#8243; transparent_background=&#8220;off&#8220; padding_mobile=&#8220;off&#8220; make_fullwidth=&#8220;off&#8220; use_custom_width=&#8220;off&#8220; width_unit=&#8220;off&#8220; custom_width_px=&#8220;1080px&#8220; custom_width_percent=&#8220;80%&#8220; global_colors_info=&#8220;{}&#8220;][et_pb_row padding_mobile=&#8220;off&#8220; column_padding_mobile=&#8220;on&#8220; admin_label=&#8220;row&#8220; _builder_version=&#8220;4.16&#8243; background_size=&#8220;initial&#8220; background_position=&#8220;top_left&#8220; background_repeat=&#8220;repeat&#8220; make_fullwidth=&#8220;off&#8220; use_custom_width=&#8220;off&#8220; width_unit=&#8220;off&#8220; custom_width_px=&#8220;1080px&#8220; custom_width_percent=&#8220;80%&#8220; global_colors_info=&#8220;{}&#8220;][et_pb_column type=&#8220;4_4&#8243; _builder_version=&#8220;4.16&#8243; custom_padding=&#8220;|||&#8220; global_colors_info=&#8220;{}&#8220; custom_padding__hover=&#8220;|||&#8220;][et_pb_text admin_label=&#8220;Text&#8220; _builder_version=&#8220;4.16&#8243; background_size=&#8220;initial&#8220; background_position=&#8220;top_left&#8220; background_repeat=&#8220;repeat&#8220; text_orientation=&#8220;center&#8220; module_alignment=&#8220;center&#8220; global_colors_info=&#8220;{}&#8220;]<\/p>\n<h2>Landesberufsschule f\u00fcr Augenoptiker<\/h2>\n<p>[\/et_pb_text][et_pb_text admin_label=&#8220;Text&#8220; _builder_version=&#8220;4.23.1&#8243; background_size=&#8220;initial&#8220; background_position=&#8220;top_left&#8220; background_repeat=&#8220;repeat&#8220; use_border_color=&#8220;off&#8220; border_color=&#8220;#ffffff&#8220; border_style=&#8220;solid&#8220; global_colors_info=&#8220;{}&#8220;]<\/p>\n<h3><strong>Berufsbild Augenoptik<\/strong><\/h3>\n<p><strong>Der Beruf der Augenoptikerin bzw. des Augenoptikers<\/strong><\/p>\n<p>Die T\u00e4tigkeiten im Augenoptik-Handwerk sind sehr vielf\u00e4ltig, denn Sie werden Berater, Handwerker, Verk\u00e4ufer und Dienstleiter zugleich. Sie erwerben vielf\u00e4ltige fachtheoretische, fachpraktische und kommunikative Fertigkeiten, F\u00e4higkeiten und Kenntnisse in der Berufsausbildung. Ein Sinn f\u00fcr \u00c4sthetik und modisches Gesp\u00fcr spielen zudem bei der Auswahl einer geeigneten Brillenfassung eine Rolle. Als Augenoptikerin oder Augenoptiker ist man also der erste Ansprechpartner rund um das Sehen.<\/p>\n<p><img loading=\"lazy\" decoding=\"async\" class=\"aligncenter wp-image-7484 size-large\" src=\"https:\/\/berufsschule-der-handwerkskammer-luebeck.de\/wp-content\/uploads\/image001-768x1024.jpg\" alt=\"\" width=\"768\" height=\"1024\" \/><\/p>\n<p>Die Berufsausbildung im Augenoptik-Handwerk findet in der Berufsschule und in einem augenoptischen Betrieb statt, wobei die Berufsschule theoretische Inhalte zu Anatomie und Physiologie des Sehapparates sowie physikalische und mathematische Zusammenh\u00e4nge der Optik vermittelt. Der Betrieb vermittelt vorrangig praktische Inhalte wie z. B. das Ausmessen, Anzeichnen und Einschleifen von Brillengl\u00e4sern in Brillenfassungen. Kleinere Reparaturen wie z. B. eine L\u00f6tung oder der Austausch von Kleinteilen an einer Brillenfassung geh\u00f6ren ebenso zu den T\u00e4tigkeiten in der Werkstatt. Im Bereich der Kundenberatung erlernen Sie wichtige Aspekte f\u00fcr die Fassungs- und Brillenglasauswahl, um die Kunden die fachlich optimale L\u00f6sung anbieten und nach ihren individuellen W\u00fcnschen versorgen zu k\u00f6nnen. Die Reinigung und Ausrichtung von Brillenfassungen sowie die anatomische und optometrische Anpassung der Bille an den Kunden geh\u00f6ren zu Ihrem Tagesgesch\u00e4ft.<\/p>\n<p><img loading=\"lazy\" decoding=\"async\" class=\"aligncenter wp-image-7485 size-large\" src=\"https:\/\/berufsschule-der-handwerkskammer-luebeck.de\/wp-content\/uploads\/image002-768x1024.jpg\" alt=\"\" width=\"768\" height=\"1024\" \/><\/p>\n<p>Die Ausbildungsdauer betr\u00e4gt drei Jahre. Die Landesberufsschule f\u00fcr Augenoptiker in L\u00fcbeck-Travem\u00fcnde beschult die Auszubildenden des Augenoptik-Handwerks des Landes Schleswig-Holstein in acht Unterrichtsbl\u00f6cken zu jeweils vier Wochen. Ein gro\u00dfer Teil des Unterrichtes besteht aus den Lernfeldinhalten der Augenoptik. Dar\u00fcber hinaus werden die Unterrichtsf\u00e4cher Wirtschaft\/Politik, Kommunikation, Englisch und Sport erteilt.<\/p>\n<p><img loading=\"lazy\" decoding=\"async\" class=\"aligncenter wp-image-7486 size-large\" src=\"https:\/\/berufsschule-der-handwerkskammer-luebeck.de\/wp-content\/uploads\/image003-768x1024.jpg\" alt=\"\" width=\"768\" height=\"1024\" \/><\/p>\n<p>Eine essentielle Bedeutung in der schulischen Ausbildung hat der praktische Fachkunde-Unterricht (PFK) an der Landesberufsschule f\u00fcr Augenoptiker. Er findet in der augenoptischen Werkstatt und im Messlabor statt und stellt eine wichtige Erg\u00e4nzung zum Unterricht im Klassenraum dar.<\/p>\n<p><img loading=\"lazy\" decoding=\"async\" class=\"aligncenter wp-image-7487 size-large\" src=\"https:\/\/berufsschule-der-handwerkskammer-luebeck.de\/wp-content\/uploads\/image004-768x1024.jpg\" alt=\"\" width=\"768\" height=\"1024\" \/><\/p>\n<p>Die Ausbildung zur Augenoptikerin \/ zum Augenoptiker endet mit der Gesellenpr\u00fcfung und einer feierlichen Freisprechung der neuen Gesellinnen und Gesellen.<\/p>\n<p>[\/et_pb_text][et_pb_text _builder_version=&#8220;4.23.1&#8243; _module_preset=&#8220;default&#8220; global_colors_info=&#8220;{}&#8220;]<\/p>\n<h3>Aktuelles<\/h3>\n<p>[\/et_pb_text][et_pb_blog posts_number=&#8220;5&#8243; include_categories=&#8220;20&#8243; show_author=&#8220;off&#8220; show_date=&#8220;off&#8220; admin_label=&#8220;Blog&#8220; _builder_version=&#8220;4.16&#8243; use_border_color=&#8220;off&#8220; border_color=&#8220;#ffffff&#8220; border_style=&#8220;solid&#8220; use_dropshadow=&#8220;off&#8220; global_colors_info=&#8220;{}&#8220;] [\/et_pb_blog][\/et_pb_column][\/et_pb_row][\/et_pb_section]<\/p>\n","protected":false},"excerpt":{"rendered":"<p>Landesberufsschule f\u00fcr Augenoptiker Berufsbild Augenoptik Der Beruf der Augenoptikerin bzw. des Augenoptikers Die T\u00e4tigkeiten im Augenoptik-Handwerk sind sehr vielf\u00e4ltig, denn Sie werden Berater, Handwerker, Verk\u00e4ufer und Dienstleiter zugleich. Sie erwerben vielf\u00e4ltige fachtheoretische, fachpraktische und kommunikative Fertigkeiten, F\u00e4higkeiten und Kenntnisse in der Berufsausbildung. Ein Sinn f\u00fcr \u00c4sthetik und modisches Gesp\u00fcr spielen zudem bei der Auswahl einer [&hellip;]<\/p>\n","protected":false},"author":1,"featured_media":0,"parent":0,"menu_order":0,"comment_status":"closed","ping_status":"closed","template":"","meta":{"_et_pb_use_builder":"on","_et_pb_old_content":"","_et_gb_content_width":"","footnotes":""},"class_list":["post-86","page","type-page","status-publish","hentry"],"_links":{"self":[{"href":"https:\/\/berufsschule-der-handwerkskammer-luebeck.de\/index.php\/wp-json\/wp\/v2\/pages\/86","targetHints":{"allow":["GET"]}}],"collection":[{"href":"https:\/\/berufsschule-der-handwerkskammer-luebeck.de\/index.php\/wp-json\/wp\/v2\/pages"}],"about":[{"href":"https:\/\/berufsschule-der-handwerkskammer-luebeck.de\/index.php\/wp-json\/wp\/v2\/types\/page"}],"author":[{"embeddable":true,"href":"https:\/\/berufsschule-der-handwerkskammer-luebeck.de\/index.php\/wp-json\/wp\/v2\/users\/1"}],"replies":[{"embeddable":true,"href":"https:\/\/berufsschule-der-handwerkskammer-luebeck.de\/index.php\/wp-json\/wp\/v2\/comments?post=86"}],"version-history":[{"count":0,"href":"https:\/\/berufsschule-der-handwerkskammer-luebeck.de\/index.php\/wp-json\/wp\/v2\/pages\/86\/revisions"}],"wp:attachment":[{"href":"https:\/\/berufsschule-der-handwerkskammer-luebeck.de\/index.php\/wp-json\/wp\/v2\/media?parent=86"}],"curies":[{"name":"wp","href":"https:\/\/api.w.org\/{rel}","templated":true}]}}