{"id":7675,"date":"2024-03-06T07:21:02","date_gmt":"2024-03-06T06:21:02","guid":{"rendered":"https:\/\/berufsschule-der-handwerkskammer-luebeck.de\/?page_id=7675"},"modified":"2026-03-10T11:58:05","modified_gmt":"2026-03-10T10:58:05","slug":"foerderungen","status":"publish","type":"page","link":"https:\/\/berufsschule-der-handwerkskammer-luebeck.de\/index.php\/foerderungen\/","title":{"rendered":"F\u00f6rderungen"},"content":{"rendered":"<p>[et_pb_section fb_built=&#8220;1&#8243; _builder_version=&#8220;4.16&#8243; global_colors_info=&#8220;{}&#8220;][et_pb_row _builder_version=&#8220;4.16&#8243; background_size=&#8220;initial&#8220; background_position=&#8220;top_left&#8220; background_repeat=&#8220;repeat&#8220; global_colors_info=&#8220;{}&#8220;][et_pb_column type=&#8220;4_4&#8243; _builder_version=&#8220;4.16&#8243; custom_padding=&#8220;|||&#8220; global_colors_info=&#8220;{}&#8220; custom_padding__hover=&#8220;|||&#8220;][et_pb_text _builder_version=&#8220;4.24.0&#8243; background_size=&#8220;initial&#8220; background_position=&#8220;top_left&#8220; background_repeat=&#8220;repeat&#8220; border_color_all=&#8220;#8300E9&#8243; global_colors_info=&#8220;{}&#8220;]<\/p>\n<hr \/>\n<h1 class=\"c-intro__headline\"><span class=\"c-intro__title\">Bewerbungsphase f\u00fcr das Azubi Kolleg L\u00fcbeck<\/span><\/h1>\n<h3 class=\"c-intro__headline\">Joachim Herz Stiftung<\/h3>\n<p><a href=\"https:\/\/www.joachim-herz-stiftung.de\/fileadmin\/Redaktion\/Projekte\/Persoenlichkeitsbildung\/JHS_AKLuebeck_Flyer_Sommer2024_240723.pdf\" target=\"_blank\" rel=\"noopener\">download Flyer : hier klicken<\/a><\/p>\n<p>[\/et_pb_text][et_pb_image src=&#8220;https:\/\/berufsschule-der-handwerkskammer-luebeck.de\/wp-content\/uploads\/JHS_AKLuebeck_Flyer_Seite_1-scaled.jpg&#8220; title_text=&#8220;JHS_AKLuebeck_Flyer_Seite_1&#8243; url=&#8220;https:\/\/www.joachim-herz-stiftung.de\/fileadmin\/Redaktion\/Projekte\/Persoenlichkeitsbildung\/JHS_AKLuebeck_Flyer_Sommer2024_240723.pdf&#8220; url_new_window=&#8220;on&#8220; _builder_version=&#8220;4.27.4&#8243; _module_preset=&#8220;default&#8220; hover_enabled=&#8220;0&#8243; global_colors_info=&#8220;{}&#8220; sticky_enabled=&#8220;0&#8243;][\/et_pb_image][et_pb_text _builder_version=&#8220;4.24.0&#8243; _module_preset=&#8220;default&#8220; hover_enabled=&#8220;0&#8243; global_colors_info=&#8220;{}&#8220; sticky_enabled=&#8220;0&#8243;]<\/p>\n<hr \/>\n<h2><span class=\"text-underline\">Infos der TUHH f\u00fcr das Berufsschullehramt<\/span><\/h2>\n<p>Informationen und Einblicke zum Studium f\u00fcr das Berufsschullehramt an der TU in Hamburg finden Sie unter:\u00a0<a href=\"https:\/\/berufsschullehramt.de\/\" target=\"_blank\" rel=\"noreferrer noopener\">https:\/\/berufsschullehramt.de\/<\/a>.<\/p>\n<p>[\/et_pb_text][et_pb_image title_text=&#8220;2025_Tag_der_offenen_Tuer-856&#215;450&#8243; url_new_window=&#8220;on&#8220; _builder_version=&#8220;4.27.4&#8243; _module_preset=&#8220;default&#8220; hover_enabled=&#8220;0&#8243; global_colors_info=&#8220;{}&#8220; sticky_enabled=&#8220;0&#8243;][\/et_pb_image][et_pb_text _builder_version=&#8220;4.24.0&#8243; _module_preset=&#8220;default&#8220; global_colors_info=&#8220;{}&#8220;]<\/p>\n<hr \/>\n<h2>Lehrkraft an<br \/>Berufsbildenden Schulen<\/h2>\n<p><a href=\"https:\/\/berufsschule-der-handwerkskammer-luebeck.de\/wp-content\/uploads\/Flyer_Berufschullehraft.pdf\" target=\"_blank\" rel=\"noopener\">download Flyer : hier klicken<\/a><\/p>\n<p>[\/et_pb_text][et_pb_image src=&#8220;https:\/\/berufsschule-der-handwerkskammer-luebeck.de\/wp-content\/uploads\/Flyer_Berufschullehraft_Seite_1.png&#8220; title_text=&#8220;Flyer_Berufschullehraft_Seite_1&#8243; url=&#8220;https:\/\/berufsschule-der-handwerkskammer-luebeck.de\/wp-content\/uploads\/Flyer_Berufschullehraft.pdf&#8220; url_new_window=&#8220;on&#8220; _builder_version=&#8220;4.24.0&#8243; _module_preset=&#8220;default&#8220; global_colors_info=&#8220;{}&#8220;][\/et_pb_image][et_pb_text _builder_version=&#8220;4.24.0&#8243; _module_preset=&#8220;default&#8220; global_colors_info=&#8220;{}&#8220;]<\/p>\n<hr \/>\n<h2>Auslandspraktika<\/h2>\n<p><a href=\"https:\/\/berufsschule-der-handwerkskammer-luebeck.de\/wp-content\/uploads\/Flyer_Azubis.pdf\" target=\"_blank\" rel=\"noopener\">download Flyer f\u00fcr Azubis: hier klicken<\/a><\/p>\n<p><a href=\"https:\/\/berufsschule-der-handwerkskammer-luebeck.de\/wp-content\/uploads\/Flyer_Betrieb.pdf\" target=\"_blank\" rel=\"noopener\">download Flyer f\u00fcr Betriebe: hier klicken<\/a><\/p>\n<p>[\/et_pb_text][et_pb_image src=&#8220;https:\/\/berufsschule-der-handwerkskammer-luebeck.de\/wp-content\/uploads\/Flyer_Azubis_Seite_1.png&#8220; title_text=&#8220;Flyer_Azubis_Seite_1&#8243; url=&#8220;https:\/\/berufsschule-der-handwerkskammer-luebeck.de\/wp-content\/uploads\/Flyer_Azubis_Seite_1.png&#8220; url_new_window=&#8220;on&#8220; _builder_version=&#8220;4.24.0&#8243; _module_preset=&#8220;default&#8220; global_colors_info=&#8220;{}&#8220;][\/et_pb_image][et_pb_image src=&#8220;https:\/\/berufsschule-der-handwerkskammer-luebeck.de\/wp-content\/uploads\/Flyer_Betrieb_Seite_1.png&#8220; title_text=&#8220;Flyer_Betrieb_Seite_1&#8243; url=&#8220;https:\/\/berufsschule-der-handwerkskammer-luebeck.de\/wp-content\/uploads\/Flyer_Betrieb.pdf&#8220; url_new_window=&#8220;on&#8220; _builder_version=&#8220;4.24.0&#8243; _module_preset=&#8220;default&#8220; global_colors_info=&#8220;{}&#8220;][\/et_pb_image][\/et_pb_column][\/et_pb_row][\/et_pb_section]<\/p>\n","protected":false},"excerpt":{"rendered":"<p>Bewerbungsphase f\u00fcr das Azubi Kolleg L\u00fcbeck Joachim Herz Stiftung download Flyer : hier klicken Infos der TUHH f\u00fcr das Berufsschullehramt Informationen und Einblicke zum Studium f\u00fcr das Berufsschullehramt an der TU in Hamburg finden Sie unter:\u00a0https:\/\/berufsschullehramt.de\/. Lehrkraft anBerufsbildenden Schulen download Flyer : hier klicken Auslandspraktika download Flyer f\u00fcr Azubis: hier klicken download Flyer f\u00fcr Betriebe: [&hellip;]<\/p>\n","protected":false},"author":5,"featured_media":0,"parent":0,"menu_order":0,"comment_status":"closed","ping_status":"closed","template":"","meta":{"_et_pb_use_builder":"on","_et_pb_old_content":"<h1 class=\"c-intro__headline\"><span class=\"c-intro__title\">Richtlinie Zusch\u00fcsse zur Unterbringung bei Blockunterricht 2024<\/span><\/h1><p>Auch 2024 gibt es einen einmaligen Zuschuss in H\u00f6he von maximal 350 Euro f\u00fcr die ausw\u00e4rtige Unterbringung bei Blockunterricht. <a href=\"https:\/\/www.schleswig-holstein.de\/DE\/landesregierung\/ministerien-behoerden\/SHIBB\/_fachinhalte\/2024\/240117_rili_Unterbringung_2024\/240117_Rili_Unterbringung_Schueler_2024_fi_txt.html?nn=a59f91e9-bca8-4ec0-84e9-fc4fb9b25d0b\">Link zur Landesseite : hier klicken<\/a><\/p><h1 class=\"c-intro__headline\"><span class=\"c-intro__title\"> Bewerbungsphase f\u00fcr das Azubi Kolleg L\u00fcbeck<\/span><\/h1><h3 class=\"c-intro__headline\">Joachim Herz Stiftung<\/h3><p><a href=\"https:\/\/www.schleswig-holstein.de\/DE\/landesregierung\/ministerien-behoerden\/SHIBB\/_fachinhalte\/2024\/240115_Azubi_Kolleg_Luebeck\/240115_azubi_kolleg_txt.html?nn=a59f91e9-bca8-4ec0-84e9-fc4fb9b25d0b\">Link zur Landesseite : hier klicken<\/a><\/p>","_et_gb_content_width":"","footnotes":""},"class_list":["post-7675","page","type-page","status-publish","hentry"],"_links":{"self":[{"href":"https:\/\/berufsschule-der-handwerkskammer-luebeck.de\/index.php\/wp-json\/wp\/v2\/pages\/7675","targetHints":{"allow":["GET"]}}],"collection":[{"href":"https:\/\/berufsschule-der-handwerkskammer-luebeck.de\/index.php\/wp-json\/wp\/v2\/pages"}],"about":[{"href":"https:\/\/berufsschule-der-handwerkskammer-luebeck.de\/index.php\/wp-json\/wp\/v2\/types\/page"}],"author":[{"embeddable":true,"href":"https:\/\/berufsschule-der-handwerkskammer-luebeck.de\/index.php\/wp-json\/wp\/v2\/users\/5"}],"replies":[{"embeddable":true,"href":"https:\/\/berufsschule-der-handwerkskammer-luebeck.de\/index.php\/wp-json\/wp\/v2\/comments?post=7675"}],"version-history":[{"count":2,"href":"https:\/\/berufsschule-der-handwerkskammer-luebeck.de\/index.php\/wp-json\/wp\/v2\/pages\/7675\/revisions"}],"predecessor-version":[{"id":8502,"href":"https:\/\/berufsschule-der-handwerkskammer-luebeck.de\/index.php\/wp-json\/wp\/v2\/pages\/7675\/revisions\/8502"}],"wp:attachment":[{"href":"https:\/\/berufsschule-der-handwerkskammer-luebeck.de\/index.php\/wp-json\/wp\/v2\/media?parent=7675"}],"curies":[{"name":"wp","href":"https:\/\/api.w.org\/{rel}","templated":true}]}}