{"id":74,"date":"2016-04-18T16:13:06","date_gmt":"2016-04-18T14:13:06","guid":{"rendered":"https:\/\/berufsschule-der-handwerkskammer-luebeck.de\/?page_id=74"},"modified":"2025-10-15T13:42:43","modified_gmt":"2025-10-15T11:42:43","slug":"leitsaetze-unseres-schulprogramms","status":"publish","type":"page","link":"https:\/\/berufsschule-der-handwerkskammer-luebeck.de\/index.php\/leitsaetze-unseres-schulprogramms\/","title":{"rendered":"Schulordnung, Schulprogramm und Leitbild"},"content":{"rendered":"<p>[et_pb_section fb_built=&#8220;1&#8243; admin_label=&#8220;section&#8220; _builder_version=&#8220;4.16&#8243; global_colors_info=&#8220;{}&#8220;][et_pb_row admin_label=&#8220;row&#8220; _builder_version=&#8220;4.16&#8243; background_size=&#8220;initial&#8220; background_position=&#8220;top_left&#8220; background_repeat=&#8220;repeat&#8220; global_colors_info=&#8220;{}&#8220;][et_pb_column type=&#8220;4_4&#8243; _builder_version=&#8220;4.16&#8243; custom_padding=&#8220;|||&#8220; global_colors_info=&#8220;{}&#8220; custom_padding__hover=&#8220;|||&#8220;][et_pb_slider show_arrows=&#8220;off&#8220; show_pagination=&#8220;off&#8220; _builder_version=&#8220;4.16&#8243; custom_padding=&#8220;|||&#8220; custom_padding_tablet=&#8220;|||&#8220; custom_padding_phone=&#8220;|||&#8220; box_shadow_style=&#8220;preset6&#8243; box_shadow_blur=&#8220;10px&#8220; box_shadow_color=&#8220;rgba(0,0,0,0.1)&#8220; remove_inner_shadow=&#8220;off&#8220; hide_content_on_mobile=&#8220;off&#8220; hide_cta_on_mobile=&#8220;off&#8220; show_inner_shadow=&#8220;on&#8220; button_letter_spacing_hover=&#8220;0&#8243; global_colors_info=&#8220;{}&#8220; button_text_size__hover_enabled=&#8220;off&#8220; button_one_text_size__hover_enabled=&#8220;off&#8220; button_two_text_size__hover_enabled=&#8220;off&#8220; button_text_color__hover_enabled=&#8220;off&#8220; button_one_text_color__hover_enabled=&#8220;off&#8220; button_two_text_color__hover_enabled=&#8220;off&#8220; button_border_width__hover_enabled=&#8220;off&#8220; button_one_border_width__hover_enabled=&#8220;off&#8220; button_two_border_width__hover_enabled=&#8220;off&#8220; button_border_color__hover_enabled=&#8220;off&#8220; button_one_border_color__hover_enabled=&#8220;off&#8220; button_two_border_color__hover_enabled=&#8220;off&#8220; button_border_radius__hover_enabled=&#8220;off&#8220; button_one_border_radius__hover_enabled=&#8220;off&#8220; button_two_border_radius__hover_enabled=&#8220;off&#8220; button_letter_spacing__hover_enabled=&#8220;on&#8220; button_letter_spacing__hover=&#8220;0&#8243; button_one_letter_spacing__hover_enabled=&#8220;off&#8220; button_two_letter_spacing__hover_enabled=&#8220;off&#8220; button_bg_color__hover_enabled=&#8220;off&#8220; button_one_bg_color__hover_enabled=&#8220;off&#8220; button_two_bg_color__hover_enabled=&#8220;off&#8220;][et_pb_slide use_bg_overlay=&#8220;off&#8220; use_text_overlay=&#8220;off&#8220; _builder_version=&#8220;4.16&#8243; header_font=&#8220;||||&#8220; body_font=&#8220;||||&#8220; background_color=&#8220;#ffffff&#8220; background_image=&#8220;https:\/\/berufsschule-der-handwerkskammer-luebeck.de\/wp-content\/uploads\/slider-mit-drohnenbild.jpg&#8220; background_size=&#8220;initial&#8220; button_icon_placement=&#8220;right&#8220; button_on_hover=&#8220;on&#8220; global_colors_info=&#8220;{}&#8220; button_text_size__hover_enabled=&#8220;off&#8220; button_one_text_size__hover_enabled=&#8220;off&#8220; button_two_text_size__hover_enabled=&#8220;off&#8220; button_text_color__hover_enabled=&#8220;off&#8220; button_one_text_color__hover_enabled=&#8220;off&#8220; button_two_text_color__hover_enabled=&#8220;off&#8220; button_border_width__hover_enabled=&#8220;off&#8220; button_one_border_width__hover_enabled=&#8220;off&#8220; button_two_border_width__hover_enabled=&#8220;off&#8220; button_border_color__hover_enabled=&#8220;off&#8220; button_one_border_color__hover_enabled=&#8220;off&#8220; button_two_border_color__hover_enabled=&#8220;off&#8220; button_border_radius__hover_enabled=&#8220;off&#8220; button_one_border_radius__hover_enabled=&#8220;off&#8220; button_two_border_radius__hover_enabled=&#8220;off&#8220; button_letter_spacing__hover_enabled=&#8220;off&#8220; button_one_letter_spacing__hover_enabled=&#8220;off&#8220; button_two_letter_spacing__hover_enabled=&#8220;off&#8220; button_bg_color__hover_enabled=&#8220;off&#8220; button_one_bg_color__hover_enabled=&#8220;off&#8220; button_two_bg_color__hover_enabled=&#8220;off&#8220; sticky_transition=&#8220;on&#8220;][\/et_pb_slide][\/et_pb_slider][et_pb_text _builder_version=&#8220;4.27.4&#8243; background_size=&#8220;initial&#8220; background_position=&#8220;top_left&#8220; background_repeat=&#8220;repeat&#8220; hover_enabled=&#8220;0&#8243; z_index_tablet=&#8220;500&#8243; text_text_shadow_horizontal_length_tablet=&#8220;0px&#8220; text_text_shadow_vertical_length_tablet=&#8220;0px&#8220; text_text_shadow_blur_strength_tablet=&#8220;1px&#8220; link_text_shadow_horizontal_length_tablet=&#8220;0px&#8220; link_text_shadow_vertical_length_tablet=&#8220;0px&#8220; link_text_shadow_blur_strength_tablet=&#8220;1px&#8220; ul_text_shadow_horizontal_length_tablet=&#8220;0px&#8220; ul_text_shadow_vertical_length_tablet=&#8220;0px&#8220; ul_text_shadow_blur_strength_tablet=&#8220;1px&#8220; ol_text_shadow_horizontal_length_tablet=&#8220;0px&#8220; ol_text_shadow_vertical_length_tablet=&#8220;0px&#8220; ol_text_shadow_blur_strength_tablet=&#8220;1px&#8220; quote_text_shadow_horizontal_length_tablet=&#8220;0px&#8220; quote_text_shadow_vertical_length_tablet=&#8220;0px&#8220; quote_text_shadow_blur_strength_tablet=&#8220;1px&#8220; header_text_shadow_horizontal_length_tablet=&#8220;0px&#8220; header_text_shadow_vertical_length_tablet=&#8220;0px&#8220; header_text_shadow_blur_strength_tablet=&#8220;1px&#8220; header_2_text_shadow_horizontal_length_tablet=&#8220;0px&#8220; header_2_text_shadow_vertical_length_tablet=&#8220;0px&#8220; header_2_text_shadow_blur_strength_tablet=&#8220;1px&#8220; header_3_text_shadow_horizontal_length_tablet=&#8220;0px&#8220; header_3_text_shadow_vertical_length_tablet=&#8220;0px&#8220; header_3_text_shadow_blur_strength_tablet=&#8220;1px&#8220; header_4_text_shadow_horizontal_length_tablet=&#8220;0px&#8220; header_4_text_shadow_vertical_length_tablet=&#8220;0px&#8220; header_4_text_shadow_blur_strength_tablet=&#8220;1px&#8220; header_5_text_shadow_horizontal_length_tablet=&#8220;0px&#8220; header_5_text_shadow_vertical_length_tablet=&#8220;0px&#8220; header_5_text_shadow_blur_strength_tablet=&#8220;1px&#8220; header_6_text_shadow_horizontal_length_tablet=&#8220;0px&#8220; header_6_text_shadow_vertical_length_tablet=&#8220;0px&#8220; header_6_text_shadow_blur_strength_tablet=&#8220;1px&#8220; box_shadow_horizontal_tablet=&#8220;0px&#8220; box_shadow_vertical_tablet=&#8220;0px&#8220; box_shadow_blur_tablet=&#8220;40px&#8220; box_shadow_spread_tablet=&#8220;0px&#8220; use_border_color=&#8220;off&#8220; border_color=&#8220;#ffffff&#8220; border_style=&#8220;solid&#8220; global_colors_info=&#8220;{}&#8220; sticky_enabled=&#8220;0&#8243;]<\/p>\n<p><strong><a title=\"Schulordnung\" href=\"https:\/\/berufsschule-der-handwerkskammer-luebeck.de\/wp-content\/uploads\/Schulordnung-BS-HWK-HL-AZAV_2025_2.pdf\" target=\"_blank\" rel=\"noopener noreferrer\">Hier der Link als .pdf zur Schulordnung der Berufsschule der HWK L\u00fcbeck<\/a><\/strong><\/p>\n<p><a title=\"Schulprogramm\" href=\"https:\/\/berufsschule-der-handwerkskammer-luebeck.de\/wp-content\/uploads\/Schulprogramm-20231-1.pdf\" target=\"_blank\" rel=\"noopener noreferrer\"><strong>Hier der Link als .pdf zum Schulprogramm der Berufsschule der HWK L\u00fcbeck<\/strong><\/a><\/p>\n<p><a href=\"https:\/\/berufsschule-der-handwerkskammer-luebeck.de\/wp-content\/uploads\/Ausbildungskonzept_10_2025_2.pdf\"><strong>Hier der Link als .pdf zum Ausbildungskonzept f\u00fcr angehende Lehrkr\u00e4fte an der Berufsschule der HWK L\u00fcbeck<\/strong><\/a><\/p>\n<h5>\u00a0<\/h5>\n<h5><strong>Das Leitbild unserer Schule lautet: <\/strong><strong>Wir bilden eine Verantwortungsgemeinschaft, in der wir Schule gestalten und Qualit\u00e4tskultur leben.<\/strong><\/h5>\n<h5>\u00a0<\/h5>\n<p><strong>Vision: Wir bilden eine Verantwortungsgemeinschaft<\/strong><\/p>\n<p>Leits\u00e4tze (Kurzform):<\/p>\n<ul>\n<li>Wir streben in unserem ta\u0308glichen Umgang im Schulleben nach <strong>Toleranz, demokratischen Werten, Inklusion, gegenseitigem Respekt<\/strong> und <strong>Solidarita\u0308t<\/strong>.<\/li>\n<li>Wir wollen an unserer Schule das Lehren, Lernen und Gestalten in <strong>arbeitsfa\u0308higen Gruppen<\/strong> intensiv fo\u0308rdern.<\/li>\n<li>Wir verstehen unsere <strong>Schule als Partner im Ausbildungssystem<\/strong> und pflegen deshalb die Kommunikation mit allen Beteiligten.<\/li>\n<li>Wir wollen unsere Schu\u0308lerschaft auf ein <strong>Leben und Arbeiten<\/strong> unter den Bedingungen der <strong>Digitalisierung<\/strong> und des <strong>europa\u0308ischen und weltweiten Zusammenwachsens <\/strong>vorbereiten.<\/li>\n<\/ul>\n<p><strong>Mission: Wir gestalten Schule und leben Qualit\u00e4tskultur<\/strong><\/p>\n<p>Leits\u00e4tze (Kurzform):<\/p>\n<ul>\n<li>Wir intensivieren unsere Arbeit zur Sicherung und Verbesserung der <strong>fachlichen und pa\u0308dagogischen Qualita\u0308t <\/strong>des Unterrichts.<\/li>\n<li>Wir versta\u0308rken unsere Bemu\u0308hungen zur Vermittlung von<strong> Handlungskompetenz<\/strong>.<\/li>\n<li>Wir sind eine Schulgemeinschaft mit einem hohen Anspruch an die <strong>Ausstattung der R\u00e4ume<\/strong>.<\/li>\n<li>Wir entwickeln unsere Schule zu einem <strong>Lernumfeld<\/strong>, mit dem sich Schu\u0308lerschaft sowie Lehrkra\u0308fte identifizieren, indem und weil sie es <strong>gemeinsam gestalten<\/strong>.<\/li>\n<\/ul>\n<p>[\/et_pb_text][\/et_pb_column][\/et_pb_row][\/et_pb_section]<\/p>\n","protected":false},"excerpt":{"rendered":"<p>Hier der Link als .pdf zur Schulordnung der Berufsschule der HWK L\u00fcbeck Hier der Link als .pdf zum Schulprogramm der Berufsschule der HWK L\u00fcbeck Hier der Link als .pdf zum Ausbildungskonzept f\u00fcr angehende Lehrkr\u00e4fte an der Berufsschule der HWK L\u00fcbeck \u00a0 Das Leitbild unserer Schule lautet: Wir bilden eine Verantwortungsgemeinschaft, in der wir Schule gestalten [&hellip;]<\/p>\n","protected":false},"author":1,"featured_media":0,"parent":0,"menu_order":0,"comment_status":"closed","ping_status":"closed","template":"","meta":{"_et_pb_use_builder":"on","_et_pb_old_content":"","_et_gb_content_width":"","footnotes":""},"class_list":["post-74","page","type-page","status-publish","hentry"],"_links":{"self":[{"href":"https:\/\/berufsschule-der-handwerkskammer-luebeck.de\/index.php\/wp-json\/wp\/v2\/pages\/74","targetHints":{"allow":["GET"]}}],"collection":[{"href":"https:\/\/berufsschule-der-handwerkskammer-luebeck.de\/index.php\/wp-json\/wp\/v2\/pages"}],"about":[{"href":"https:\/\/berufsschule-der-handwerkskammer-luebeck.de\/index.php\/wp-json\/wp\/v2\/types\/page"}],"author":[{"embeddable":true,"href":"https:\/\/berufsschule-der-handwerkskammer-luebeck.de\/index.php\/wp-json\/wp\/v2\/users\/1"}],"replies":[{"embeddable":true,"href":"https:\/\/berufsschule-der-handwerkskammer-luebeck.de\/index.php\/wp-json\/wp\/v2\/comments?post=74"}],"version-history":[{"count":4,"href":"https:\/\/berufsschule-der-handwerkskammer-luebeck.de\/index.php\/wp-json\/wp\/v2\/pages\/74\/revisions"}],"predecessor-version":[{"id":8315,"href":"https:\/\/berufsschule-der-handwerkskammer-luebeck.de\/index.php\/wp-json\/wp\/v2\/pages\/74\/revisions\/8315"}],"wp:attachment":[{"href":"https:\/\/berufsschule-der-handwerkskammer-luebeck.de\/index.php\/wp-json\/wp\/v2\/media?parent=74"}],"curies":[{"name":"wp","href":"https:\/\/api.w.org\/{rel}","templated":true}]}}