{"id":5537,"date":"2020-09-02T14:39:00","date_gmt":"2020-09-02T12:39:00","guid":{"rendered":"https:\/\/berufsschule-der-handwerkskammer-luebeck.de\/?page_id=5537"},"modified":"2025-03-06T12:31:28","modified_gmt":"2025-03-06T11:31:28","slug":"urkunden-zertifikate","status":"publish","type":"page","link":"https:\/\/berufsschule-der-handwerkskammer-luebeck.de\/index.php\/urkunden-zertifikate\/","title":{"rendered":"Urkunden, Zertifikate und Preise"},"content":{"rendered":"<p>[et_pb_section fb_built=&#8220;1&#8243; _builder_version=&#8220;4.16&#8243; global_colors_info=&#8220;{}&#8220;][et_pb_row _builder_version=&#8220;4.16&#8243; _module_preset=&#8220;default&#8220; global_colors_info=&#8220;{}&#8220;][et_pb_column type=&#8220;4_4&#8243; _builder_version=&#8220;4.16&#8243; _module_preset=&#8220;default&#8220; global_colors_info=&#8220;{}&#8220;][et_pb_text _builder_version=&#8220;4.16&#8243; _module_preset=&#8220;default&#8220; global_colors_info=&#8220;{}&#8220;]<\/p>\n<hr \/>\n<h2 style=\"text-align: center;\">Urkunden<\/h2>\n<hr \/>\n<p>&nbsp;<\/p>\n<p>[\/et_pb_text][et_pb_gallery gallery_ids=&#8220;8093,7881,7883,7884,7699,5569,5570,5566&#8243; orientation=&#8220;portrait&#8220; show_title_and_caption=&#8220;off&#8220; _builder_version=&#8220;4.24.0&#8243; _module_preset=&#8220;default&#8220; hover_enabled=&#8220;0&#8243; global_colors_info=&#8220;{}&#8220; sticky_enabled=&#8220;0&#8243;][\/et_pb_gallery][\/et_pb_column][\/et_pb_row][et_pb_row _builder_version=&#8220;4.16&#8243; background_size=&#8220;initial&#8220; background_position=&#8220;top_left&#8220; background_repeat=&#8220;repeat&#8220; global_colors_info=&#8220;{}&#8220;][et_pb_column type=&#8220;4_4&#8243; _builder_version=&#8220;4.16&#8243; custom_padding=&#8220;|||&#8220; global_colors_info=&#8220;{}&#8220; custom_padding__hover=&#8220;|||&#8220;][et_pb_text _builder_version=&#8220;4.16&#8243; _module_preset=&#8220;default&#8220; global_colors_info=&#8220;{}&#8220;]<\/p>\n<hr \/>\n<h2 style=\"text-align: center;\">Zertifikate<\/h2>\n<hr \/>\n<p>Die\u00a0\u00a0<strong>CERTQUA<\/strong>, Gesellschaft der Deutschen Wirtschaft zur F\u00f6rderung und Zertifizierung von Qualit\u00e4tssicherungssystemen in der Beruflichen Bildung mbh best\u00e4tigte der Berufsschule der Handwerkskammer L\u00fcbeck, dass den Anforderungen der\u00a0 <strong>Akkreditierungs- und Zulassungsverordnung Arbeitsf\u00f6rderung (AZAV)<\/strong> nachgekommen wurde. Dem entsprechend wurde die\u00a0 Berufsschule der Handwerkskammer L\u00fcbeck gem\u00e4\u00df \u00a7178 SGB lll als <strong>Tr\u00e4ger nach dem Recht der Arbeitsf\u00f6rderung\u00a0<\/strong>\u00a0bis\u00a0\u00a0<strong>03.04.2023\u00a0<\/strong>\u00a0zugelassen.<\/p>\n<p>[\/et_pb_text][et_pb_gallery gallery_ids=&#8220;5603,5604,5567,7263,5571&#8243; orientation=&#8220;portrait&#8220; show_title_and_caption=&#8220;off&#8220; _builder_version=&#8220;4.16&#8243; _module_preset=&#8220;default&#8220; global_colors_info=&#8220;{}&#8220;][\/et_pb_gallery][\/et_pb_column][\/et_pb_row][et_pb_row _builder_version=&#8220;4.16&#8243; background_size=&#8220;initial&#8220; background_position=&#8220;top_left&#8220; background_repeat=&#8220;repeat&#8220; global_colors_info=&#8220;{}&#8220;][et_pb_column type=&#8220;4_4&#8243; _builder_version=&#8220;4.16&#8243; custom_padding=&#8220;|||&#8220; global_colors_info=&#8220;{}&#8220; custom_padding__hover=&#8220;|||&#8220;][et_pb_text _builder_version=&#8220;4.16&#8243; _module_preset=&#8220;default&#8220; global_colors_info=&#8220;{}&#8220;]<\/p>\n<hr \/>\n<h2 style=\"text-align: center;\">Preise<\/h2>\n<hr \/>\n<p>&nbsp;<\/p>\n<p>[\/et_pb_text][et_pb_gallery gallery_ids=&#8220;7882,6542,5573,5568&#8243; orientation=&#8220;portrait&#8220; show_title_and_caption=&#8220;off&#8220; _builder_version=&#8220;4.24.0&#8243; _module_preset=&#8220;default&#8220; global_colors_info=&#8220;{}&#8220;][\/et_pb_gallery][\/et_pb_column][\/et_pb_row][\/et_pb_section]<\/p>\n","protected":false},"excerpt":{"rendered":"<p>Urkunden &nbsp; Zertifikate Die\u00a0\u00a0CERTQUA, Gesellschaft der Deutschen Wirtschaft zur F\u00f6rderung und Zertifizierung von Qualit\u00e4tssicherungssystemen in der Beruflichen Bildung mbh best\u00e4tigte der Berufsschule der Handwerkskammer L\u00fcbeck, dass den Anforderungen der\u00a0 Akkreditierungs- und Zulassungsverordnung Arbeitsf\u00f6rderung (AZAV) nachgekommen wurde. Dem entsprechend wurde die\u00a0 Berufsschule der Handwerkskammer L\u00fcbeck gem\u00e4\u00df \u00a7178 SGB lll als Tr\u00e4ger nach dem Recht der Arbeitsf\u00f6rderung\u00a0\u00a0bis\u00a0\u00a003.04.2023\u00a0\u00a0zugelassen. [&hellip;]<\/p>\n","protected":false},"author":5,"featured_media":0,"parent":0,"menu_order":0,"comment_status":"closed","ping_status":"closed","template":"","meta":{"_et_pb_use_builder":"on","_et_pb_old_content":"[ngg src=\"galleries\" ids=\"1\" display=\"basic_imagebrowser\"]","_et_gb_content_width":"","footnotes":""},"class_list":["post-5537","page","type-page","status-publish","hentry"],"_links":{"self":[{"href":"https:\/\/berufsschule-der-handwerkskammer-luebeck.de\/index.php\/wp-json\/wp\/v2\/pages\/5537","targetHints":{"allow":["GET"]}}],"collection":[{"href":"https:\/\/berufsschule-der-handwerkskammer-luebeck.de\/index.php\/wp-json\/wp\/v2\/pages"}],"about":[{"href":"https:\/\/berufsschule-der-handwerkskammer-luebeck.de\/index.php\/wp-json\/wp\/v2\/types\/page"}],"author":[{"embeddable":true,"href":"https:\/\/berufsschule-der-handwerkskammer-luebeck.de\/index.php\/wp-json\/wp\/v2\/users\/5"}],"replies":[{"embeddable":true,"href":"https:\/\/berufsschule-der-handwerkskammer-luebeck.de\/index.php\/wp-json\/wp\/v2\/comments?post=5537"}],"version-history":[{"count":0,"href":"https:\/\/berufsschule-der-handwerkskammer-luebeck.de\/index.php\/wp-json\/wp\/v2\/pages\/5537\/revisions"}],"wp:attachment":[{"href":"https:\/\/berufsschule-der-handwerkskammer-luebeck.de\/index.php\/wp-json\/wp\/v2\/media?parent=5537"}],"curies":[{"name":"wp","href":"https:\/\/api.w.org\/{rel}","templated":true}]}}