{"id":380,"date":"2016-05-24T14:10:36","date_gmt":"2016-05-24T12:10:36","guid":{"rendered":"https:\/\/berufsschule-der-handwerkskammer-luebeck.de\/?page_id=380"},"modified":"2025-09-03T20:34:52","modified_gmt":"2025-09-03T18:34:52","slug":"unterricht-kfz-mechatroniker","status":"publish","type":"page","link":"https:\/\/berufsschule-der-handwerkskammer-luebeck.de\/index.php\/kfz-mechatronikerin\/unterricht-kfz-mechatroniker\/","title":{"rendered":"Unterricht Kfz-Mechatroniker"},"content":{"rendered":"<p>[et_pb_section fb_built=&#8220;1&#8243; admin_label=&#8220;section&#8220; _builder_version=&#8220;4.16&#8243; global_colors_info=&#8220;{}&#8220;][et_pb_row admin_label=&#8220;row&#8220; _builder_version=&#8220;4.16&#8243; background_size=&#8220;initial&#8220; background_position=&#8220;top_left&#8220; background_repeat=&#8220;repeat&#8220; global_colors_info=&#8220;{}&#8220;][et_pb_column type=&#8220;4_4&#8243; _builder_version=&#8220;4.16&#8243; custom_padding=&#8220;|||&#8220; global_colors_info=&#8220;{}&#8220; custom_padding__hover=&#8220;|||&#8220;][et_pb_text _builder_version=&#8220;4.27.4&#8243; background_size=&#8220;initial&#8220; background_position=&#8220;top_left&#8220; background_repeat=&#8220;repeat&#8220; hover_enabled=&#8220;0&#8243; z_index_tablet=&#8220;500&#8243; text_text_shadow_horizontal_length_tablet=&#8220;0px&#8220; text_text_shadow_vertical_length_tablet=&#8220;0px&#8220; text_text_shadow_blur_strength_tablet=&#8220;1px&#8220; link_text_shadow_horizontal_length_tablet=&#8220;0px&#8220; link_text_shadow_vertical_length_tablet=&#8220;0px&#8220; link_text_shadow_blur_strength_tablet=&#8220;1px&#8220; ul_text_shadow_horizontal_length_tablet=&#8220;0px&#8220; ul_text_shadow_vertical_length_tablet=&#8220;0px&#8220; ul_text_shadow_blur_strength_tablet=&#8220;1px&#8220; ol_text_shadow_horizontal_length_tablet=&#8220;0px&#8220; ol_text_shadow_vertical_length_tablet=&#8220;0px&#8220; ol_text_shadow_blur_strength_tablet=&#8220;1px&#8220; quote_text_shadow_horizontal_length_tablet=&#8220;0px&#8220; quote_text_shadow_vertical_length_tablet=&#8220;0px&#8220; quote_text_shadow_blur_strength_tablet=&#8220;1px&#8220; header_text_shadow_horizontal_length_tablet=&#8220;0px&#8220; header_text_shadow_vertical_length_tablet=&#8220;0px&#8220; header_text_shadow_blur_strength_tablet=&#8220;1px&#8220; header_2_text_shadow_horizontal_length_tablet=&#8220;0px&#8220; header_2_text_shadow_vertical_length_tablet=&#8220;0px&#8220; header_2_text_shadow_blur_strength_tablet=&#8220;1px&#8220; header_3_text_shadow_horizontal_length_tablet=&#8220;0px&#8220; header_3_text_shadow_vertical_length_tablet=&#8220;0px&#8220; header_3_text_shadow_blur_strength_tablet=&#8220;1px&#8220; header_4_text_shadow_horizontal_length_tablet=&#8220;0px&#8220; header_4_text_shadow_vertical_length_tablet=&#8220;0px&#8220; header_4_text_shadow_blur_strength_tablet=&#8220;1px&#8220; header_5_text_shadow_horizontal_length_tablet=&#8220;0px&#8220; header_5_text_shadow_vertical_length_tablet=&#8220;0px&#8220; header_5_text_shadow_blur_strength_tablet=&#8220;1px&#8220; header_6_text_shadow_horizontal_length_tablet=&#8220;0px&#8220; header_6_text_shadow_vertical_length_tablet=&#8220;0px&#8220; header_6_text_shadow_blur_strength_tablet=&#8220;1px&#8220; box_shadow_horizontal_tablet=&#8220;0px&#8220; box_shadow_vertical_tablet=&#8220;0px&#8220; box_shadow_blur_tablet=&#8220;40px&#8220; box_shadow_spread_tablet=&#8220;0px&#8220; use_border_color=&#8220;off&#8220; global_colors_info=&#8220;{}&#8220; sticky_enabled=&#8220;0&#8243;]<\/p>\n<h4><strong><u>Digitale Sch\u00fcler-Leihger\u00e4te<\/u><\/strong><\/h4>\n<p>In besonderen H\u00e4rtef\u00e4llen und nach entsprechender Pr\u00fcfung kann die Berufsschule Sch\u00fclerinnen und Sch\u00fclern f\u00fcr den Unterricht und das Distanzlernen ein digitales Endger\u00e4t (Laptop) leihweise zur Verf\u00fcgung stellen.<\/p>\n<p>Bei Bedarf nehmen Sie bitte Kontakt mit Ihrer Klassenlehrkraft auf.<\/p>\n<p style=\"text-align: center;\"><a href='https:\/\/bs-hwk-hl.de\/' class='big-button bigblue' target=\"_blank\"><\/a> <span style=\"color: #3366ff;\"><strong>Hier geht es zur Lernplattform IServ<\/strong><\/span><\/p>\n<p>&nbsp;<\/p>\n<p>&nbsp;<\/p>\n<p>[\/et_pb_text][et_pb_image src=&#8220;https:\/\/berufsschule-der-handwerkskammer-luebeck.de\/wp-content\/uploads\/Stoffverteilungsplan-Kfz-2024-Homepage-Version.jpg&#8220; title_text=&#8220;Stoffverteilungsplan Kfz (2024) Homepage-Version&#8220; force_fullwidth=&#8220;on&#8220; _builder_version=&#8220;4.27.4&#8243; _module_preset=&#8220;default&#8220; global_colors_info=&#8220;{}&#8220;][\/et_pb_image][et_pb_text _builder_version=&#8220;4.16&#8243; background_size=&#8220;initial&#8220; background_position=&#8220;top_left&#8220; background_repeat=&#8220;repeat&#8220; use_border_color=&#8220;off&#8220; border_color=&#8220;#ffffff&#8220; border_style=&#8220;solid&#8220; global_colors_info=&#8220;{}&#8220;]<\/p>\n<h3><strong>Legende\u00a0zu den \u00dcberbetrieblichen Lehrg\u00e4ngen<\/strong><\/h3>\n\n<table id=\"tablepress-18\" class=\"tablepress tablepress-id-18\">\n<thead>\n<tr class=\"row-1\">\n\t<th class=\"column-1\"><strong>Kurse<\/strong><\/th><th class=\"column-2\"><strong>Titel<\/strong><\/th><th class=\"column-3\"><strong><center>Wochen<\/strong><\/th>\n<\/tr>\n<\/thead>\n<tbody class=\"row-striping row-hover\">\n<tr class=\"row-2\">\n\t<td class=\"column-1\"><a href=\"https:\/\/www.hpi-hannover.de\/dateien\/unterweisungsplaene\/G-K1-15.pdf\" target=\"_blank\">G-K1\/15<\/a><\/td><td class=\"column-2\">Reparaturtechnik 1 - Kfz-Elektrik\u00a0<\/td><td class=\"column-3\"><center>1<\/td>\n<\/tr>\n<tr class=\"row-3\">\n\t<td class=\"column-1\"><a href=\"https:\/\/www.hpi-hannover.de\/dateien\/unterweisungsplaene\/G-K2-15.pdf\" target=\"_blank\">G-K2\/15<\/a><\/td><td class=\"column-2\">Reparaturtechnik 2 - Kfz-Mechatronik\u00a0<\/td><td class=\"column-3\"><center>1<\/td>\n<\/tr>\n<tr class=\"row-4\">\n\t<td class=\"column-1\"><a href=\"https:\/\/www.hpi-hannover.de\/dateien\/unterweisungsplaene\/G-K3-15.pdf\" target=\"_blank\">G-K3\/15<\/a><\/td><td class=\"column-2\">Reparaturtechnik 3 - Service und Wartung an Fahrzeugen\u00a0<\/td><td class=\"column-3\"><center>1<\/td>\n<\/tr>\n<tr class=\"row-5\">\n\t<td class=\"column-1\"><a href=\"https:\/\/www.hpi-hannover.de\/dateien\/unterweisungsplaene\/G-K4-15.pdf\" target=\"_blank\">G-K4\/15<\/a><\/td><td class=\"column-2\">Reparaturtechnik 4 - Kfz-Instandsetzung\u00a0<\/td><td class=\"column-3\"><center>1<\/td>\n<\/tr>\n<tr class=\"row-6\">\n\t<td class=\"column-1\"><a href=\"https:\/\/www.hpi-hannover.de\/dateien\/unterweisungsplaene\/K1-15.pdf\" target=\"_blank\">K1\/15\u00a0<\/a><\/td><td class=\"column-2\">Diagnosetechnik 1 - Elektrische Fahrzeugsysteme\u00a0<\/td><td class=\"column-3\"><center>1<\/td>\n<\/tr>\n<tr class=\"row-7\">\n\t<td class=\"column-1\"><a href=\"https:\/\/www.hpi-hannover.de\/dateien\/unterweisungsplaene\/K2-15.pdf\" target=\"_blank\">K2\/15\u00a0<\/a><\/td><td class=\"column-2\">Diagnosetechnik 2 - Motormanagement\u00a0<\/td><td class=\"column-3\"><center>1<\/td>\n<\/tr>\n<tr class=\"row-8\">\n\t<td class=\"column-1\"><a href=\"https:\/\/www.hpi-hannover.de\/dateien\/unterweisungsplaene\/K3-15.pdf\" target=\"_blank\">K3\/15\u00a0<\/a><\/td><td class=\"column-2\">Diagnosetechnik 3 - Fahrwerk\/Bremse\u00a0<\/td><td class=\"column-3\"><center>1<\/td>\n<\/tr>\n<tr class=\"row-9\">\n\t<td class=\"column-1\"><a href=\"https:\/\/www.hpi-hannover.de\/dateien\/unterweisungsplaene\/K4-15.pdf\" target=\"_blank\">K4\/15\u00a0<\/a><\/td><td class=\"column-2\">Diagnosetechnik 4 - Hochvolttechnik\u00a0<\/td><td class=\"column-3\"><center>1<\/td>\n<\/tr>\n<tr class=\"row-10\">\n\t<td class=\"column-1\"><a href=\"https:\/\/www.hpi-hannover.de\/dateien\/unterweisungsplaene\/K5-15.pdf\" target=\"_blank\">K5\/15\u00a0<\/a><\/td><td class=\"column-2\">Diagnosetechnik 5 - Kfz-Daten\u00fcbertragung\u00a0<\/td><td class=\"column-3\"><center>1<\/td>\n<\/tr>\n<tr class=\"row-11\">\n\t<td class=\"column-1\"><a href=\"https:\/\/www.hpi-hannover.de\/dateien\/unterweisungsplaene\/K6-15.pdf\" target=\"_blank\">K6\/15<\/a><\/td><td class=\"column-2\">Diagnosetechnik 6 - Verkn\u00fcpfte Fahrzeugsysteme\u00a0<\/td><td class=\"column-3\"><center>1<\/td>\n<\/tr>\n<\/tbody>\n<tfoot>\n<tr class=\"row-12\">\n\t<td class=\"column-1\"><\/td><td class=\"column-2\"><\/td><th class=\"column-3\"><strong><center>\u01a9     10<\/strong><\/center><\/th>\n<\/tr>\n<\/tfoot>\n<\/table>\n<!-- #tablepress-18 from cache -->\n<p>[\/et_pb_text][\/et_pb_column][\/et_pb_row][\/et_pb_section]<\/p>\n","protected":false},"excerpt":{"rendered":"<p>Digitale Sch\u00fcler-Leihger\u00e4te In besonderen H\u00e4rtef\u00e4llen und nach entsprechender Pr\u00fcfung kann die Berufsschule Sch\u00fclerinnen und Sch\u00fclern f\u00fcr den Unterricht und das Distanzlernen ein digitales Endger\u00e4t (Laptop) leihweise zur Verf\u00fcgung stellen. Bei Bedarf nehmen Sie bitte Kontakt mit Ihrer Klassenlehrkraft auf. <a href='https:\/\/bs-hwk-hl.de\/' class='big-button bigblue' target=\"_blank\"><\/a> Hier geht es zur Lernplattform IServ &nbsp; &nbsp;Legende\u00a0zu den \u00dcberbetrieblichen Lehrg\u00e4ngen [table \u201c\u201d not found \/]<br \/>\n<\/p>\n","protected":false},"author":1,"featured_media":0,"parent":335,"menu_order":0,"comment_status":"closed","ping_status":"closed","template":"","meta":{"_et_pb_use_builder":"on","_et_pb_old_content":"","_et_gb_content_width":"","footnotes":""},"class_list":["post-380","page","type-page","status-publish","hentry"],"_links":{"self":[{"href":"https:\/\/berufsschule-der-handwerkskammer-luebeck.de\/index.php\/wp-json\/wp\/v2\/pages\/380","targetHints":{"allow":["GET"]}}],"collection":[{"href":"https:\/\/berufsschule-der-handwerkskammer-luebeck.de\/index.php\/wp-json\/wp\/v2\/pages"}],"about":[{"href":"https:\/\/berufsschule-der-handwerkskammer-luebeck.de\/index.php\/wp-json\/wp\/v2\/types\/page"}],"author":[{"embeddable":true,"href":"https:\/\/berufsschule-der-handwerkskammer-luebeck.de\/index.php\/wp-json\/wp\/v2\/users\/1"}],"replies":[{"embeddable":true,"href":"https:\/\/berufsschule-der-handwerkskammer-luebeck.de\/index.php\/wp-json\/wp\/v2\/comments?post=380"}],"version-history":[{"count":1,"href":"https:\/\/berufsschule-der-handwerkskammer-luebeck.de\/index.php\/wp-json\/wp\/v2\/pages\/380\/revisions"}],"predecessor-version":[{"id":8267,"href":"https:\/\/berufsschule-der-handwerkskammer-luebeck.de\/index.php\/wp-json\/wp\/v2\/pages\/380\/revisions\/8267"}],"up":[{"embeddable":true,"href":"https:\/\/berufsschule-der-handwerkskammer-luebeck.de\/index.php\/wp-json\/wp\/v2\/pages\/335"}],"wp:attachment":[{"href":"https:\/\/berufsschule-der-handwerkskammer-luebeck.de\/index.php\/wp-json\/wp\/v2\/media?parent=380"}],"curies":[{"name":"wp","href":"https:\/\/api.w.org\/{rel}","templated":true}]}}