{"id":335,"date":"2016-05-23T19:55:42","date_gmt":"2016-05-23T17:55:42","guid":{"rendered":"https:\/\/berufsschule-der-handwerkskammer-luebeck.de\/?page_id=335"},"modified":"2024-11-25T15:40:36","modified_gmt":"2024-11-25T14:40:36","slug":"kfz-mechatronikerin","status":"publish","type":"page","link":"https:\/\/berufsschule-der-handwerkskammer-luebeck.de\/index.php\/kfz-mechatronikerin\/","title":{"rendered":"LBS f\u00fcr KFZ-Mechatroniker, SP. System- und Hochvolttechnik"},"content":{"rendered":"<p>[et_pb_section fb_built=&#8220;1&#8243; admin_label=&#8220;section&#8220; _builder_version=&#8220;4.16&#8243; global_colors_info=&#8220;{}&#8220;][et_pb_row admin_label=&#8220;row&#8220; _builder_version=&#8220;4.16&#8243; background_size=&#8220;initial&#8220; background_position=&#8220;top_left&#8220; background_repeat=&#8220;repeat&#8220; global_colors_info=&#8220;{}&#8220;][et_pb_column type=&#8220;4_4&#8243; _builder_version=&#8220;4.16&#8243; custom_padding=&#8220;|||&#8220; global_colors_info=&#8220;{}&#8220; custom_padding__hover=&#8220;|||&#8220;][et_pb_text _builder_version=&#8220;4.16&#8243; background_size=&#8220;initial&#8220; background_position=&#8220;top_left&#8220; background_repeat=&#8220;repeat&#8220; text_orientation=&#8220;center&#8220; module_alignment=&#8220;center&#8220; hover_enabled=&#8220;0&#8243; use_border_color=&#8220;off&#8220; border_color=&#8220;#ffffff&#8220; border_style=&#8220;solid&#8220; global_colors_info=&#8220;{}&#8220; sticky_enabled=&#8220;0&#8243;]<\/p>\n<h2>Landesberufsschule f\u00fcr KFZ-Mechatroniker, SP. System- und Hochvolttechnik<\/h2>\n<p>[\/et_pb_text][et_pb_slider show_arrows=&#8220;off&#8220; show_pagination=&#8220;off&#8220; _builder_version=&#8220;4.16&#8243; custom_padding=&#8220;|||&#8220; custom_padding_tablet=&#8220;|||&#8220; custom_padding_phone=&#8220;|||&#8220; box_shadow_style=&#8220;preset6&#8243; box_shadow_blur=&#8220;10px&#8220; box_shadow_color=&#8220;rgba(0,0,0,0.1)&#8220; remove_inner_shadow=&#8220;off&#8220; hide_content_on_mobile=&#8220;off&#8220; hide_cta_on_mobile=&#8220;off&#8220; show_inner_shadow=&#8220;on&#8220; button_letter_spacing_hover=&#8220;0&#8243; global_colors_info=&#8220;{}&#8220; button_text_size__hover_enabled=&#8220;off&#8220; button_text_size__hover=&#8220;null&#8220; button_one_text_size__hover_enabled=&#8220;off&#8220; button_one_text_size__hover=&#8220;null&#8220; button_two_text_size__hover_enabled=&#8220;off&#8220; button_two_text_size__hover=&#8220;null&#8220; button_text_color__hover_enabled=&#8220;off&#8220; button_text_color__hover=&#8220;null&#8220; button_one_text_color__hover_enabled=&#8220;off&#8220; button_one_text_color__hover=&#8220;null&#8220; button_two_text_color__hover_enabled=&#8220;off&#8220; button_two_text_color__hover=&#8220;null&#8220; button_border_width__hover_enabled=&#8220;off&#8220; button_border_width__hover=&#8220;null&#8220; button_one_border_width__hover_enabled=&#8220;off&#8220; button_one_border_width__hover=&#8220;null&#8220; button_two_border_width__hover_enabled=&#8220;off&#8220; button_two_border_width__hover=&#8220;null&#8220; button_border_color__hover_enabled=&#8220;off&#8220; button_border_color__hover=&#8220;null&#8220; button_one_border_color__hover_enabled=&#8220;off&#8220; button_one_border_color__hover=&#8220;null&#8220; button_two_border_color__hover_enabled=&#8220;off&#8220; button_two_border_color__hover=&#8220;null&#8220; button_border_radius__hover_enabled=&#8220;off&#8220; button_border_radius__hover=&#8220;null&#8220; button_one_border_radius__hover_enabled=&#8220;off&#8220; button_one_border_radius__hover=&#8220;null&#8220; button_two_border_radius__hover_enabled=&#8220;off&#8220; button_two_border_radius__hover=&#8220;null&#8220; button_letter_spacing__hover_enabled=&#8220;on&#8220; button_letter_spacing__hover=&#8220;0&#8243; button_one_letter_spacing__hover_enabled=&#8220;off&#8220; button_one_letter_spacing__hover=&#8220;null&#8220; button_two_letter_spacing__hover_enabled=&#8220;off&#8220; button_two_letter_spacing__hover=&#8220;null&#8220; button_bg_color__hover_enabled=&#8220;off&#8220; button_bg_color__hover=&#8220;null&#8220; button_one_bg_color__hover_enabled=&#8220;off&#8220; button_one_bg_color__hover=&#8220;null&#8220; button_two_bg_color__hover_enabled=&#8220;off&#8220; button_two_bg_color__hover=&#8220;null&#8220;][et_pb_slide use_bg_overlay=&#8220;off&#8220; use_text_overlay=&#8220;off&#8220; _builder_version=&#8220;4.16&#8243; header_font=&#8220;||||&#8220; body_font=&#8220;||||&#8220; background_color=&#8220;#ffffff&#8220; background_image=&#8220;https:\/\/berufsschule-der-handwerkskammer-luebeck.de\/wp-content\/uploads\/2016\/05\/kfz-mechantronik.jpg&#8220; button_icon_placement=&#8220;right&#8220; button_on_hover=&#8220;on&#8220; global_colors_info=&#8220;{}&#8220; button_text_size__hover_enabled=&#8220;off&#8220; button_one_text_size__hover_enabled=&#8220;off&#8220; button_two_text_size__hover_enabled=&#8220;off&#8220; button_text_color__hover_enabled=&#8220;off&#8220; button_one_text_color__hover_enabled=&#8220;off&#8220; button_two_text_color__hover_enabled=&#8220;off&#8220; button_border_width__hover_enabled=&#8220;off&#8220; button_one_border_width__hover_enabled=&#8220;off&#8220; button_two_border_width__hover_enabled=&#8220;off&#8220; button_border_color__hover_enabled=&#8220;off&#8220; button_one_border_color__hover_enabled=&#8220;off&#8220; button_two_border_color__hover_enabled=&#8220;off&#8220; button_border_radius__hover_enabled=&#8220;off&#8220; button_one_border_radius__hover_enabled=&#8220;off&#8220; button_two_border_radius__hover_enabled=&#8220;off&#8220; button_letter_spacing__hover_enabled=&#8220;off&#8220; button_one_letter_spacing__hover_enabled=&#8220;off&#8220; button_two_letter_spacing__hover_enabled=&#8220;off&#8220; button_bg_color__hover_enabled=&#8220;off&#8220; button_one_bg_color__hover_enabled=&#8220;off&#8220; button_two_bg_color__hover_enabled=&#8220;off&#8220; sticky_transition=&#8220;on&#8220;] [\/et_pb_slide][\/et_pb_slider][et_pb_text _builder_version=&#8220;4.24.0&#8243; background_size=&#8220;initial&#8220; background_position=&#8220;top_left&#8220; background_repeat=&#8220;repeat&#8220; hover_enabled=&#8220;0&#8243; z_index_tablet=&#8220;500&#8243; text_text_shadow_horizontal_length_tablet=&#8220;0px&#8220; text_text_shadow_vertical_length_tablet=&#8220;0px&#8220; text_text_shadow_blur_strength_tablet=&#8220;1px&#8220; link_text_shadow_horizontal_length_tablet=&#8220;0px&#8220; link_text_shadow_vertical_length_tablet=&#8220;0px&#8220; link_text_shadow_blur_strength_tablet=&#8220;1px&#8220; ul_text_shadow_horizontal_length_tablet=&#8220;0px&#8220; ul_text_shadow_vertical_length_tablet=&#8220;0px&#8220; ul_text_shadow_blur_strength_tablet=&#8220;1px&#8220; ol_text_shadow_horizontal_length_tablet=&#8220;0px&#8220; ol_text_shadow_vertical_length_tablet=&#8220;0px&#8220; ol_text_shadow_blur_strength_tablet=&#8220;1px&#8220; quote_text_shadow_horizontal_length_tablet=&#8220;0px&#8220; quote_text_shadow_vertical_length_tablet=&#8220;0px&#8220; quote_text_shadow_blur_strength_tablet=&#8220;1px&#8220; header_text_shadow_horizontal_length_tablet=&#8220;0px&#8220; header_text_shadow_vertical_length_tablet=&#8220;0px&#8220; header_text_shadow_blur_strength_tablet=&#8220;1px&#8220; header_2_text_shadow_horizontal_length_tablet=&#8220;0px&#8220; header_2_text_shadow_vertical_length_tablet=&#8220;0px&#8220; header_2_text_shadow_blur_strength_tablet=&#8220;1px&#8220; header_3_text_shadow_horizontal_length_tablet=&#8220;0px&#8220; header_3_text_shadow_vertical_length_tablet=&#8220;0px&#8220; header_3_text_shadow_blur_strength_tablet=&#8220;1px&#8220; header_4_text_shadow_horizontal_length_tablet=&#8220;0px&#8220; header_4_text_shadow_vertical_length_tablet=&#8220;0px&#8220; header_4_text_shadow_blur_strength_tablet=&#8220;1px&#8220; header_5_text_shadow_horizontal_length_tablet=&#8220;0px&#8220; header_5_text_shadow_vertical_length_tablet=&#8220;0px&#8220; header_5_text_shadow_blur_strength_tablet=&#8220;1px&#8220; header_6_text_shadow_horizontal_length_tablet=&#8220;0px&#8220; header_6_text_shadow_vertical_length_tablet=&#8220;0px&#8220; header_6_text_shadow_blur_strength_tablet=&#8220;1px&#8220; box_shadow_horizontal_tablet=&#8220;0px&#8220; box_shadow_vertical_tablet=&#8220;0px&#8220; box_shadow_blur_tablet=&#8220;40px&#8220; box_shadow_spread_tablet=&#8220;0px&#8220; use_border_color=&#8220;off&#8220; global_colors_info=&#8220;{}&#8220; sticky_enabled=&#8220;0&#8243;]<\/p>\n<p><img loading=\"lazy\" decoding=\"async\" class=\"alignleft wp-image-1515\" src=\"https:\/\/berufsschule-der-handwerkskammer-luebeck.de\/wp-content\/uploads\/KFZ-Logo.png\" alt=\"kfz\" width=\"146\" height=\"74\" \/>Die 3 1\/2 &#8211; j\u00e4hrige Ausbildung zum Kraftfahrzeugmechatroniker mit dem Schwerpunkt System- und Hochvolttechnik findet ab August 2013 an unserer Landesberufsschule f\u00fcr Kfz-Mechatroniker, Schwerpunkt System- und Hochvolttechnik (ehemals Landesberufsschule f\u00fcr Kfz-Elektriker und Fahrzeugkommunikationstechnik) statt.<\/p>\n<p>Der Infoflyer der <a href=\"https:\/\/berufsschule-der-handwerkskammer-luebeck.de\/wp-content\/uploads\/Steckbrief-LBS_Priwall_11-2024-V1.pdf\" target=\"_blank\" rel=\"noopener noreferrer\">Landesberufsschule f\u00fcr Kraftfahrzeugmechatroniker Schwerpunkt System- und Hochvolttechnik<\/a> kann bei der Landesberufsschule f\u00fcr Kraftfahrzeugmechatroniker, Wiekstr. 5, 23570 L\u00fcbeck, angefordert \u00a0oder durch anklicken heruntergeladen werden.<\/p>\n<h2>Informationen<\/h2>\n<p>Der Stellenwert der System- und Hochvolttechnik in den Kraftfahrzeugen nimmt st\u00e4ndig zu:<\/p>\n<p>Elektrische, elektronische und vernetzte Systeme sind heute Standard in Kraftfahrzeugen. Zudem werden zunehmend auch Hochvoltsysteme in Hybrid- oder Elektrofahrzeugen verbaut.<br \/>F\u00fcr Messungen, Diagnose und Instandsetzung an diesen Systemen sind umfangreiche elektrotechnische Kenntnisse notwendig.<br \/>An unserer Landesberufsschule werden diese schwerpunktm\u00e4\u00dfig vermittelt.<\/p>\n<p><strong>Berufsschulunterricht und zeitgleich die \u00fcberbetrieblichen Lehrg\u00e4nge im modernen Ausbildungs- und Kompetenzzentrum L\u00fcbeck \u2013 Travem\u00fcnde:<\/strong><\/p>\n<p>Die r\u00e4umliche N\u00e4he unserer Landesberufsschule und der Berufsbildungsst\u00e4tte Travem\u00fcnde erm\u00f6glicht es, die \u00fcberbetrieblichen Lehrg\u00e4nge der Handwerkskammer L\u00fcbeck zeitgleich mit dem Berufsschulunterricht durchzuf\u00fchren. Somit arbeiten Berufsschullehrer und Ausbildungsmeister eng in einem Team zusammen.<\/p>\n<p><strong>L\u00e4ngere Anwesenheit des Auszubildenden in Ihrem Betrieb:<\/strong><\/p>\n<p>Verl\u00e4ngerung der Anwesenheit im Betrieb durch die zeitgleiche Durchf\u00fchrung der \u00fcberbetrieblichen Lehrg\u00e4nge und der Zwischen- und Gesellenpr\u00fcfung w\u00e4hrend der Unterrichtsbl\u00f6cke.<br \/>Au\u00dferdem bietet die Verteilung der Berufsschulzeit den gro\u00dfen Vorteil, dass der Auszubildende Ihrem Betrieb ab dem 3. Lehrjahr fast ausschlie\u00dflich zur Verf\u00fcgung steht (40% im 1. Lehrjahr, 30% im 2. Lehrjahr, 20% im 3. Lehrjahr und 10% im 4. Lehrjahr).<\/p>\n<p><strong>Es entstehen keine zus\u00e4tzlichen Kosten f\u00fcr Ihren Betrieb<\/strong><\/p>\n<p>Die m\u00f6glichen Internatskosten bestehen aus Verpflegung und Unterbringung. I.d.R. werden sie von den Auszubildenden selbst getragen.<\/p>\n<p><strong>Kein extra Kfz-Elektriker-Meister mehr in Ihrem Betrieb f\u00fcr die Ausbildung erforderlich,<\/strong><\/p>\n<p>da nach Neuordnung der Kfz-Berufe ein Meister in allen Schwerpunkten ausbilden kann.<br \/><strong>Auf Wunsch &#8211; Entlastung der Betriebe durch&#8230;<\/strong><\/p>\n<p><strong>&#8211; Mithilfe bei Einstellungen und Eignungstests<\/strong><\/p>\n<p>Zu Ihrer Entlastung bieten wir Ihrem Betrieb unsere Mithilfe bei der Einstellung von Auszubildenden an. So erkl\u00e4ren wir uns z.B. bereit, Einstellungstests in unserem Hause durchzuf\u00fchren oder Sie bei der Entwicklung eigener Tests zu beraten. Selbstverst\u00e4ndlich k\u00f6nnen wir in diesem Zusammenhang lediglich Empfehlungen aussprechen.<\/p>\n<p><strong>&#8211; Kontrolle der Ausbildungs- und Kenntnisnachweise<\/strong><\/p>\n<p>Auch hier bieten wir zu Ihrer Entlastung auf Wunsch eine Hilfestellung und Kontrolle der von den Auszubildenden zu f\u00fchrenden Nachweise au\u00dferhalb der regul\u00e4ren Schulzeit an.<\/p>\n<p><strong>Nur bei uns<\/strong><\/p>\n<p>Acht Wochen l\u00e4ngere Anwesenheit Ihrer Auszubildenden im Betrieb durch die zeitgleiche Durchf\u00fchrung der \u00fcberbetrieblichen Lehrg\u00e4nge und der Zwischen- und Gesellenpr\u00fcfung w\u00e4hrend der Unterrichtsbl\u00f6cke.<\/p>\n<p>[\/et_pb_text][et_pb_image src=&#8220;https:\/\/berufsschule-der-handwerkskammer-luebeck.de\/wp-content\/uploads\/Steckbrief-neu.gif&#8220; title_text=&#8220;Steckbrief neu&#8220; url=&#8220;https:\/\/berufsschule-der-handwerkskammer-luebeck.de\/wp-content\/uploads\/Steckbrief-LBS_Priwall_09-2022.pdf&#8220; url_new_window=&#8220;on&#8220; align=&#8220;center&#8220; align_tablet=&#8220;center&#8220; align_phone=&#8220;&#8220; align_last_edited=&#8220;on|desktop&#8220; _builder_version=&#8220;4.16&#8243; animation_style=&#8220;slide&#8220; animation_direction=&#8220;left&#8220; animation_duration=&#8220;500ms&#8220; animation_intensity_slide=&#8220;10%&#8220; use_border_color=&#8220;off&#8220; border_color=&#8220;#ffffff&#8220; border_style=&#8220;solid&#8220; animation=&#8220;left&#8220; sticky=&#8220;off&#8220; always_center_on_mobile=&#8220;on&#8220; global_colors_info=&#8220;{}&#8220;][\/et_pb_image][et_pb_blog fullwidth=&#8220;off&#8220; include_categories=&#8220;22&#8243; show_author=&#8220;off&#8220; show_date=&#8220;off&#8220; _builder_version=&#8220;4.16&#8243; use_border_color=&#8220;off&#8220; border_color=&#8220;#ffffff&#8220; border_style=&#8220;solid&#8220; use_dropshadow=&#8220;off&#8220; global_colors_info=&#8220;{}&#8220;][\/et_pb_blog][\/et_pb_column][\/et_pb_row][\/et_pb_section]<\/p>\n","protected":false},"excerpt":{"rendered":"<p>Landesberufsschule f\u00fcr KFZ-Mechatroniker, SP. System- und Hochvolttechnik Die 3 1\/2 &#8211; j\u00e4hrige Ausbildung zum Kraftfahrzeugmechatroniker mit dem Schwerpunkt System- und Hochvolttechnik findet ab August 2013 an unserer Landesberufsschule f\u00fcr Kfz-Mechatroniker, Schwerpunkt System- und Hochvolttechnik (ehemals Landesberufsschule f\u00fcr Kfz-Elektriker und Fahrzeugkommunikationstechnik) statt. Der Infoflyer der Landesberufsschule f\u00fcr Kraftfahrzeugmechatroniker Schwerpunkt System- und Hochvolttechnik kann bei der Landesberufsschule [&hellip;]<\/p>\n","protected":false},"author":1,"featured_media":5869,"parent":0,"menu_order":0,"comment_status":"closed","ping_status":"closed","template":"","meta":{"_et_pb_use_builder":"on","_et_pb_old_content":"","_et_gb_content_width":"","footnotes":""},"class_list":["post-335","page","type-page","status-publish","has-post-thumbnail","hentry"],"_links":{"self":[{"href":"https:\/\/berufsschule-der-handwerkskammer-luebeck.de\/index.php\/wp-json\/wp\/v2\/pages\/335","targetHints":{"allow":["GET"]}}],"collection":[{"href":"https:\/\/berufsschule-der-handwerkskammer-luebeck.de\/index.php\/wp-json\/wp\/v2\/pages"}],"about":[{"href":"https:\/\/berufsschule-der-handwerkskammer-luebeck.de\/index.php\/wp-json\/wp\/v2\/types\/page"}],"author":[{"embeddable":true,"href":"https:\/\/berufsschule-der-handwerkskammer-luebeck.de\/index.php\/wp-json\/wp\/v2\/users\/1"}],"replies":[{"embeddable":true,"href":"https:\/\/berufsschule-der-handwerkskammer-luebeck.de\/index.php\/wp-json\/wp\/v2\/comments?post=335"}],"version-history":[{"count":0,"href":"https:\/\/berufsschule-der-handwerkskammer-luebeck.de\/index.php\/wp-json\/wp\/v2\/pages\/335\/revisions"}],"wp:featuredmedia":[{"embeddable":true,"href":"https:\/\/berufsschule-der-handwerkskammer-luebeck.de\/index.php\/wp-json\/wp\/v2\/media\/5869"}],"wp:attachment":[{"href":"https:\/\/berufsschule-der-handwerkskammer-luebeck.de\/index.php\/wp-json\/wp\/v2\/media?parent=335"}],"curies":[{"name":"wp","href":"https:\/\/api.w.org\/{rel}","templated":true}]}}