{"id":331,"date":"2016-05-23T19:31:09","date_gmt":"2016-05-23T17:31:09","guid":{"rendered":"https:\/\/berufsschule-der-handwerkskammer-luebeck.de\/?page_id=331"},"modified":"2025-09-16T12:29:48","modified_gmt":"2025-09-16T10:29:48","slug":"unterricht","status":"publish","type":"page","link":"https:\/\/berufsschule-der-handwerkskammer-luebeck.de\/index.php\/glaserin\/unterricht\/","title":{"rendered":"Unterricht"},"content":{"rendered":"<p>[et_pb_section fb_built=&#8220;1&#8243; admin_label=&#8220;section&#8220; _builder_version=&#8220;4.16&#8243; global_colors_info=&#8220;{}&#8220;][et_pb_row admin_label=&#8220;row&#8220; _builder_version=&#8220;4.16&#8243; background_size=&#8220;initial&#8220; background_position=&#8220;top_left&#8220; background_repeat=&#8220;repeat&#8220; global_colors_info=&#8220;{}&#8220;][et_pb_column type=&#8220;4_4&#8243; _builder_version=&#8220;4.16&#8243; custom_padding=&#8220;|||&#8220; global_colors_info=&#8220;{}&#8220; custom_padding__hover=&#8220;|||&#8220;][et_pb_text _builder_version=&#8220;4.27.4&#8243; background_size=&#8220;initial&#8220; background_position=&#8220;top_left&#8220; background_repeat=&#8220;repeat&#8220; hover_enabled=&#8220;0&#8243; z_index_tablet=&#8220;500&#8243; text_text_shadow_horizontal_length_tablet=&#8220;0px&#8220; text_text_shadow_vertical_length_tablet=&#8220;0px&#8220; text_text_shadow_blur_strength_tablet=&#8220;1px&#8220; link_text_shadow_horizontal_length_tablet=&#8220;0px&#8220; link_text_shadow_vertical_length_tablet=&#8220;0px&#8220; link_text_shadow_blur_strength_tablet=&#8220;1px&#8220; ul_text_shadow_horizontal_length_tablet=&#8220;0px&#8220; ul_text_shadow_vertical_length_tablet=&#8220;0px&#8220; ul_text_shadow_blur_strength_tablet=&#8220;1px&#8220; ol_text_shadow_horizontal_length_tablet=&#8220;0px&#8220; ol_text_shadow_vertical_length_tablet=&#8220;0px&#8220; ol_text_shadow_blur_strength_tablet=&#8220;1px&#8220; quote_text_shadow_horizontal_length_tablet=&#8220;0px&#8220; quote_text_shadow_vertical_length_tablet=&#8220;0px&#8220; quote_text_shadow_blur_strength_tablet=&#8220;1px&#8220; header_text_shadow_horizontal_length_tablet=&#8220;0px&#8220; header_text_shadow_vertical_length_tablet=&#8220;0px&#8220; header_text_shadow_blur_strength_tablet=&#8220;1px&#8220; header_2_text_shadow_horizontal_length_tablet=&#8220;0px&#8220; header_2_text_shadow_vertical_length_tablet=&#8220;0px&#8220; header_2_text_shadow_blur_strength_tablet=&#8220;1px&#8220; header_3_text_shadow_horizontal_length_tablet=&#8220;0px&#8220; header_3_text_shadow_vertical_length_tablet=&#8220;0px&#8220; header_3_text_shadow_blur_strength_tablet=&#8220;1px&#8220; header_4_text_shadow_horizontal_length_tablet=&#8220;0px&#8220; header_4_text_shadow_vertical_length_tablet=&#8220;0px&#8220; header_4_text_shadow_blur_strength_tablet=&#8220;1px&#8220; header_5_text_shadow_horizontal_length_tablet=&#8220;0px&#8220; header_5_text_shadow_vertical_length_tablet=&#8220;0px&#8220; header_5_text_shadow_blur_strength_tablet=&#8220;1px&#8220; header_6_text_shadow_horizontal_length_tablet=&#8220;0px&#8220; header_6_text_shadow_vertical_length_tablet=&#8220;0px&#8220; header_6_text_shadow_blur_strength_tablet=&#8220;1px&#8220; box_shadow_horizontal_tablet=&#8220;0px&#8220; box_shadow_vertical_tablet=&#8220;0px&#8220; box_shadow_blur_tablet=&#8220;40px&#8220; box_shadow_spread_tablet=&#8220;0px&#8220; use_border_color=&#8220;off&#8220; global_colors_info=&#8220;{}&#8220; sticky_enabled=&#8220;0&#8243;]<\/p>\n<h4><strong><u>Digitale Sch\u00fcler-Leihger\u00e4te<\/u><\/strong><\/h4>\n<p>In besonderen H\u00e4rtef\u00e4llen und nach entsprechender Pr\u00fcfung kann die Berufsschule Sch\u00fclerinnen und Sch\u00fclern f\u00fcr den Unterricht und das Distanzlernen ein digitales Endger\u00e4t (Laptop) leihweise zur Verf\u00fcgung stellen.<\/p>\n<p>Bei Bedarf nehmen Sie bitte Kontakt mit Ihrer Klassenlehrkraft auf.<\/p>\n<p><a href='https:\/\/bs-hwk-hl.de\/' class='big-button bigblue' target=\"_blank\"><span style=\"color: #3366ff;\"><strong>Hier geht es zur Lernplattform IServ<\/strong><\/span><\/a>\u200b<\/p>\n<p>Stoffverteilung\/Lernfelder (Fachrichtung Verglasung und Glasbau)<\/p>\n<p>Anmerkung: Themenbereiche k\u00f6nnen bei Bedarf nach Absprache durch die Lehrkr\u00e4fte vor- oder nachgezogen werden.<\/p>\n\n<table id=\"tablepress-5\" class=\"tablepress tablepress-id-5\">\n<thead>\n<tr class=\"row-1\">\n\t<th class=\"column-1\">Stoffverteilungsplan<\/th><th class=\"column-2\">Lernfelder (LF)<\/th><th class=\"column-3\">\u00dcLU<\/th>\n<\/tr>\n<\/thead>\n<tbody class=\"row-striping row-hover\">\n<tr class=\"row-2\">\n\t<td class=\"column-1\"><strong>Block 1<\/strong><br \/>\nWerkstoffkunde I<br \/>\n-Glas \/ Holz \/ chem.Grundlagen<\/td><td class=\"column-2\">LF 1: Flachglasformate anfertigen und einbauen, 1. Teil<br \/>\nLF 2: Werkst\u00fccke herstellen, 1. Teil<\/td><td class=\"column-3\"><\/td>\n<\/tr>\n<tr class=\"row-3\">\n\t<td class=\"column-1\"><strong>Block 2<\/strong><br \/>\nWerkstoffkunde II<br \/>\n-Dichtstoffe \/ Metalle \/ Kunststoffe \/ UVV <\/td><td class=\"column-2\">LF 1: Flachglasformate anfertigen und einbauen, 2. Teil<\/td><td class=\"column-3\">E-Glas 1<br \/>\n<br \/>\nE-Glas 2<\/td>\n<\/tr>\n<tr class=\"row-4\">\n\t<td class=\"column-1\"><strong>Block 3<\/strong><br \/>\nWerkstoffkunde III<br \/>\n-Metalle\/Spiegel \/  Grundlagen  Bleiverglasung\/                                                           Grundlagen Bilderglaserei<\/td><td class=\"column-2\">LF 2: Werkst\u00fccke herstellen, 2. Teil<br \/>\nLF 3: Objekte aus Glas und Glaserzeugnisse herstellen<\/td><td class=\"column-3\"><\/td>\n<\/tr>\n<tr class=\"row-5\">\n\t<td class=\"column-1\"><strong>Block 4<\/strong><br \/>\n(Fachtechnologie I) Profilbauglas\/Aquarienbau\/el.Strom<\/td><td class=\"column-2\">LF 4: Spiegel be- und verarbeiten<br \/>\nLF 6: Mehrscheibenisoliergl\u00e4ser einbauen<br \/>\nLF 7: Glaskonstruktionen herstellen, 1. Teil<\/td><td class=\"column-3\">Glas 1<\/td>\n<\/tr>\n<tr class=\"row-6\">\n\t<td class=\"column-1\"><strong>Block 5<\/strong><br \/>\nKunstverglasungen<\/td><td class=\"column-2\">LF 8: Kunstverglasungen ein- und ausbauen<br \/>\nLF 10: Kunstverglasungen herstellen und instandsetzen<\/td><td class=\"column-3\">Glas 2<\/td>\n<\/tr>\n<tr class=\"row-7\">\n\t<td class=\"column-1\"><strong>Block 6<\/strong><br \/>\nBilderglaserei<br \/>\n(Fachtechnologie II)<\/td><td class=\"column-2\">LF 12: Bilder und veredelte Gl\u00e4ser einrahmen<br \/>\nLF 5: Bauteile instandsetzen und renovieren<\/td><td class=\"column-3\">Glas 3<\/td>\n<\/tr>\n<tr class=\"row-8\">\n\t<td class=\"column-1\"><strong>Block 7<\/strong><br \/>\n(FachtechnologieIII)                                                                                                     Ganzglasanlagen\/ Photovoltaik<\/td><td class=\"column-2\">LF 7: Glaskonstruktionen herstellen, 2. Teil<br \/>\nLF 9: Funktionsgl\u00e4ser einbauen, 1. Teil<\/td><td class=\"column-3\">Glas 4<\/td>\n<\/tr>\n<tr class=\"row-9\">\n\t<td class=\"column-1\"><strong>Block 8<\/strong><br \/>\nFunktionsgl\u00e4ser<\/td><td class=\"column-2\">LF 9: Funktionsgl\u00e4ser einbauen, 2. Teil<\/td><td class=\"column-3\">TG 5 c<\/td>\n<\/tr>\n<tr class=\"row-10\">\n\t<td class=\"column-1\"><strong>Block 9<\/strong><br \/>\nGlas am Bau\/Glasfassaden<\/td><td class=\"column-2\">LF 11: Verglasungen und Glaskonstruktionen am Bau montieren<\/td><td class=\"column-3\"><\/td>\n<\/tr>\n<\/tbody>\n<\/table>\n<!-- #tablepress-5 from cache -->\n<p>[\/et_pb_text][\/et_pb_column][\/et_pb_row][\/et_pb_section]<\/p>\n","protected":false},"excerpt":{"rendered":"<p>Digitale Sch\u00fcler-Leihger\u00e4te In besonderen H\u00e4rtef\u00e4llen und nach entsprechender Pr\u00fcfung kann die Berufsschule Sch\u00fclerinnen und Sch\u00fclern f\u00fcr den Unterricht und das Distanzlernen ein digitales Endger\u00e4t (Laptop) leihweise zur Verf\u00fcgung stellen. Bei Bedarf nehmen Sie bitte Kontakt mit Ihrer Klassenlehrkraft auf. <a href='https:\/\/bs-hwk-hl.de\/' class='big-button bigblue' target=\"_blank\">Hier geht es zur Lernplattform IServ<\/a>\u200b Stoffverteilung\/Lernfelder (Fachrichtung Verglasung und Glasbau) [&hellip;]<\/p>\n","protected":false},"author":1,"featured_media":0,"parent":297,"menu_order":0,"comment_status":"closed","ping_status":"closed","template":"","meta":{"_et_pb_use_builder":"on","_et_pb_old_content":"","_et_gb_content_width":"","footnotes":""},"class_list":["post-331","page","type-page","status-publish","hentry"],"_links":{"self":[{"href":"https:\/\/berufsschule-der-handwerkskammer-luebeck.de\/index.php\/wp-json\/wp\/v2\/pages\/331","targetHints":{"allow":["GET"]}}],"collection":[{"href":"https:\/\/berufsschule-der-handwerkskammer-luebeck.de\/index.php\/wp-json\/wp\/v2\/pages"}],"about":[{"href":"https:\/\/berufsschule-der-handwerkskammer-luebeck.de\/index.php\/wp-json\/wp\/v2\/types\/page"}],"author":[{"embeddable":true,"href":"https:\/\/berufsschule-der-handwerkskammer-luebeck.de\/index.php\/wp-json\/wp\/v2\/users\/1"}],"replies":[{"embeddable":true,"href":"https:\/\/berufsschule-der-handwerkskammer-luebeck.de\/index.php\/wp-json\/wp\/v2\/comments?post=331"}],"version-history":[{"count":1,"href":"https:\/\/berufsschule-der-handwerkskammer-luebeck.de\/index.php\/wp-json\/wp\/v2\/pages\/331\/revisions"}],"predecessor-version":[{"id":8284,"href":"https:\/\/berufsschule-der-handwerkskammer-luebeck.de\/index.php\/wp-json\/wp\/v2\/pages\/331\/revisions\/8284"}],"up":[{"embeddable":true,"href":"https:\/\/berufsschule-der-handwerkskammer-luebeck.de\/index.php\/wp-json\/wp\/v2\/pages\/297"}],"wp:attachment":[{"href":"https:\/\/berufsschule-der-handwerkskammer-luebeck.de\/index.php\/wp-json\/wp\/v2\/media?parent=331"}],"curies":[{"name":"wp","href":"https:\/\/api.w.org\/{rel}","templated":true}]}}