{"id":292,"date":"2016-05-23T18:01:05","date_gmt":"2016-05-23T16:01:05","guid":{"rendered":"https:\/\/berufsschule-der-handwerkskammer-luebeck.de\/?page_id=292"},"modified":"2021-08-13T11:24:02","modified_gmt":"2021-08-13T09:24:02","slug":"kontakt","status":"publish","type":"page","link":"https:\/\/berufsschule-der-handwerkskammer-luebeck.de\/index.php\/kontakt\/","title":{"rendered":"Kontakt"},"content":{"rendered":"<p>[et_pb_section fb_built=&#8220;1&#8243; admin_label=&#8220;section&#8220; _builder_version=&#8220;3.22&#8243;][et_pb_row admin_label=&#8220;Open Street map&#8220; _builder_version=&#8220;3.25&#8243; background_size=&#8220;initial&#8220; background_position=&#8220;top_left&#8220; background_repeat=&#8220;repeat&#8220;][et_pb_column type=&#8220;4_4&#8243; _builder_version=&#8220;3.25&#8243; custom_padding=&#8220;|||&#8220; custom_padding__hover=&#8220;|||&#8220;][et_pb_text admin_label=&#8220;Text&#8220; _builder_version=&#8220;4.6.1&#8243; background_size=&#8220;initial&#8220; background_position=&#8220;top_left&#8220; background_repeat=&#8220;repeat&#8220; use_border_color=&#8220;off&#8220; border_color=&#8220;#ffffff&#8220; border_style=&#8220;solid&#8220;]<\/p>\n<h2 style=\"text-align: center;\">Wir sind f\u00fcr Sie da:<\/h2>\n<p style=\"text-align: center;\">Telefon: 04502-887400 oder \u00a0Fax: 04502-887407<\/p>\n<p style=\"text-align: center;\">e-mail: <a href=\"mailto:service@bs-hwk-luebeck.de\">service@bs-hwk-luebeck.de<\/a><\/p>\n<p style=\"text-align: center;\"><strong>Postanschrift: <\/strong><\/p>\n<p style=\"text-align: center;\">Berufsschule der Hwk L\u00fcbeck<br \/>Wiekstra\u00dfe 5<br \/>23570 L\u00fcbeck-Travem\u00fcnde<\/p>\n<p>[\/et_pb_text][et_pb_text _builder_version=&#8220;4.6.1&#8243; hover_enabled=&#8220;0&#8243; sticky_enabled=&#8220;0&#8243;]<\/p>\n<p style=\"text-align: center;\"><strong>Mit dem Klick auf die Karte unten werden Sie zu Openstreetmap weitergeleitet.<\/strong><\/p>\n<p>[\/et_pb_text][et_pb_image src=&#8220;https:\/\/berufsschule-der-handwerkskammer-luebeck.de\/wp-content\/uploads\/standort.jpg&#8220; url=&#8220;https:\/\/routing.openstreetmap.de\/?z=16&#038;center=53.951982%2C10.884511&#038;loc=53.951985%2C10.884520&#038;hl=de&#038;alt=0&#038;srv=1&#8243; url_new_window=&#8220;on&#8220; align_tablet=&#8220;center&#8220; align_phone=&#8220;&#8220; align_last_edited=&#8220;on|desktop&#8220; _builder_version=&#8220;3.23&#8243;][\/et_pb_image][\/et_pb_column][\/et_pb_row][\/et_pb_section]<\/p>\n","protected":false},"excerpt":{"rendered":"<p>Wir sind f\u00fcr Sie da: Telefon: 04502-887400 oder \u00a0Fax: 04502-887407 e-mail: service@bs-hwk-luebeck.de Postanschrift: Berufsschule der Hwk L\u00fcbeckWiekstra\u00dfe 523570 L\u00fcbeck-Travem\u00fcndeMit dem Klick auf die Karte unten werden Sie zu Openstreetmap weitergeleitet.<\/p>\n","protected":false},"author":1,"featured_media":0,"parent":0,"menu_order":0,"comment_status":"closed","ping_status":"closed","template":"","meta":{"_et_pb_use_builder":"on","_et_pb_old_content":"","_et_gb_content_width":"","footnotes":""},"class_list":["post-292","page","type-page","status-publish","hentry"],"_links":{"self":[{"href":"https:\/\/berufsschule-der-handwerkskammer-luebeck.de\/index.php\/wp-json\/wp\/v2\/pages\/292","targetHints":{"allow":["GET"]}}],"collection":[{"href":"https:\/\/berufsschule-der-handwerkskammer-luebeck.de\/index.php\/wp-json\/wp\/v2\/pages"}],"about":[{"href":"https:\/\/berufsschule-der-handwerkskammer-luebeck.de\/index.php\/wp-json\/wp\/v2\/types\/page"}],"author":[{"embeddable":true,"href":"https:\/\/berufsschule-der-handwerkskammer-luebeck.de\/index.php\/wp-json\/wp\/v2\/users\/1"}],"replies":[{"embeddable":true,"href":"https:\/\/berufsschule-der-handwerkskammer-luebeck.de\/index.php\/wp-json\/wp\/v2\/comments?post=292"}],"version-history":[{"count":0,"href":"https:\/\/berufsschule-der-handwerkskammer-luebeck.de\/index.php\/wp-json\/wp\/v2\/pages\/292\/revisions"}],"wp:attachment":[{"href":"https:\/\/berufsschule-der-handwerkskammer-luebeck.de\/index.php\/wp-json\/wp\/v2\/media?parent=292"}],"curies":[{"name":"wp","href":"https:\/\/api.w.org\/{rel}","templated":true}]}}