{"id":282,"date":"2016-05-11T13:17:31","date_gmt":"2016-05-11T11:17:31","guid":{"rendered":"https:\/\/berufsschule-der-handwerkskammer-luebeck.de\/?page_id=282"},"modified":"2021-06-10T13:30:32","modified_gmt":"2021-06-10T11:30:32","slug":"unterricht-bootsbau","status":"publish","type":"page","link":"https:\/\/berufsschule-der-handwerkskammer-luebeck.de\/index.php\/bootsbauer\/unterricht-bootsbau\/","title":{"rendered":"Unterricht Bootsbau"},"content":{"rendered":"<p>[et_pb_section fb_built=&#8220;1&#8243; admin_label=&#8220;section&#8220; _builder_version=&#8220;3.22&#8243;][et_pb_row admin_label=&#8220;row&#8220; _builder_version=&#8220;3.25&#8243; background_size=&#8220;initial&#8220; background_position=&#8220;top_left&#8220; background_repeat=&#8220;repeat&#8220;][et_pb_column type=&#8220;4_4&#8243; _builder_version=&#8220;3.25&#8243; custom_padding=&#8220;|||&#8220; custom_padding__hover=&#8220;|||&#8220;][et_pb_text _builder_version=&#8220;4.6.1&#8243; background_size=&#8220;initial&#8220; background_position=&#8220;top_left&#8220; background_repeat=&#8220;repeat&#8220; hover_enabled=&#8220;0&#8243; z_index_tablet=&#8220;500&#8243; text_text_shadow_horizontal_length_tablet=&#8220;0px&#8220; text_text_shadow_vertical_length_tablet=&#8220;0px&#8220; text_text_shadow_blur_strength_tablet=&#8220;1px&#8220; link_text_shadow_horizontal_length_tablet=&#8220;0px&#8220; link_text_shadow_vertical_length_tablet=&#8220;0px&#8220; link_text_shadow_blur_strength_tablet=&#8220;1px&#8220; ul_text_shadow_horizontal_length_tablet=&#8220;0px&#8220; ul_text_shadow_vertical_length_tablet=&#8220;0px&#8220; ul_text_shadow_blur_strength_tablet=&#8220;1px&#8220; ol_text_shadow_horizontal_length_tablet=&#8220;0px&#8220; ol_text_shadow_vertical_length_tablet=&#8220;0px&#8220; ol_text_shadow_blur_strength_tablet=&#8220;1px&#8220; quote_text_shadow_horizontal_length_tablet=&#8220;0px&#8220; quote_text_shadow_vertical_length_tablet=&#8220;0px&#8220; quote_text_shadow_blur_strength_tablet=&#8220;1px&#8220; header_text_shadow_horizontal_length_tablet=&#8220;0px&#8220; header_text_shadow_vertical_length_tablet=&#8220;0px&#8220; header_text_shadow_blur_strength_tablet=&#8220;1px&#8220; header_2_text_shadow_horizontal_length_tablet=&#8220;0px&#8220; header_2_text_shadow_vertical_length_tablet=&#8220;0px&#8220; header_2_text_shadow_blur_strength_tablet=&#8220;1px&#8220; header_3_text_shadow_horizontal_length_tablet=&#8220;0px&#8220; header_3_text_shadow_vertical_length_tablet=&#8220;0px&#8220; header_3_text_shadow_blur_strength_tablet=&#8220;1px&#8220; header_4_text_shadow_horizontal_length_tablet=&#8220;0px&#8220; header_4_text_shadow_vertical_length_tablet=&#8220;0px&#8220; header_4_text_shadow_blur_strength_tablet=&#8220;1px&#8220; header_5_text_shadow_horizontal_length_tablet=&#8220;0px&#8220; header_5_text_shadow_vertical_length_tablet=&#8220;0px&#8220; header_5_text_shadow_blur_strength_tablet=&#8220;1px&#8220; header_6_text_shadow_horizontal_length_tablet=&#8220;0px&#8220; header_6_text_shadow_vertical_length_tablet=&#8220;0px&#8220; header_6_text_shadow_blur_strength_tablet=&#8220;1px&#8220; box_shadow_horizontal_tablet=&#8220;0px&#8220; box_shadow_vertical_tablet=&#8220;0px&#8220; box_shadow_blur_tablet=&#8220;40px&#8220; box_shadow_spread_tablet=&#8220;0px&#8220; sticky_enabled=&#8220;0&#8243;]<\/p>\n<h4><strong><u>Digitale Sch\u00fcler-Leihger\u00e4te<\/u><\/strong><\/h4>\n<p>In besonderen H\u00e4rtef\u00e4llen und nach entsprechender Pr\u00fcfung kann die Berufsschule Sch\u00fclerinnen und Sch\u00fclern f\u00fcr den Unterricht und das Distanzlernen ein digitales Endger\u00e4t (Laptop) leihweise zur Verf\u00fcgung stellen.<\/p>\n<p>Bei Bedarf nehmen Sie bitte Kontakt mit Ihrer Klassenlehrkraft auf.<\/p>\n<p><a href='https:\/\/bs-hwk-hl.de\/' class='big-button bigblue' target=\"_blank\"><span style=\"color: #3366ff;\"><strong>Hier geht es zur Lernplattfor<span style=\"color: #3366ff;\">m<\/span> IServ<\/strong><\/span><\/a> <a href='https:\/\/berufsschule-der-handwerkskammer-luebeck.de\/index.php\/bootsbauer\/virtuelle-klassenraeume-der-landesberufsschule-fuer-bootsbauer\/' class='big-button bigblue' target=\"_blank\"><span style=\"color: #3366ff;\"><strong>Hier geht es zu den e<\/strong><strong>hemaligen virtuellen Klassenr\u00e4umen<\/strong><\/span>\u00a0<\/a><\/p>\n<p>Planung, Organisation und Durchf\u00fchrung der \u00dcberbetrieblichen Lehrunterweisung obliegt der Handwerkskammer L\u00fcbeck in Lehrortkooperation mit der Berufsschule der Handwerkskammer L\u00fcbeck in der Hansestadt L\u00fcbeck.<\/p>\n<p>&nbsp;<\/p>\n<p>[\/et_pb_text][\/et_pb_column][\/et_pb_row][\/et_pb_section]<\/p>\n","protected":false},"excerpt":{"rendered":"<p>Digitale Sch\u00fcler-Leihger\u00e4te In besonderen H\u00e4rtef\u00e4llen und nach entsprechender Pr\u00fcfung kann die Berufsschule Sch\u00fclerinnen und Sch\u00fclern f\u00fcr den Unterricht und das Distanzlernen ein digitales Endger\u00e4t (Laptop) leihweise zur Verf\u00fcgung stellen. Bei Bedarf nehmen Sie bitte Kontakt mit Ihrer Klassenlehrkraft auf. <a href='https:\/\/bs-hwk-hl.de\/' class='big-button bigblue' target=\"_blank\">Hier geht es zur Lernplattform IServ<\/a> <a href='https:\/\/berufsschule-der-handwerkskammer-luebeck.de\/index.php\/bootsbauer\/virtuelle-klassenraeume-der-landesberufsschule-fuer-bootsbauer\/' class='big-button bigblue' target=\"_blank\"><\/a> Hier [&hellip;]<\/p>\n","protected":false},"author":1,"featured_media":0,"parent":145,"menu_order":0,"comment_status":"closed","ping_status":"closed","template":"","meta":{"_et_pb_use_builder":"on","_et_pb_old_content":"<h2>Stoffverteilung\/Lernfelder<\/h2>\r\nAnmerkung: Themenbereiche k\u00f6nnen bei Bedarf\u00a0nach Absprache durch die Lehrkr\u00e4fte vor- oder nachgezogen werden.<a href=\"https:\/\/berufsschule-der-handwerkskammer-luebeck.de\/wp-content\/uploads\/2016\/05\/Zuordnung-der-Lernfelder_neu_neu.jpg\"><img class=\"aligncenter size-full wp-image-284\" src=\"https:\/\/berufsschule-der-handwerkskammer-luebeck.de\/wp-content\/uploads\/2016\/05\/Zuordnung-der-Lernfelder_neu_neu.jpg\" alt=\"Zuordnung der Lernfelder_neu_neu\" width=\"1242\" height=\"1755\" \/><\/a>\r\n\r\nHinweis: Planung, Organisation und Durchf\u00fchrung der \u00dcberbetrieblichen Lehrunterweisung obliegt der Handwerkskammer L\u00fcbeck in Lehrortkooperation mit der Berufsschule der Handwerkskammer L\u00fcbeck in der Hansestadt L\u00fcbeck.\r\n\r\n\u00a0","_et_gb_content_width":"","footnotes":""},"class_list":["post-282","page","type-page","status-publish","hentry"],"_links":{"self":[{"href":"https:\/\/berufsschule-der-handwerkskammer-luebeck.de\/index.php\/wp-json\/wp\/v2\/pages\/282","targetHints":{"allow":["GET"]}}],"collection":[{"href":"https:\/\/berufsschule-der-handwerkskammer-luebeck.de\/index.php\/wp-json\/wp\/v2\/pages"}],"about":[{"href":"https:\/\/berufsschule-der-handwerkskammer-luebeck.de\/index.php\/wp-json\/wp\/v2\/types\/page"}],"author":[{"embeddable":true,"href":"https:\/\/berufsschule-der-handwerkskammer-luebeck.de\/index.php\/wp-json\/wp\/v2\/users\/1"}],"replies":[{"embeddable":true,"href":"https:\/\/berufsschule-der-handwerkskammer-luebeck.de\/index.php\/wp-json\/wp\/v2\/comments?post=282"}],"version-history":[{"count":0,"href":"https:\/\/berufsschule-der-handwerkskammer-luebeck.de\/index.php\/wp-json\/wp\/v2\/pages\/282\/revisions"}],"up":[{"embeddable":true,"href":"https:\/\/berufsschule-der-handwerkskammer-luebeck.de\/index.php\/wp-json\/wp\/v2\/pages\/145"}],"wp:attachment":[{"href":"https:\/\/berufsschule-der-handwerkskammer-luebeck.de\/index.php\/wp-json\/wp\/v2\/media?parent=282"}],"curies":[{"name":"wp","href":"https:\/\/api.w.org\/{rel}","templated":true}]}}