{"id":2656,"date":"2017-09-13T10:48:09","date_gmt":"2017-09-13T08:48:09","guid":{"rendered":"https:\/\/berufsschule-der-handwerkskammer-luebeck.de\/?page_id=2656"},"modified":"2024-08-29T10:45:29","modified_gmt":"2024-08-29T08:45:29","slug":"foerderverein","status":"publish","type":"page","link":"https:\/\/berufsschule-der-handwerkskammer-luebeck.de\/index.php\/bootsbauer\/foerderverein\/","title":{"rendered":"F\u00f6rderverein"},"content":{"rendered":"<p>[et_pb_section fb_built=&#8220;1&#8243; admin_label=&#8220;section&#8220; _builder_version=&#8220;4.16&#8243; global_colors_info=&#8220;{}&#8220;][et_pb_row admin_label=&#8220;row&#8220; _builder_version=&#8220;4.16&#8243; background_size=&#8220;initial&#8220; background_position=&#8220;top_left&#8220; background_repeat=&#8220;repeat&#8220; global_colors_info=&#8220;{}&#8220;][et_pb_column type=&#8220;4_4&#8243; _builder_version=&#8220;4.16&#8243; custom_padding=&#8220;|||&#8220; global_colors_info=&#8220;{}&#8220; custom_padding__hover=&#8220;|||&#8220;][et_pb_image src=&#8220;https:\/\/berufsschule-der-handwerkskammer-luebeck.de\/wp-content\/uploads\/F\u00f6rderverein_Seite.jpg&#8220; align_tablet=&#8220;center&#8220; align_phone=&#8220;&#8220; align_last_edited=&#8220;on|desktop&#8220; _builder_version=&#8220;4.16&#8243; animation_style=&#8220;slide&#8220; animation_direction=&#8220;left&#8220; animation_duration=&#8220;500ms&#8220; animation_intensity_slide=&#8220;10%&#8220; animation=&#8220;left&#8220; sticky=&#8220;off&#8220; use_border_color=&#8220;off&#8220; border_color=&#8220;#ffffff&#8220; border_style=&#8220;solid&#8220; always_center_on_mobile=&#8220;on&#8220; global_colors_info=&#8220;{}&#8220;][\/et_pb_image][et_pb_text _builder_version=&#8220;4.24.0&#8243; background_size=&#8220;initial&#8220; background_position=&#8220;top_left&#8220; background_repeat=&#8220;repeat&#8220; module_alignment=&#8220;left&#8220; hover_enabled=&#8220;0&#8243; border_style=&#8220;solid&#8220; global_colors_info=&#8220;{}&#8220; sticky_enabled=&#8220;0&#8243;]<\/p>\n<h2>F\u00f6rderverein der maritimen Ausbildung an den Landesberufsschulen\u00a0 f\u00fcr<br \/>Bootsbauer und Segelmacher L\u00fcbeck-Travem\u00fcnde e.V.<\/h2>\n<p>&nbsp;<\/p>\n<h3>Zweck des gemeinn\u00fctzigen Vereins<\/h3>\n<p>Der Verein unterst\u00fctzt und f\u00f6rdert die Erziehungsund Bildungsarbeit der Landesberufsschulen f\u00fcr Bootsbauer und Segelmacher. Er unterst\u00fctzt insbesondere die berufliche Erstausbildung sowie die berufliche Fort- und Weiterbildung. Er versucht, seine Ziele zu erreichen, indem er durch Zuwendungen und Tr\u00e4gerschaften folgendes erm\u00f6glicht:<br \/>\u00b7 die F\u00f6rderung von Ma\u00dfnahmen, die im Aufgabenbereich beruflicher Schulen unterst\u00fctzungswert erscheinen,<br \/>\u00b7 die Erg\u00e4nzung der Ausstattung der Schulen \u00fcber die verf\u00fcgbaren \u00f6ffentlichen Mittel hinaus,<br \/>\u00b7 die Pflege der Bindungen der Sch\u00fcler und der an der Ausbildung Beteiligten zur Schule,<br \/>\u00b7 die F\u00f6rderung sozialer Anliegen.<\/p>\n<p>Der Vereinszweck soll insbesondere durch die Beitr\u00e4ge der Mitglieder, das Sammeln von Spenden sowie auf ideeller Basis verwirklicht werden.<\/p>\n<h3>Mitgliedschaft<\/h3>\n<p>Mitglieder des Vereins k\u00f6nnen nat\u00fcrliche und juristische Personen werden, die ein Interesse an dem Verein haben und die Ziele unterst\u00fctzen m\u00f6chten.<br \/>Die Mitgliedschaft wird schriftlich beantragt. Der F\u00f6rderverein ist laut Finanzamt L\u00fcbeck au\u00dferordentlich f\u00f6rderungsw\u00fcrdig und berechtigt, f\u00fcr Sach- und Geldspenden sowie f\u00fcr die Mitgliedbeitr\u00e4ge Spendenbescheinigungen auszustellen. Der j\u00e4hrliche Mitgliedsbeitrag betr\u00e4gt EUR 85,00.<\/p>\n<h3>Aktivit\u00e4ten des Vereins<\/h3>\n<p>Der F\u00f6rderverein unterst\u00fctzt oder organisiert folgende Projekte:<br \/>\u00b7 in Kooperation mit den Landesberufsschulen f\u00fcr Bootsbauer sowie Segelmacher, der Schleswig-Holsteinischen Seemannsschule und dem Maritimen<br \/>Kompetenzzentrum der Berufsbildungsst\u00e4tte Travem\u00fcnde werden nach dem Unterricht f\u00fcr die Auszubildenden Sportbootf\u00fchrerscheinkurse angeboten.<br \/>\u00b7 Praxisunterricht an vereinseigenen Booten<br \/>\u00b7 Ausbildung in Seemannschaft<br \/>\u00b7 F\u00f6rderunterricht<br \/>\u00b7 Teambildung bei gemeinsamen Segelaktivit\u00e4ten im Jugendwanderkutter<br \/>Hier klicken f\u00fcr <a href=\"https:\/\/berufsschule-der-handwerkskammer-luebeck.de\/index.php\/bootsbauer\/foerderverein\/aktivitaeten-die-in-verbindung-mit-dem-foerderverein-stehen\/\">Aktivit\u00e4ten\u00a0<\/a><\/p>\n<h3>Charakteristik des Vereins<\/h3>\n<p>\u00b7 die Schule ist eine bundesoffene Berufsschule. Auszubildende aus fast allen Bundesl\u00e4ndern besuchen die Schule.<br \/>\u00b7 der Unterricht findet in f\u00e4cher\u00fcbergreifenden Lernfeldern statt<br \/>\u00b7 vermittelt wird ein breites Wissensspektrum an Kenntnissen und Fertigkeiten in Klassenr\u00e4umen und Werkst\u00e4tten<br \/>\u00b7 pro Lehrjahr besuchen 6 Klassen \u00e0 24 Sch\u00fclerinnen und Sch\u00fcler die Schule<br \/>\u00b7 derzeit steht ein Jugendwanderkutter, eine Bavaria 36 und ein Motorboot zur Verf\u00fcgung, an denen in der praktischen<br \/>Fachkunde gearbeitet wird.<\/p>\n<h3>Download Beitrittserkl\u00e4rung: <span style=\"color: #0000ff;\"><a style=\"color: #0000ff;\" href=\"https:\/\/berufsschule-der-handwerkskammer-luebeck.de\/wp-content\/uploads\/Flyer-Foerderverein-2024-ausfuellbar-fuer-Homepage.pdf\">Beitrittserkl\u00e4rung<\/a><\/span><\/h3>\n<h3>Kontakt:<\/h3>\n<p>Vorsitzender:<br \/>Holger Flindt<br \/>Wiekstra\u00dfe 5<br \/>23570 L\u00fcbeck-Travem\u00fcnde<br \/>Pos. N53\u00b057\u20195\u2019\u2019 E10\u00b053\u20192\u2019\u2019<br \/>Tel. 04502 \/ 887 400<br \/>Fax 04502 \/ 887 407<br \/>Mail: service@bs-hwk-luebeck.de<br \/>Kontoverbindung:<br \/>Deutsche Bank L\u00fcbeck<br \/>IBAN: DE 82 2307 0700 0579 0555 00<\/p>\n<p>[\/et_pb_text][\/et_pb_column][\/et_pb_row][\/et_pb_section]<\/p>\n","protected":false},"excerpt":{"rendered":"<p>F\u00f6rderverein der maritimen Ausbildung an den Landesberufsschulen\u00a0 f\u00fcrBootsbauer und Segelmacher L\u00fcbeck-Travem\u00fcnde e.V. &nbsp; Zweck des gemeinn\u00fctzigen Vereins Der Verein unterst\u00fctzt und f\u00f6rdert die Erziehungsund Bildungsarbeit der Landesberufsschulen f\u00fcr Bootsbauer und Segelmacher. Er unterst\u00fctzt insbesondere die berufliche Erstausbildung sowie die berufliche Fort- und Weiterbildung. Er versucht, seine Ziele zu erreichen, indem er durch Zuwendungen und Tr\u00e4gerschaften [&hellip;]<\/p>\n","protected":false},"author":5,"featured_media":0,"parent":145,"menu_order":0,"comment_status":"closed","ping_status":"closed","template":"","meta":{"_et_pb_use_builder":"on","_et_pb_old_content":"<h2>F\u00f6rderverein der maritimen Ausbildung an den Landesberufsschulen\u00a0 f\u00fcr<br \/> Bootsbauer und Segelmacher L\u00fcbeck-Travem\u00fcnde e.V.<\/h2><p>\u00a0<\/p><h3>Zweck des gemeinn\u00fctzigen Vereins<\/h3><p>Der Verein unterst\u00fctzt und f\u00f6rdert die Erziehungsund Bildungsarbeit der Landesberufsschulen f\u00fcr Bootsbauer und Segelmacher. Er unterst\u00fctzt insbesondere die berufliche Erstausbildung sowie die berufliche Fort- und Weiterbildung. Er versucht, seine Ziele zu erreichen, indem er durch Zuwendungen und Tr\u00e4gerschaften folgendes erm\u00f6glicht:<br \/> \u00b7 die F\u00f6rderung von Ma\u00dfnahmen, die im Aufgabenbereich beruflicher Schulen unterst\u00fctzungswert erscheinen,<br \/> \u00b7 die Erg\u00e4nzung der Ausstattung der Schulen \u00fcber die verf\u00fcgbaren \u00f6ffentlichen Mittel hinaus,<br \/> \u00b7 die Pflege der Bindungen der Sch\u00fcler und der an der Ausbildung Beteiligten zur Schule,<br \/> \u00b7 die F\u00f6rderung sozialer Anliegen.<\/p><p>Der Vereinszweck soll insbesondere durch die Beitr\u00e4ge der Mitglieder, das Sammeln von Spenden sowie auf ideeller Basis verwirklicht werden.<\/p><h3>Mitgliedschaft<\/h3><p>Mitglieder des Vereins k\u00f6nnen nat\u00fcrliche und juristische Personen werden, die ein Interesse an dem Verein haben und die Ziele unterst\u00fctzen m\u00f6chten.<br \/> Die Mitgliedschaft wird schriftlich beantragt. Der F\u00f6rderverein ist laut Finanzamt L\u00fcbeck au\u00dferordentlich f\u00f6rderungsw\u00fcrdig und berechtigt, f\u00fcr Sach- und Geldspenden sowie f\u00fcr die Mitgliedbeitr\u00e4ge Spendenbescheinigungen auszustellen. Der j\u00e4hrliche Mitgliedsbeitrag betr\u00e4gt EUR 85,00.<\/p><h3>Aktivit\u00e4ten des Vereins<\/h3><p>Der F\u00f6rderverein unterst\u00fctzt oder organisiert folgende Projekte:<br \/> \u00b7 in Kooperation mit den Landesberufsschulen f\u00fcr Bootsbauer sowie Segelmacher, der Schleswig-Holsteinischen Seemannsschule und dem Maritimen<br \/> Kompetenzzentrum der Berufsbildungsst\u00e4tte Travem\u00fcnde werden nach dem Unterricht f\u00fcr die Auszubildenden Sportbootf\u00fchrerscheinkurse angeboten.<br \/> \u00b7 Praxisunterricht an vereinseigenen Booten<br \/> \u00b7 Ausbildung in Seemannschaft<br \/> \u00b7 F\u00f6rderunterricht<br \/> \u00b7 Teambildung bei gemeinsamen Segelaktivit\u00e4ten im Jugendwanderkutter<\/p><h3>Charakteristik des Vereins<\/h3><p>\u00b7 die Schule ist eine bundesoffene Berufsschule. Auszubildende aus fast allen Bundesl\u00e4ndern besuchen die Schule.<br \/> \u00b7 der Unterricht findet in f\u00e4cher\u00fcbergreifenden Lernfeldern statt<br \/> \u00b7 vermittelt wird ein breites Wissensspektrum an Kenntnissen und Fertigkeiten in Klassenr\u00e4umen und Werkst\u00e4tten<br \/> \u00b7 pro Lehrjahr besuchen 6 Klassen \u00e0 24 Sch\u00fclerinnen und Sch\u00fcler die Schule<br \/> \u00b7 derzeit steht ein Jugendwanderkutter, eine Bavaria 36 und ein Motorboot zur Verf\u00fcgung, an denen in der praktischen<br \/> Fachkunde gearbeitet wird.<\/p><h3>Kontakt:<\/h3><p>Vorsitzender:<br \/> J\u00f6rg Schneider<br \/> Wiekstra\u00dfe 5<br \/> 23570 L\u00fcbeck-Travem\u00fcnde<br \/> Pos. N53\u00b057\u20195\u2019\u2019 E10\u00b053\u20192\u2019\u2019<br \/> Tel. 04502 \/ 887 400<br \/> Fax 04502 \/ 887 407<br \/> Mail: service@bs-hwk-luebeck.de<br \/> Kontoverbindung:<br \/> Deutsche Bank L\u00fcbeck<br \/> IBAN: DE 82 2307 0700 0579 0555 00<\/p>","_et_gb_content_width":"","footnotes":""},"class_list":["post-2656","page","type-page","status-publish","hentry"],"_links":{"self":[{"href":"https:\/\/berufsschule-der-handwerkskammer-luebeck.de\/index.php\/wp-json\/wp\/v2\/pages\/2656","targetHints":{"allow":["GET"]}}],"collection":[{"href":"https:\/\/berufsschule-der-handwerkskammer-luebeck.de\/index.php\/wp-json\/wp\/v2\/pages"}],"about":[{"href":"https:\/\/berufsschule-der-handwerkskammer-luebeck.de\/index.php\/wp-json\/wp\/v2\/types\/page"}],"author":[{"embeddable":true,"href":"https:\/\/berufsschule-der-handwerkskammer-luebeck.de\/index.php\/wp-json\/wp\/v2\/users\/5"}],"replies":[{"embeddable":true,"href":"https:\/\/berufsschule-der-handwerkskammer-luebeck.de\/index.php\/wp-json\/wp\/v2\/comments?post=2656"}],"version-history":[{"count":0,"href":"https:\/\/berufsschule-der-handwerkskammer-luebeck.de\/index.php\/wp-json\/wp\/v2\/pages\/2656\/revisions"}],"up":[{"embeddable":true,"href":"https:\/\/berufsschule-der-handwerkskammer-luebeck.de\/index.php\/wp-json\/wp\/v2\/pages\/145"}],"wp:attachment":[{"href":"https:\/\/berufsschule-der-handwerkskammer-luebeck.de\/index.php\/wp-json\/wp\/v2\/media?parent=2656"}],"curies":[{"name":"wp","href":"https:\/\/api.w.org\/{rel}","templated":true}]}}