{"id":1547,"date":"2016-11-02T13:26:55","date_gmt":"2016-11-02T12:26:55","guid":{"rendered":"https:\/\/berufsschule-der-handwerkskammer-luebeck.de\/?page_id=1547"},"modified":"2018-09-05T19:44:13","modified_gmt":"2018-09-05T17:44:13","slug":"berufsbild","status":"publish","type":"page","link":"https:\/\/berufsschule-der-handwerkskammer-luebeck.de\/index.php\/orthopaedieschuhmacherinnen\/berufsbild\/","title":{"rendered":"Berufsbild"},"content":{"rendered":"<p>[et_pb_section bb_built=&#8220;1&#8243; admin_label=&#8220;section&#8220;][et_pb_row admin_label=&#8220;row&#8220; background_position=&#8220;top_left&#8220; background_repeat=&#8220;repeat&#8220; background_size=&#8220;initial&#8220;][et_pb_column type=&#8220;4_4&#8243;][et_pb_text use_border_color=&#8220;off&#8220; background_position=&#8220;top_left&#8220; background_repeat=&#8220;repeat&#8220; background_size=&#8220;initial&#8220; _builder_version=&#8220;3.7&#8243;]<\/p>\n<h2>a) Orthop\u00e4dieschuhmacher<\/h2>\n<p>Als Gesundheitshandwerker steht der Orthop\u00e4dieschuhtechniker in enger Kooperation mit dem Arzt\/Therapeuten und Patienten. Er ist daf\u00fcr verantwortlich, dass je nach medizinischer Indikation bzw. Verordnung verschiedene Heil- und Hilfsmittel ma\u00dfgenau gefertigt werden. Ein umfangreiches, medizinisches Basiswissen ist dabei eine selbstverst\u00e4ndliche Ausbildungsgrundlage. Dazu stehen dem Orthop\u00e4dieschuhtechniker neben modernsten Materialien wie zum Beispiel Karbonfasern usw. auch verschiedene moderne, elektronische Ger\u00e4te, zum Beispiel Laufbandanalyse, CAD \/ CAM Einlagenfertigung, plantare Fu\u00dfdruckmesssysteme, CAD-Software zur individuellen Leisten- und Schaftherstellung usw. zur Verf\u00fcgung.<\/p>\n<p>Weitere Informationen k\u00f6nnen Sie direkt unter folgendem Link der<strong><br \/>\n<\/strong><a href=\"http:\/\/berufenet.arbeitsagentur.de\/berufe\/resultList.do?searchString=%27+orthop%C3%A4dieschuhmacher*+%27&amp;resultListItemsValues=3497_3495&amp;suchweg=begriff&amp;doNext=forwardToResultShort&amp;duration=\" target=\"_blank\" rel=\"noopener\"><strong><img loading=\"lazy\" decoding=\"async\" src=\"https:\/\/berufsschule-der-handwerkskammer-luebeck.de\/wp-content\/uploads\/2016\/06\/agenturfuerarbeit.gif\" alt=\"BIZ\" width=\"297\" height=\"48\" align=\"left\" \/><\/strong><\/a><\/p>\n<p>abrufen: <a href=\"http:\/\/berufenet.arbeitsagentur.de\/berufe\/resultList.do?searchString=%27+orthop%C3%A4dieschuhmacher*+%27&amp;resultListItemsValues=3497_3495&amp;suchweg=begriff&amp;doNext=forwardToResultShort&amp;duration=\" target=\"_blank\" rel=\"noopener\"><strong>berufenet.arbeitsagentur.de\/berufe\/start<\/strong><\/a><\/p>\n<h3><\/h3>\n<h3>Weitere Aufgaben- und T\u00e4tigkeitsbereiche:<\/h3>\n<ul>\n<li style=\"list-style-type: none;\">\n<ul>\n<li>Therapeutische Heil- und Hilfsmittel<\/li>\n<li>Postoperative Orthesen und Therapieschuhe<\/li>\n<li>Einlagen mit Hilfe von modernen Abformtechniken<\/li>\n<li>Orthop\u00e4dische Konfektionsschuhzurichtung<\/li>\n<li>Individuell angefertigte orthop\u00e4dische Schuhversorgungen mit Unterst\u00fctzung durch elektronische Mess- und Diagnoseger\u00e4te<\/li>\n<li>Kompressionsstrumpfversorgung<\/li>\n<li>Fu\u00dfpflege<\/li>\n<li>Patientenberatung und Aufkl\u00e4rung<\/li>\n<li>Spezialbereiche, wie die Versorgung des \u201eDiabetischen Fu\u00dfes\u201c, Sportlerversorgungen usw.<\/li>\n<\/ul>\n<\/li>\n<\/ul>\n<h3>b) Ma\u00dfschuhmacher<\/h3>\n<p>Die Entwicklung des Schuhmacherberufes ging vom traditionellem Handwerk bis zum modernem Dienstleister. Ein besonderes Gewicht liegt auf der kundenorientierten Gespr\u00e4chsf\u00fchrung. \u00c4sthetisches Empfinden im Zusammenspiel mit einem pr\u00e4zisen Augenma\u00df dienen sowohl der Beratung der Kunden, als auch einer fachgerechten Ausf\u00fchrung der Auftr\u00e4ge in der Werkstatt. Von der Ma\u00dfanfertigung bis zur Schuhreparatur ist umfassendes Fachwissen notwendig, z.B. \u00fcber die menschliche Anatomie oder die verwendeten Materialien und deren Verarbeitung.<\/p>\n<ul>\n<li>Moderne \u00f6kologische Schuhreparatur<\/li>\n<li>Modisches, individuell angefertigtes Ma\u00dfschuhwerk<\/li>\n<li>EDV unterst\u00fctzte Leisten- und Ma\u00dfschuhkonstruktion mit integriertem Schuhdesignprogramm<\/li>\n<li>Kunden- und Verkaufsmanagement<\/li>\n<li>Spezialbereiche, wie die historische Schuhfertigung<\/li>\n<\/ul>\n<h3>Schulunterricht:<\/h3>\n<p>Die LBS unterrichtet alle Orthop\u00e4dieschuhmacher- Ausbildungsjahrg\u00e4nge separat!<br \/>\nDie Ma\u00dfschuhmacher werden in einer UMO-Integrationsklasse ebenfalls separat ausgebildet. Der Unterricht (s. Blockplan) wird in einer Blockbeschulung durchgef\u00fchrt. Ein Sch\u00fclerinternat mit Mensa und Freizeitbereich der Handwerkskammer L\u00fcbeck ist auf dem Gel\u00e4nde integriert.<br \/>\nOrthop\u00e4dieschuhmacher und Ma\u00dfschuhmacher werden lernfeldorientiert unterrichtet (s. Stoffverteilung).<\/p>\n<p>[\/et_pb_text][\/et_pb_column][\/et_pb_row][\/et_pb_section]<\/p>\n","protected":false},"excerpt":{"rendered":"<p>a) Orthop\u00e4dieschuhmacher Als Gesundheitshandwerker steht der Orthop\u00e4dieschuhtechniker in enger Kooperation mit dem Arzt\/Therapeuten und Patienten. Er ist daf\u00fcr verantwortlich, dass je nach medizinischer Indikation bzw. Verordnung verschiedene Heil- und Hilfsmittel ma\u00dfgenau gefertigt werden. Ein umfangreiches, medizinisches Basiswissen ist dabei eine selbstverst\u00e4ndliche Ausbildungsgrundlage. Dazu stehen dem Orthop\u00e4dieschuhtechniker neben modernsten Materialien wie zum Beispiel Karbonfasern usw. auch [&hellip;]<\/p>\n","protected":false},"author":1,"featured_media":0,"parent":1156,"menu_order":0,"comment_status":"closed","ping_status":"closed","template":"","meta":{"_et_pb_use_builder":"on","_et_pb_old_content":"","_et_gb_content_width":"","footnotes":""},"class_list":["post-1547","page","type-page","status-publish","hentry"],"_links":{"self":[{"href":"https:\/\/berufsschule-der-handwerkskammer-luebeck.de\/index.php\/wp-json\/wp\/v2\/pages\/1547","targetHints":{"allow":["GET"]}}],"collection":[{"href":"https:\/\/berufsschule-der-handwerkskammer-luebeck.de\/index.php\/wp-json\/wp\/v2\/pages"}],"about":[{"href":"https:\/\/berufsschule-der-handwerkskammer-luebeck.de\/index.php\/wp-json\/wp\/v2\/types\/page"}],"author":[{"embeddable":true,"href":"https:\/\/berufsschule-der-handwerkskammer-luebeck.de\/index.php\/wp-json\/wp\/v2\/users\/1"}],"replies":[{"embeddable":true,"href":"https:\/\/berufsschule-der-handwerkskammer-luebeck.de\/index.php\/wp-json\/wp\/v2\/comments?post=1547"}],"version-history":[{"count":0,"href":"https:\/\/berufsschule-der-handwerkskammer-luebeck.de\/index.php\/wp-json\/wp\/v2\/pages\/1547\/revisions"}],"up":[{"embeddable":true,"href":"https:\/\/berufsschule-der-handwerkskammer-luebeck.de\/index.php\/wp-json\/wp\/v2\/pages\/1156"}],"wp:attachment":[{"href":"https:\/\/berufsschule-der-handwerkskammer-luebeck.de\/index.php\/wp-json\/wp\/v2\/media?parent=1547"}],"curies":[{"name":"wp","href":"https:\/\/api.w.org\/{rel}","templated":true}]}}