{"id":1253,"date":"2016-06-04T13:12:35","date_gmt":"2016-06-04T11:12:35","guid":{"rendered":"https:\/\/berufsschule-der-handwerkskammer-luebeck.de\/?page_id=1253"},"modified":"2021-02-26T14:29:32","modified_gmt":"2021-02-26T13:29:32","slug":"unterrichte-se","status":"publish","type":"page","link":"https:\/\/berufsschule-der-handwerkskammer-luebeck.de\/index.php\/segelmacherin\/unterrichte-se\/","title":{"rendered":"Unterrichte SE"},"content":{"rendered":"<p>[et_pb_section fb_built=&#8220;1&#8243; admin_label=&#8220;section&#8220; _builder_version=&#8220;3.22.3&#8243;][et_pb_row admin_label=&#8220;row&#8220; _builder_version=&#8220;3.25&#8243; background_size=&#8220;initial&#8220; background_position=&#8220;top_left&#8220; background_repeat=&#8220;repeat&#8220;][et_pb_column type=&#8220;4_4&#8243; _builder_version=&#8220;3.25&#8243; custom_padding=&#8220;|||&#8220; custom_padding__hover=&#8220;|||&#8220;][et_pb_text _builder_version=&#8220;4.6.1&#8243; _module_preset=&#8220;default&#8220; hover_enabled=&#8220;0&#8243; sticky_enabled=&#8220;0&#8243;]<\/p>\n<h4><strong><u>Digitale Sch\u00fcler-Leihger\u00e4te<\/u><\/strong><\/h4>\n<p>In besonderen H\u00e4rtef\u00e4llen und nach entsprechender Pr\u00fcfung kann die Berufsschule Sch\u00fclerinnen und Sch\u00fclern f\u00fcr den Unterricht und das Distanzlernen ein digitales Endger\u00e4t (Laptop) leihweise zur Verf\u00fcgung stellen.<\/p>\n<p>Bei Bedarf nehmen Sie bitte Kontakt mit Ihrer Klassenlehrkraft auf.<\/p>\n<p>[\/et_pb_text][et_pb_button button_url=&#8220;https:\/\/berufsschule-der-handwerkskammer-luebeck.de\/index.php\/virtuelle-klassenraeume-der-lbs-segelmacher\/&#8220; url_new_window=&#8220;on&#8220; button_text=&#8220;Hier geht es zu den ehemaligen virtuellen Klassenr\u00e4umen (Passwort: azubi)!&#8220; button_alignment=&#8220;center&#8220; _builder_version=&#8220;4.6.1&#8243; hover_enabled=&#8220;0&#8243; z_index_tablet=&#8220;500&#8243; button_text_shadow_horizontal_length_tablet=&#8220;0px&#8220; button_text_shadow_vertical_length_tablet=&#8220;0px&#8220; button_text_shadow_blur_strength_tablet=&#8220;1px&#8220; box_shadow_horizontal_tablet=&#8220;0px&#8220; box_shadow_vertical_tablet=&#8220;0px&#8220; box_shadow_blur_tablet=&#8220;40px&#8220; box_shadow_spread_tablet=&#8220;0px&#8220; sticky_enabled=&#8220;0&#8243;][\/et_pb_button][et_pb_text _builder_version=&#8220;4.6.1&#8243; _module_preset=&#8220;default&#8220;]<\/p>\n<p style=\"text-align: center;\"><a href='https:\/\/bs-hwk-hl.de\/' class='big-button bigblue' target=\"_blank\">Hier geht es zur Lernplattform IServ<\/a><\/p>\n<p>[\/et_pb_text][et_pb_image src=&#8220;https:\/\/berufsschule-der-handwerkskammer-luebeck.de\/wp-content\/uploads\/2016\/06\/Stoffverteilung_Se.jpg&#8220; show_bottom_space=&#8220;off&#8220; align=&#8220;center&#8220; align_tablet=&#8220;center&#8220; align_phone=&#8220;&#8220; align_last_edited=&#8220;on|desktop&#8220; _builder_version=&#8220;3.24&#8243; animation_style=&#8220;slide&#8220; animation_direction=&#8220;left&#8220; animation_duration=&#8220;500ms&#8220; animation_intensity_slide=&#8220;10%&#8220; use_border_color=&#8220;off&#8220; border_color=&#8220;#ffffff&#8220; border_style=&#8220;solid&#8220; animation=&#8220;left&#8220; sticky=&#8220;on&#8220; always_center_on_mobile=&#8220;on&#8220;]<br \/>\n[\/et_pb_image][et_pb_text _builder_version=&#8220;4.6.1&#8243; background_size=&#8220;initial&#8220; background_position=&#8220;top_left&#8220; background_repeat=&#8220;repeat&#8220; use_border_color=&#8220;off&#8220; border_color=&#8220;#ffffff&#8220; border_style=&#8220;solid&#8220;]<\/p>\n<p>Zum Download des Stoffverteilungsplanes als .pdf Datei<a href=\"https:\/\/berufsschule-der-handwerkskammer-luebeck.de\/wp-content\/uploads\/2016\/06\/Stoffverteilungsplan_Segelmach.pdf\"> klicken Sie hier.\u00a0<\/a><\/p>\n<p>[\/et_pb_text][\/et_pb_column][\/et_pb_row][\/et_pb_section]<\/p>\n","protected":false},"excerpt":{"rendered":"<p>Digitale Sch\u00fcler-Leihger\u00e4te In besonderen H\u00e4rtef\u00e4llen und nach entsprechender Pr\u00fcfung kann die Berufsschule Sch\u00fclerinnen und Sch\u00fclern f\u00fcr den Unterricht und das Distanzlernen ein digitales Endger\u00e4t (Laptop) leihweise zur Verf\u00fcgung stellen. Bei Bedarf nehmen Sie bitte Kontakt mit Ihrer Klassenlehrkraft auf. <a href='https:\/\/bs-hwk-hl.de\/' class='big-button bigblue' target=\"_blank\">Hier geht es zur Lernplattform IServ<\/a> Zum Download des Stoffverteilungsplanes als [&hellip;]<\/p>\n","protected":false},"author":1,"featured_media":0,"parent":1159,"menu_order":0,"comment_status":"closed","ping_status":"closed","template":"","meta":{"_et_pb_use_builder":"on","_et_pb_old_content":"","_et_gb_content_width":"","footnotes":""},"class_list":["post-1253","page","type-page","status-publish","hentry"],"_links":{"self":[{"href":"https:\/\/berufsschule-der-handwerkskammer-luebeck.de\/index.php\/wp-json\/wp\/v2\/pages\/1253","targetHints":{"allow":["GET"]}}],"collection":[{"href":"https:\/\/berufsschule-der-handwerkskammer-luebeck.de\/index.php\/wp-json\/wp\/v2\/pages"}],"about":[{"href":"https:\/\/berufsschule-der-handwerkskammer-luebeck.de\/index.php\/wp-json\/wp\/v2\/types\/page"}],"author":[{"embeddable":true,"href":"https:\/\/berufsschule-der-handwerkskammer-luebeck.de\/index.php\/wp-json\/wp\/v2\/users\/1"}],"replies":[{"embeddable":true,"href":"https:\/\/berufsschule-der-handwerkskammer-luebeck.de\/index.php\/wp-json\/wp\/v2\/comments?post=1253"}],"version-history":[{"count":0,"href":"https:\/\/berufsschule-der-handwerkskammer-luebeck.de\/index.php\/wp-json\/wp\/v2\/pages\/1253\/revisions"}],"up":[{"embeddable":true,"href":"https:\/\/berufsschule-der-handwerkskammer-luebeck.de\/index.php\/wp-json\/wp\/v2\/pages\/1159"}],"wp:attachment":[{"href":"https:\/\/berufsschule-der-handwerkskammer-luebeck.de\/index.php\/wp-json\/wp\/v2\/media?parent=1253"}],"curies":[{"name":"wp","href":"https:\/\/api.w.org\/{rel}","templated":true}]}}