{"id":1201,"date":"2016-06-04T10:38:30","date_gmt":"2016-06-04T08:38:30","guid":{"rendered":"https:\/\/berufsschule-der-handwerkskammer-luebeck.de\/?page_id=1201"},"modified":"2021-02-26T14:28:29","modified_gmt":"2021-02-26T13:28:29","slug":"unterricht-orthopaedieschuhmacherin","status":"publish","type":"page","link":"https:\/\/berufsschule-der-handwerkskammer-luebeck.de\/index.php\/orthopaedieschuhmacherinnen\/unterricht-orthopaedieschuhmacherin\/","title":{"rendered":"Unterricht"},"content":{"rendered":"<p>[et_pb_section fb_built=&#8220;1&#8243; admin_label=&#8220;section&#8220; _builder_version=&#8220;3.22&#8243;][et_pb_row admin_label=&#8220;row&#8220; _builder_version=&#8220;3.25&#8243; background_size=&#8220;initial&#8220; background_position=&#8220;top_left&#8220; background_repeat=&#8220;repeat&#8220;][et_pb_column type=&#8220;4_4&#8243; _builder_version=&#8220;3.25&#8243; custom_padding=&#8220;|||&#8220; custom_padding__hover=&#8220;|||&#8220;][et_pb_text _builder_version=&#8220;4.6.1&#8243; _module_preset=&#8220;default&#8220; hover_enabled=&#8220;0&#8243; sticky_enabled=&#8220;0&#8243;]<\/p>\n<h4><strong><u>Digitale Sch\u00fcler-Leihger\u00e4te<\/u><\/strong><\/h4>\n<p>In besonderen H\u00e4rtef\u00e4llen und nach entsprechender Pr\u00fcfung kann die Berufsschule Sch\u00fclerinnen und Sch\u00fclern f\u00fcr den Unterricht und das Distanzlernen ein digitales Endger\u00e4t (Laptop) leihweise zur Verf\u00fcgung stellen.<\/p>\n<p>Bei Bedarf nehmen Sie bitte Kontakt mit Ihrer Klassenlehrkraft auf.<\/p>\n<p>[\/et_pb_text][et_pb_button button_url=&#8220;https:\/\/berufsschule-der-handwerkskammer-luebeck.de\/index.php\/virtuelle-klassenraeume-der-lbs-fuer-orthopaedie-schuhtechnik-und-massschuhmacher\/&#8220; url_new_window=&#8220;on&#8220; button_text=&#8220;Hier geht es zu den ehemaligen virtuellen Klassenr\u00e4umen (Passwort: azubi)!&#8220; _builder_version=&#8220;4.6.1&#8243; hover_enabled=&#8220;0&#8243; z_index_tablet=&#8220;500&#8243; button_text_shadow_horizontal_length_tablet=&#8220;0px&#8220; button_text_shadow_vertical_length_tablet=&#8220;0px&#8220; button_text_shadow_blur_strength_tablet=&#8220;1px&#8220; box_shadow_horizontal_tablet=&#8220;0px&#8220; box_shadow_vertical_tablet=&#8220;0px&#8220; box_shadow_blur_tablet=&#8220;40px&#8220; box_shadow_spread_tablet=&#8220;0px&#8220; sticky_enabled=&#8220;0&#8243;][\/et_pb_button][et_pb_text _builder_version=&#8220;4.6.1&#8243; background_size=&#8220;initial&#8220; background_position=&#8220;top_left&#8220; background_repeat=&#8220;repeat&#8220; hover_enabled=&#8220;0&#8243; z_index_tablet=&#8220;500&#8243; text_text_shadow_horizontal_length_tablet=&#8220;0px&#8220; text_text_shadow_vertical_length_tablet=&#8220;0px&#8220; text_text_shadow_blur_strength_tablet=&#8220;1px&#8220; link_text_shadow_horizontal_length_tablet=&#8220;0px&#8220; link_text_shadow_vertical_length_tablet=&#8220;0px&#8220; link_text_shadow_blur_strength_tablet=&#8220;1px&#8220; ul_text_shadow_horizontal_length_tablet=&#8220;0px&#8220; ul_text_shadow_vertical_length_tablet=&#8220;0px&#8220; ul_text_shadow_blur_strength_tablet=&#8220;1px&#8220; ol_text_shadow_horizontal_length_tablet=&#8220;0px&#8220; ol_text_shadow_vertical_length_tablet=&#8220;0px&#8220; ol_text_shadow_blur_strength_tablet=&#8220;1px&#8220; quote_text_shadow_horizontal_length_tablet=&#8220;0px&#8220; quote_text_shadow_vertical_length_tablet=&#8220;0px&#8220; quote_text_shadow_blur_strength_tablet=&#8220;1px&#8220; header_text_shadow_horizontal_length_tablet=&#8220;0px&#8220; header_text_shadow_vertical_length_tablet=&#8220;0px&#8220; header_text_shadow_blur_strength_tablet=&#8220;1px&#8220; header_2_text_shadow_horizontal_length_tablet=&#8220;0px&#8220; header_2_text_shadow_vertical_length_tablet=&#8220;0px&#8220; header_2_text_shadow_blur_strength_tablet=&#8220;1px&#8220; header_3_text_shadow_horizontal_length_tablet=&#8220;0px&#8220; header_3_text_shadow_vertical_length_tablet=&#8220;0px&#8220; header_3_text_shadow_blur_strength_tablet=&#8220;1px&#8220; header_4_text_shadow_horizontal_length_tablet=&#8220;0px&#8220; header_4_text_shadow_vertical_length_tablet=&#8220;0px&#8220; header_4_text_shadow_blur_strength_tablet=&#8220;1px&#8220; header_5_text_shadow_horizontal_length_tablet=&#8220;0px&#8220; header_5_text_shadow_vertical_length_tablet=&#8220;0px&#8220; header_5_text_shadow_blur_strength_tablet=&#8220;1px&#8220; header_6_text_shadow_horizontal_length_tablet=&#8220;0px&#8220; header_6_text_shadow_vertical_length_tablet=&#8220;0px&#8220; header_6_text_shadow_blur_strength_tablet=&#8220;1px&#8220; box_shadow_horizontal_tablet=&#8220;0px&#8220; box_shadow_vertical_tablet=&#8220;0px&#8220; box_shadow_blur_tablet=&#8220;40px&#8220; box_shadow_spread_tablet=&#8220;0px&#8220; use_border_color=&#8220;off&#8220; sticky_enabled=&#8220;0&#8243;]<\/p>\n<h2><a href='https:\/\/bs-hwk-hl.de\/' class='big-button bigblue' target=\"_blank\"><span style=\"color: #3366ff;\"><strong>Hier geht es zur Lernplattform IServ<\/strong><\/span><\/a><\/h2>\n<h2>Lernfeld\u00fcbersicht\u00a0Orthop\u00e4dieschuhmacher \/ Orthop\u00e4dieschuhmacherin<\/h2>\n<p>Anmerkung: Themenbereiche k\u00f6nnen sich aufgrund der Blockzeiten verschieben.<\/p>\n\n<table id=\"tablepress-10\" class=\"tablepress tablepress-id-10\">\n<thead>\n<tr class=\"row-1\">\n\t<td class=\"column-1\"><\/td><th class=\"column-2\">Lernfelder<\/th><td class=\"column-3\"><\/td><td class=\"column-4\"><\/td><th class=\"column-5\">Ausbildungsjahr \/ Zeitrichtwerte<\/th><td class=\"column-6\"><\/td>\n<\/tr>\n<\/thead>\n<tbody class=\"row-striping row-hover\">\n<tr class=\"row-2\">\n\t<td class=\"column-1\">Nr.<\/td><td class=\"column-2\"><\/td><td class=\"column-3\">1.Jahr<\/td><td class=\"column-4\">2.Jahr<\/td><td class=\"column-5\">3.Jahr<\/td><td class=\"column-6\">4.Jahr<\/td>\n<\/tr>\n<tr class=\"row-3\">\n\t<td class=\"column-1\">1<\/td><td class=\"column-2\">Konstitution gesunder unterer Extremit\u00e4ten an Patienten feststellen und dokumentieren<\/td><td class=\"column-3\">xx<\/td><td class=\"column-4\"><\/td><td class=\"column-5\"><\/td><td class=\"column-6\"><\/td>\n<\/tr>\n<tr class=\"row-4\">\n\t<td class=\"column-1\">2<\/td><td class=\"column-2\">Statische und dynamische Konstellation der Bewegungsorgane an Patienten biomechanisch erfassen und auswerten<\/td><td class=\"column-3\">xx<\/td><td class=\"column-4\"><\/td><td class=\"column-5\"><\/td><td class=\"column-6\"><\/td>\n<\/tr>\n<tr class=\"row-5\">\n\t<td class=\"column-1\">3<\/td><td class=\"column-2\">Abform- und Modelliertechniken anwenden und beurteilen<\/td><td class=\"column-3\">xx<\/td><td class=\"column-4\"><\/td><td class=\"column-5\"><\/td><td class=\"column-6\"><\/td>\n<\/tr>\n<tr class=\"row-6\">\n\t<td class=\"column-1\">4<\/td><td class=\"column-2\">Formteile f\u00fcr den Bodenbau entwickeln und Modelle herstellen sowie bewerten<\/td><td class=\"column-3\">xx<\/td><td class=\"column-4\"><\/td><td class=\"column-5\"><\/td><td class=\"column-6\"><\/td>\n<\/tr>\n<tr class=\"row-7\">\n\t<td class=\"column-1\">5<\/td><td class=\"column-2\">Orthop\u00e4dische Einbauelemente herstellen und bewerten<\/td><td class=\"column-3\">xx<\/td><td class=\"column-4\"><\/td><td class=\"column-5\"><\/td><td class=\"column-6\"><\/td>\n<\/tr>\n<tr class=\"row-8\">\n\t<td class=\"column-1\">6<\/td><td class=\"column-2\">Status pathologisch ver\u00e4nderter F\u00fc\u00dfe feststellen, auf Versorgungsf\u00e4higkeit pr\u00fcfen und dokumentieren<\/td><td class=\"column-3\"><\/td><td class=\"column-4\">xx<\/td><td class=\"column-5\"><\/td><td class=\"column-6\"><\/td>\n<\/tr>\n<tr class=\"row-9\">\n\t<td class=\"column-1\">7<\/td><td class=\"column-2\">Status pathologisch ver\u00e4nderter Beine feststellen, M\u00f6glichkeiten orthop\u00e4dieschuhtechnischer Versorgungen pr\u00fcfen und dokumentieren<\/td><td class=\"column-3\"><\/td><td class=\"column-4\">xx<\/td><td class=\"column-5\"><\/td><td class=\"column-6\"><\/td>\n<\/tr>\n<tr class=\"row-10\">\n\t<td class=\"column-1\">8<\/td><td class=\"column-2\">\tOrthop\u00e4dische Ma\u00dfschuhe herstellen und funktionsgerecht instandsetzen<\/td><td class=\"column-3\"><\/td><td class=\"column-4\">xx<\/td><td class=\"column-5\"><\/td><td class=\"column-6\"><\/td>\n<\/tr>\n<tr class=\"row-11\">\n\t<td class=\"column-1\">9<\/td><td class=\"column-2\">Orthop\u00e4dische Zurichtungen an Konfektionsschuhen planen, herstellen und bewerten<\/td><td class=\"column-3\"><\/td><td class=\"column-4\">xx<\/td><td class=\"column-5\"><\/td><td class=\"column-6\"><\/td>\n<\/tr>\n<tr class=\"row-12\">\n\t<td class=\"column-1\">10<\/td><td class=\"column-2\">Schaftmodelle entwickeln und herstellen<\/td><td class=\"column-3\"><\/td><td class=\"column-4\"><\/td><td class=\"column-5\">xx<\/td><td class=\"column-6\"><\/td>\n<\/tr>\n<tr class=\"row-13\">\n\t<td class=\"column-1\">11<\/td><td class=\"column-2\">Sch\u00e4fte herstellen und auf Pa\u00dfform pr\u00fcfen<\/td><td class=\"column-3\"><\/td><td class=\"column-4\"><\/td><td class=\"column-5\">xx<\/td><td class=\"column-6\"><\/td>\n<\/tr>\n<tr class=\"row-14\">\n\t<td class=\"column-1\">12<\/td><td class=\"column-2\">Fu\u00dforthesen herstellen, anpassen und bewerten<\/td><td class=\"column-3\"><\/td><td class=\"column-4\"><\/td><td class=\"column-5\">xx<\/td><td class=\"column-6\"><\/td>\n<\/tr>\n<tr class=\"row-15\">\n\t<td class=\"column-1\">13<\/td><td class=\"column-2\">Kn\u00f6chel\u00fcbergreifende Orthesen herstellen, anpassen und bewerten<\/td><td class=\"column-3\"><\/td><td class=\"column-4\"><\/td><td class=\"column-5\">xx<\/td><td class=\"column-6\"><\/td>\n<\/tr>\n<tr class=\"row-16\">\n\t<td class=\"column-1\">14<\/td><td class=\"column-2\">Fertigorthesen ausw\u00e4hlen, anpassen und bewerten<\/td><td class=\"column-3\"><\/td><td class=\"column-4\"><\/td><td class=\"column-5\">xx<\/td><td class=\"column-6\"><\/td>\n<\/tr>\n<tr class=\"row-17\">\n\t<td class=\"column-1\">15<\/td><td class=\"column-2\">Fu\u00df- und Zehenprothesen planen, herstellen, anpassen und bewerten<\/td><td class=\"column-3\"><\/td><td class=\"column-4\"><\/td><td class=\"column-5\"><\/td><td class=\"column-6\">xx<\/td>\n<\/tr>\n<tr class=\"row-18\">\n\t<td class=\"column-1\">16<\/td><td class=\"column-2\">Medizinische Fu\u00dfpflege durchf\u00fchren<\/td><td class=\"column-3\"><\/td><td class=\"column-4\"><\/td><td class=\"column-5\"><\/td><td class=\"column-6\">xx<\/td>\n<\/tr>\n<tr class=\"row-19\">\n\t<td class=\"column-1\"><\/td><td class=\"column-2\"><strong>Summe (insgesamt 980 Std.)<\/strong><\/td><td class=\"column-3\"><strong>280<\/strong><\/td><td class=\"column-4\"><strong>280<\/strong><\/td><td class=\"column-5\"><strong>280<\/strong><\/td><td class=\"column-6\"><strong>140<\/strong><\/td>\n<\/tr>\n<\/tbody>\n<\/table>\n<!-- #tablepress-10 from cache -->\n<h2>Ma\u00dfschuhmacher\/in<\/h2>\n\n<table id=\"tablepress-11\" class=\"tablepress tablepress-id-11\">\n<thead>\n<tr class=\"row-1\">\n\t<td class=\"column-1\"><\/td><th class=\"column-2\">Lernfelder<\/th><td class=\"column-3\"><\/td><th class=\"column-4\">Ausbildungsjahr \/ <\/th><th class=\"column-5\">Zeitrichtwerte<\/th>\n<\/tr>\n<\/thead>\n<tbody class=\"row-striping row-hover\">\n<tr class=\"row-2\">\n\t<td class=\"column-1\">Nr.<\/td><td class=\"column-2\"><\/td><td class=\"column-3\">1.Jahr<\/td><td class=\"column-4\">2.Jahr<\/td><td class=\"column-5\">3.Jahr<\/td>\n<\/tr>\n<tr class=\"row-3\">\n\t<td class=\"column-1\">1<\/td><td class=\"column-2\">Beurteilung des Schuhwerks<\/td><td class=\"column-3\">xx<\/td><td class=\"column-4\"><\/td><td class=\"column-5\"><\/td>\n<\/tr>\n<tr class=\"row-4\">\n\t<td class=\"column-1\">2<\/td><td class=\"column-2\">Bedeutung des menschlichen Fu\u00dfes im<br \/>\nBewegungsapparat feststellen<\/td><td class=\"column-3\">xx<\/td><td class=\"column-4\"><\/td><td class=\"column-5\"><\/td>\n<\/tr>\n<tr class=\"row-5\">\n\t<td class=\"column-1\">3<\/td><td class=\"column-2\">Verbinden von Materialien durch<br \/>\nKlebetechniken<\/td><td class=\"column-3\">xx<\/td><td class=\"column-4\"><\/td><td class=\"column-5\"><\/td>\n<\/tr>\n<tr class=\"row-6\">\n\t<td class=\"column-1\">4<\/td><td class=\"column-2\">Erkennen und Ausf\u00fchren von fachgerechten Reparaturen am Schuhboden<\/td><td class=\"column-3\">xx<\/td><td class=\"column-4\"><\/td><td class=\"column-5\"><\/td>\n<\/tr>\n<tr class=\"row-7\">\n\t<td class=\"column-1\">5<\/td><td class=\"column-2\">Anpassen des Schuhs an den <br \/>\nmenschlichen Fu\u00df<\/td><td class=\"column-3\"><\/td><td class=\"column-4\">xx<\/td><td class=\"column-5\"><\/td>\n<\/tr>\n<tr class=\"row-8\">\n\t<td class=\"column-1\">6<\/td><td class=\"column-2\">Be- und Umarbeiten des Konfektionsschuhs<\/td><td class=\"column-3\"><\/td><td class=\"column-4\">xx<\/td><td class=\"column-5\"><\/td>\n<\/tr>\n<tr class=\"row-9\">\n\t<td class=\"column-1\">7<\/td><td class=\"column-2\">Ausw\u00e4hlen des Schaftes im Verkaufsgespr\u00e4ch<\/td><td class=\"column-3\"><\/td><td class=\"column-4\">xx<\/td><td class=\"column-5\"><\/td>\n<\/tr>\n<tr class=\"row-10\">\n\t<td class=\"column-1\">8<\/td><td class=\"column-2\">Schaftteile reparieren und \u00e4ndern<\/td><td class=\"column-3\"><\/td><td class=\"column-4\">xx<\/td><td class=\"column-5\"><\/td>\n<\/tr>\n<tr class=\"row-11\">\n\t<td class=\"column-1\">9<\/td><td class=\"column-2\">Herstellen und Bearbeiten von Schuhb\u00f6den<\/td><td class=\"column-3\"><\/td><td class=\"column-4\">xx<\/td><td class=\"column-5\"><\/td>\n<\/tr>\n<tr class=\"row-12\">\n\t<td class=\"column-1\">10<\/td><td class=\"column-2\">\tAnpassen und Bearbeiten von<br \/>\nversteifungs- und formgebenden Teilen<\/td><td class=\"column-3\"><\/td><td class=\"column-4\"><\/td><td class=\"column-5\">xx<\/td>\n<\/tr>\n<tr class=\"row-13\">\n\t<td class=\"column-1\">11<\/td><td class=\"column-2\">Verbinden von Schaft und Schuhboden<\/td><td class=\"column-3\"><\/td><td class=\"column-4\"><\/td><td class=\"column-5\">xx<\/td>\n<\/tr>\n<tr class=\"row-14\">\n\t<td class=\"column-1\">12<\/td><td class=\"column-2\">Aufbringen und Anformen des Schuhbodens<\/td><td class=\"column-3\"><\/td><td class=\"column-4\"><\/td><td class=\"column-5\">xx<\/td>\n<\/tr>\n<tr class=\"row-15\">\n\t<td class=\"column-1\">13<\/td><td class=\"column-2\">Ausf\u00fchren von Finisharbeiten und<br \/>\nAuslieferung<\/td><td class=\"column-3\"><\/td><td class=\"column-4\"><\/td><td class=\"column-5\">xx<\/td>\n<\/tr>\n<tr class=\"row-16\">\n\t<td class=\"column-1\"><\/td><td class=\"column-2\"><strong>Summe (insgesamt 840 Std.)<\/strong><\/td><td class=\"column-3\"><strong>280<\/strong><\/td><td class=\"column-4\"><strong>280<\/strong><\/td><td class=\"column-5\"><strong>280<\/strong><\/td>\n<\/tr>\n<\/tbody>\n<\/table>\n<!-- #tablepress-11 from cache -->\n<p>[\/et_pb_text][\/et_pb_column][\/et_pb_row][\/et_pb_section]<\/p>\n","protected":false},"excerpt":{"rendered":"<p>Digitale Sch\u00fcler-Leihger\u00e4te In besonderen H\u00e4rtef\u00e4llen und nach entsprechender Pr\u00fcfung kann die Berufsschule Sch\u00fclerinnen und Sch\u00fclern f\u00fcr den Unterricht und das Distanzlernen ein digitales Endger\u00e4t (Laptop) leihweise zur Verf\u00fcgung stellen. Bei Bedarf nehmen Sie bitte Kontakt mit Ihrer Klassenlehrkraft auf. <a href='https:\/\/bs-hwk-hl.de\/' class='big-button bigblue' target=\"_blank\">Hier geht es zur Lernplattform IServ<\/a> Lernfeld\u00fcbersicht\u00a0Orthop\u00e4dieschuhmacher \/ Orthop\u00e4dieschuhmacherin Anmerkung: Themenbereiche [&hellip;]<\/p>\n","protected":false},"author":1,"featured_media":0,"parent":1156,"menu_order":0,"comment_status":"closed","ping_status":"closed","template":"","meta":{"_et_pb_use_builder":"on","_et_pb_old_content":"","_et_gb_content_width":"","footnotes":""},"class_list":["post-1201","page","type-page","status-publish","hentry"],"_links":{"self":[{"href":"https:\/\/berufsschule-der-handwerkskammer-luebeck.de\/index.php\/wp-json\/wp\/v2\/pages\/1201","targetHints":{"allow":["GET"]}}],"collection":[{"href":"https:\/\/berufsschule-der-handwerkskammer-luebeck.de\/index.php\/wp-json\/wp\/v2\/pages"}],"about":[{"href":"https:\/\/berufsschule-der-handwerkskammer-luebeck.de\/index.php\/wp-json\/wp\/v2\/types\/page"}],"author":[{"embeddable":true,"href":"https:\/\/berufsschule-der-handwerkskammer-luebeck.de\/index.php\/wp-json\/wp\/v2\/users\/1"}],"replies":[{"embeddable":true,"href":"https:\/\/berufsschule-der-handwerkskammer-luebeck.de\/index.php\/wp-json\/wp\/v2\/comments?post=1201"}],"version-history":[{"count":0,"href":"https:\/\/berufsschule-der-handwerkskammer-luebeck.de\/index.php\/wp-json\/wp\/v2\/pages\/1201\/revisions"}],"up":[{"embeddable":true,"href":"https:\/\/berufsschule-der-handwerkskammer-luebeck.de\/index.php\/wp-json\/wp\/v2\/pages\/1156"}],"wp:attachment":[{"href":"https:\/\/berufsschule-der-handwerkskammer-luebeck.de\/index.php\/wp-json\/wp\/v2\/media?parent=1201"}],"curies":[{"name":"wp","href":"https:\/\/api.w.org\/{rel}","templated":true}]}}