{"id":1188,"date":"2016-06-04T10:16:54","date_gmt":"2016-06-04T08:16:54","guid":{"rendered":"https:\/\/berufsschule-der-handwerkskammer-luebeck.de\/?page_id=1188"},"modified":"2022-10-25T09:14:38","modified_gmt":"2022-10-25T07:14:38","slug":"lehrende-in-der-orthopaedie","status":"publish","type":"page","link":"https:\/\/berufsschule-der-handwerkskammer-luebeck.de\/index.php\/orthopaedieschuhmacherinnen\/lehrende-in-der-orthopaedie\/","title":{"rendered":"Lehrende"},"content":{"rendered":"<p>[et_pb_section fb_built=&#8220;1&#8243; admin_label=&#8220;section&#8220; _builder_version=&#8220;3.22&#8243;][et_pb_row admin_label=&#8220;row&#8220; _builder_version=&#8220;3.25&#8243; background_size=&#8220;initial&#8220; background_position=&#8220;top_left&#8220; background_repeat=&#8220;repeat&#8220;][et_pb_column type=&#8220;4_4&#8243; _builder_version=&#8220;3.25&#8243; custom_padding=&#8220;|||&#8220; custom_padding__hover=&#8220;|||&#8220;][et_pb_text _builder_version=&#8220;4.6.1&#8243; background_size=&#8220;initial&#8220; background_position=&#8220;top_left&#8220; background_repeat=&#8220;repeat&#8220; use_border_color=&#8220;off&#8220;]<\/p>\n<p>Tel.:04502-887460 (in der Unterrichtszeit AB)<br \/><strong>Pausenzeiten:<\/strong><\/p>\n<p>9:15-9:30, 11:00-11:15, 12:30-13:15 und 15:00-15:15 Uhr<\/p>\n<p>An der Landesberufsschule f\u00fcr Orthop\u00e4dieschuhmacher und Ma\u00dfschuhmacher unterrichten alle Lehrkr\u00e4fte mit einer zus\u00e4tzlichen berufsspezifischen Qualifikation. Die Werkstatt und das Labor wird von einem Orthop\u00e4dieschuhmachermeister betreut.<\/p>\n\n<table id=\"tablepress-9\" class=\"tablepress tablepress-id-9\">\n<tbody class=\"row-striping row-hover\">\n<tr class=\"row-1\">\n\t<td class=\"column-1\">Frau Hellmann<\/td><td class=\"column-2\">E-Mail: <a href=\"mailto:hellmann@lbs-orthopaedie.de\">hellmann@lbs-orthopaedie.de<\/a><\/td>\n<\/tr>\n<tr class=\"row-2\">\n\t<td class=\"column-1\">Frau Sengler<\/td><td class=\"column-2\">E-Mail: <a href=\"mailto:sengler@lbs-orthopaedie.de\">sengler@lbs-orthopaedie.de<\/a><\/td>\n<\/tr>\n<tr class=\"row-3\">\n\t<td class=\"column-1\">Herr Carstens<\/td><td class=\"column-2\">E-Mail: <a href=\"mailto:carstens@bs-hwk-luebeck.de\">carstens@bs-hwk-luebeck.de<\/a><\/td>\n<\/tr>\n<tr class=\"row-4\">\n\t<td class=\"column-1\">Herr David <\/td><td class=\"column-2\">E-Mail: <a href=\"mailto:david@lbs-kfztechnik.de\">david@lbs-kfztechnik.de<\/a><\/td>\n<\/tr>\n<tr class=\"row-5\">\n\t<td class=\"column-1\">Herr Dienelt<\/td><td class=\"column-2\">E-Mail: <a href=\"mailto:dienelt@lbs-orthopaedie.de\">dienelt@lbs-orthopaedie.de<\/a><\/td>\n<\/tr>\n<tr class=\"row-6\">\n\t<td class=\"column-1\">Herr Dr. Zimmermann <\/td><td class=\"column-2\">E-Mail: <a href=\"mailto:zimmermann@lbs-glaser.de\">zimmermann@lbs-glaser.de<\/a><\/td>\n<\/tr>\n<tr class=\"row-7\">\n\t<td class=\"column-1\">Herr Fl\u00fch<\/td><td class=\"column-2\">E-Mail: <a href=\"mailto:flueh@lbs-orthopaedie.de\">flueh@lbs-orthopaedie.de<\/a><\/td>\n<\/tr>\n<tr class=\"row-8\">\n\t<td class=\"column-1\">Herr Golnik<\/td><td class=\"column-2\">E-Mail: <a href=\"mailto:golnik@lbs-orthopaedie.de\">golnik@lbs-orthopaedie.de<\/a><\/td>\n<\/tr>\n<tr class=\"row-9\">\n\t<td class=\"column-1\">Herr Knuth<\/td><td class=\"column-2\">E-Mail: <a href=\"mailto:knuth@lbs-kfztechnik.de\">knuth@lbs-kfztechnik.de<\/a><\/td>\n<\/tr>\n<tr class=\"row-10\">\n\t<td class=\"column-1\">Herr Wintjen ist der Abteilungsleiter<\/td><td class=\"column-2\">E-Mail: <a href=\"mailto:wintjen@bs-hwk-luebeck.de\">wintjen@bs-hwk-luebeck.de<\/a><\/td>\n<\/tr>\n<\/tbody>\n<\/table>\n<!-- #tablepress-9 from cache -->\n<p>[\/et_pb_text][\/et_pb_column][\/et_pb_row][\/et_pb_section]<\/p>\n","protected":false},"excerpt":{"rendered":"<p>Tel.:04502-887460 (in der Unterrichtszeit AB)Pausenzeiten: 9:15-9:30, 11:00-11:15, 12:30-13:15 und 15:00-15:15 Uhr An der Landesberufsschule f\u00fcr Orthop\u00e4dieschuhmacher und Ma\u00dfschuhmacher unterrichten alle Lehrkr\u00e4fte mit einer zus\u00e4tzlichen berufsspezifischen Qualifikation. Die Werkstatt und das Labor wird von einem Orthop\u00e4dieschuhmachermeister betreut. \n<table id=\"tablepress-9-no-2\" class=\"tablepress tablepress-id-9\">\n<tbody class=\"row-striping row-hover\">\n<tr class=\"row-1\">\n\t<td class=\"column-1\">Frau Hellmann<\/td><td class=\"column-2\">E-Mail: <a href=\"mailto:hellmann@lbs-orthopaedie.de\">hellmann@lbs-orthopaedie.de<\/a><\/td>\n<\/tr>\n<tr class=\"row-2\">\n\t<td class=\"column-1\">Frau Sengler<\/td><td class=\"column-2\">E-Mail: <a href=\"mailto:sengler@lbs-orthopaedie.de\">sengler@lbs-orthopaedie.de<\/a><\/td>\n<\/tr>\n<tr class=\"row-3\">\n\t<td class=\"column-1\">Herr Carstens<\/td><td class=\"column-2\">E-Mail: <a href=\"mailto:carstens@bs-hwk-luebeck.de\">carstens@bs-hwk-luebeck.de<\/a><\/td>\n<\/tr>\n<tr class=\"row-4\">\n\t<td class=\"column-1\">Herr David <\/td><td class=\"column-2\">E-Mail: <a href=\"mailto:david@lbs-kfztechnik.de\">david@lbs-kfztechnik.de<\/a><\/td>\n<\/tr>\n<tr class=\"row-5\">\n\t<td class=\"column-1\">Herr Dienelt<\/td><td class=\"column-2\">E-Mail: <a href=\"mailto:dienelt@lbs-orthopaedie.de\">dienelt@lbs-orthopaedie.de<\/a><\/td>\n<\/tr>\n<tr class=\"row-6\">\n\t<td class=\"column-1\">Herr Dr. Zimmermann <\/td><td class=\"column-2\">E-Mail: <a href=\"mailto:zimmermann@lbs-glaser.de\">zimmermann@lbs-glaser.de<\/a><\/td>\n<\/tr>\n<tr class=\"row-7\">\n\t<td class=\"column-1\">Herr Fl\u00fch<\/td><td class=\"column-2\">E-Mail: <a href=\"mailto:flueh@lbs-orthopaedie.de\">flueh@lbs-orthopaedie.de<\/a><\/td>\n<\/tr>\n<tr class=\"row-8\">\n\t<td class=\"column-1\">Herr Golnik<\/td><td class=\"column-2\">E-Mail: <a href=\"mailto:golnik@lbs-orthopaedie.de\">golnik@lbs-orthopaedie.de<\/a><\/td>\n<\/tr>\n<tr class=\"row-9\">\n\t<td class=\"column-1\">Herr Knuth<\/td><td class=\"column-2\">E-Mail: <a href=\"mailto:knuth@lbs-kfztechnik.de\">knuth@lbs-kfztechnik.de<\/a><\/td>\n<\/tr>\n<tr class=\"row-10\">\n\t<td class=\"column-1\">Herr Wintjen ist der Abteilungsleiter<\/td><td class=\"column-2\">E-Mail: <a href=\"mailto:wintjen@bs-hwk-luebeck.de\">wintjen@bs-hwk-luebeck.de<\/a><\/td>\n<\/tr>\n<\/tbody>\n<\/table>\n<\/p>\n","protected":false},"author":1,"featured_media":0,"parent":1156,"menu_order":0,"comment_status":"closed","ping_status":"closed","template":"","meta":{"_et_pb_use_builder":"on","_et_pb_old_content":"","_et_gb_content_width":"","footnotes":""},"class_list":["post-1188","page","type-page","status-publish","hentry"],"_links":{"self":[{"href":"https:\/\/berufsschule-der-handwerkskammer-luebeck.de\/index.php\/wp-json\/wp\/v2\/pages\/1188","targetHints":{"allow":["GET"]}}],"collection":[{"href":"https:\/\/berufsschule-der-handwerkskammer-luebeck.de\/index.php\/wp-json\/wp\/v2\/pages"}],"about":[{"href":"https:\/\/berufsschule-der-handwerkskammer-luebeck.de\/index.php\/wp-json\/wp\/v2\/types\/page"}],"author":[{"embeddable":true,"href":"https:\/\/berufsschule-der-handwerkskammer-luebeck.de\/index.php\/wp-json\/wp\/v2\/users\/1"}],"replies":[{"embeddable":true,"href":"https:\/\/berufsschule-der-handwerkskammer-luebeck.de\/index.php\/wp-json\/wp\/v2\/comments?post=1188"}],"version-history":[{"count":0,"href":"https:\/\/berufsschule-der-handwerkskammer-luebeck.de\/index.php\/wp-json\/wp\/v2\/pages\/1188\/revisions"}],"up":[{"embeddable":true,"href":"https:\/\/berufsschule-der-handwerkskammer-luebeck.de\/index.php\/wp-json\/wp\/v2\/pages\/1156"}],"wp:attachment":[{"href":"https:\/\/berufsschule-der-handwerkskammer-luebeck.de\/index.php\/wp-json\/wp\/v2\/media?parent=1188"}],"curies":[{"name":"wp","href":"https:\/\/api.w.org\/{rel}","templated":true}]}}