{"id":1159,"date":"2016-06-03T21:19:10","date_gmt":"2016-06-03T19:19:10","guid":{"rendered":"https:\/\/berufsschule-der-handwerkskammer-luebeck.de\/?page_id=1159"},"modified":"2020-04-29T16:17:15","modified_gmt":"2020-04-29T14:17:15","slug":"segelmacherin","status":"publish","type":"page","link":"https:\/\/berufsschule-der-handwerkskammer-luebeck.de\/index.php\/segelmacherin\/","title":{"rendered":"Segelmacher"},"content":{"rendered":"<p>[et_pb_section bb_built=&#8220;1&#8243; admin_label=&#8220;section&#8220; inner_width=&#8220;90%&#8220; inner_max_width=&#8220;1100px&#8220;][et_pb_row admin_label=&#8220;row&#8220; background_position=&#8220;top_left&#8220; background_repeat=&#8220;repeat&#8220; background_size=&#8220;initial&#8220; width=&#8220;90%&#8220; max_width=&#8220;1100px&#8220;][et_pb_column type=&#8220;4_4&#8243;][et_pb_text background_layout=&#8220;light&#8220; text_orientation=&#8220;center&#8220; use_border_color=&#8220;off&#8220; border_color=&#8220;#ffffff&#8220; border_style=&#8220;solid&#8220; background_position=&#8220;top_left&#8220; background_repeat=&#8220;repeat&#8220; background_size=&#8220;initial&#8220; module_alignment=&#8220;center&#8220; _builder_version=&#8220;3.24&#8243;]<\/p>\n<h2 style=\"text-align: center;\">Landesberufsschulen f\u00fcr Segelmacher<\/h2>\n<p>[\/et_pb_text][et_pb_slider show_arrows=&#8220;off&#8220; show_pagination=&#8220;off&#8220; auto=&#8220;off&#8220; auto_ignore_hover=&#8220;off&#8220; parallax=&#8220;off&#8220; parallax_method=&#8220;off&#8220; remove_inner_shadow=&#8220;off&#8220; background_position=&#8220;default&#8220; background_size=&#8220;default&#8220; hide_content_on_mobile=&#8220;off&#8220; hide_cta_on_mobile=&#8220;off&#8220; show_image_video_mobile=&#8220;off&#8220; custom_button=&#8220;off&#8220; button_letter_spacing=&#8220;0&#8243; button_use_icon=&#8220;default&#8220; button_icon_placement=&#8220;right&#8220; button_on_hover=&#8220;on&#8220; button_letter_spacing_hover=&#8220;0&#8243; custom_padding=&#8220;|||&#8220; custom_padding_tablet=&#8220;|||&#8220; custom_padding_phone=&#8220;|||&#8220; show_inner_shadow=&#8220;on&#8220; show_content_on_mobile=&#8220;on&#8220; show_cta_on_mobile=&#8220;on&#8220; box_shadow_horizontal=&#8220;0px&#8220; box_shadow_vertical=&#8220;0px&#8220; box_shadow_blur=&#8220;10px&#8220; box_shadow_spread=&#8220;0px&#8220; box_shadow_position=&#8220;inner&#8220; box_shadow_color=&#8220;rgba(0,0,0,0.1)&#8220; box_shadow_style=&#8220;preset6&#8243; button_text_size__hover_enabled=&#8220;off&#8220; button_text_size__hover=&#8220;null&#8220; button_one_text_size__hover_enabled=&#8220;off&#8220; button_one_text_size__hover=&#8220;null&#8220; button_two_text_size__hover_enabled=&#8220;off&#8220; button_two_text_size__hover=&#8220;null&#8220; button_text_color__hover_enabled=&#8220;off&#8220; button_text_color__hover=&#8220;null&#8220; button_one_text_color__hover_enabled=&#8220;off&#8220; button_one_text_color__hover=&#8220;null&#8220; button_two_text_color__hover_enabled=&#8220;off&#8220; button_two_text_color__hover=&#8220;null&#8220; button_border_width__hover_enabled=&#8220;off&#8220; button_border_width__hover=&#8220;null&#8220; button_one_border_width__hover_enabled=&#8220;off&#8220; button_one_border_width__hover=&#8220;null&#8220; button_two_border_width__hover_enabled=&#8220;off&#8220; button_two_border_width__hover=&#8220;null&#8220; button_border_color__hover_enabled=&#8220;off&#8220; button_border_color__hover=&#8220;null&#8220; button_one_border_color__hover_enabled=&#8220;off&#8220; button_one_border_color__hover=&#8220;null&#8220; button_two_border_color__hover_enabled=&#8220;off&#8220; button_two_border_color__hover=&#8220;null&#8220; button_border_radius__hover_enabled=&#8220;off&#8220; button_border_radius__hover=&#8220;null&#8220; button_one_border_radius__hover_enabled=&#8220;off&#8220; button_one_border_radius__hover=&#8220;null&#8220; button_two_border_radius__hover_enabled=&#8220;off&#8220; button_two_border_radius__hover=&#8220;null&#8220; button_letter_spacing__hover_enabled=&#8220;on&#8220; button_letter_spacing__hover=&#8220;0&#8243; button_one_letter_spacing__hover_enabled=&#8220;off&#8220; button_one_letter_spacing__hover=&#8220;null&#8220; button_two_letter_spacing__hover_enabled=&#8220;off&#8220; button_two_letter_spacing__hover=&#8220;null&#8220; button_bg_color__hover_enabled=&#8220;off&#8220; button_bg_color__hover=&#8220;null&#8220; button_one_bg_color__hover_enabled=&#8220;off&#8220; button_one_bg_color__hover=&#8220;null&#8220; button_two_bg_color__hover_enabled=&#8220;off&#8220; button_two_bg_color__hover=&#8220;null&#8220; _builder_version=&#8220;3.24&#8243;][et_pb_slide background_position=&#8220;default&#8220; background_size=&#8220;default&#8220; background_color=&#8220;#ffffff&#8220; use_bg_overlay=&#8220;off&#8220; use_text_overlay=&#8220;off&#8220; alignment=&#8220;center&#8220; background_layout=&#8220;dark&#8220; allow_player_pause=&#8220;off&#8220; text_border_radius=&#8220;3&#8243; header_font_select=&#8220;default&#8220; header_font=&#8220;||||&#8220; body_font_select=&#8220;default&#8220; body_font=&#8220;||||&#8220; custom_button=&#8220;off&#8220; button_font_select=&#8220;default&#8220; button_font=&#8220;||||&#8220; button_use_icon=&#8220;default&#8220; button_icon_placement=&#8220;right&#8220; button_on_hover=&#8220;on&#8220; background_image=&#8220;https:\/\/berufsschule-der-handwerkskammer-luebeck.de\/wp-content\/uploads\/2016\/06\/segelmacher.jpg&#8220;] [\/et_pb_slide][\/et_pb_slider][et_pb_text use_border_color=&#8220;off&#8220; background_position=&#8220;top_left&#8220; background_repeat=&#8220;repeat&#8220; background_size=&#8220;initial&#8220; _builder_version=&#8220;3.24&#8243; text_text_shadow_horizontal_length=&#8220;text_text_shadow_style,%91object Object%93&#8243; text_text_shadow_horizontal_length_tablet=&#8220;0px&#8220; text_text_shadow_vertical_length=&#8220;text_text_shadow_style,%91object Object%93&#8243; text_text_shadow_vertical_length_tablet=&#8220;0px&#8220; text_text_shadow_blur_strength=&#8220;text_text_shadow_style,%91object Object%93&#8243; text_text_shadow_blur_strength_tablet=&#8220;1px&#8220; link_text_shadow_horizontal_length=&#8220;link_text_shadow_style,%91object Object%93&#8243; link_text_shadow_horizontal_length_tablet=&#8220;0px&#8220; link_text_shadow_vertical_length=&#8220;link_text_shadow_style,%91object Object%93&#8243; link_text_shadow_vertical_length_tablet=&#8220;0px&#8220; link_text_shadow_blur_strength=&#8220;link_text_shadow_style,%91object Object%93&#8243; link_text_shadow_blur_strength_tablet=&#8220;1px&#8220; ul_text_shadow_horizontal_length=&#8220;ul_text_shadow_style,%91object Object%93&#8243; ul_text_shadow_horizontal_length_tablet=&#8220;0px&#8220; ul_text_shadow_vertical_length=&#8220;ul_text_shadow_style,%91object Object%93&#8243; ul_text_shadow_vertical_length_tablet=&#8220;0px&#8220; ul_text_shadow_blur_strength=&#8220;ul_text_shadow_style,%91object Object%93&#8243; ul_text_shadow_blur_strength_tablet=&#8220;1px&#8220; ol_text_shadow_horizontal_length=&#8220;ol_text_shadow_style,%91object Object%93&#8243; ol_text_shadow_horizontal_length_tablet=&#8220;0px&#8220; ol_text_shadow_vertical_length=&#8220;ol_text_shadow_style,%91object Object%93&#8243; ol_text_shadow_vertical_length_tablet=&#8220;0px&#8220; ol_text_shadow_blur_strength=&#8220;ol_text_shadow_style,%91object Object%93&#8243; ol_text_shadow_blur_strength_tablet=&#8220;1px&#8220; quote_text_shadow_horizontal_length=&#8220;quote_text_shadow_style,%91object Object%93&#8243; quote_text_shadow_horizontal_length_tablet=&#8220;0px&#8220; quote_text_shadow_vertical_length=&#8220;quote_text_shadow_style,%91object Object%93&#8243; quote_text_shadow_vertical_length_tablet=&#8220;0px&#8220; quote_text_shadow_blur_strength=&#8220;quote_text_shadow_style,%91object Object%93&#8243; quote_text_shadow_blur_strength_tablet=&#8220;1px&#8220; header_text_shadow_horizontal_length=&#8220;header_text_shadow_style,%91object Object%93&#8243; header_text_shadow_horizontal_length_tablet=&#8220;0px&#8220; header_text_shadow_vertical_length=&#8220;header_text_shadow_style,%91object Object%93&#8243; header_text_shadow_vertical_length_tablet=&#8220;0px&#8220; header_text_shadow_blur_strength=&#8220;header_text_shadow_style,%91object Object%93&#8243; header_text_shadow_blur_strength_tablet=&#8220;1px&#8220; header_2_text_shadow_horizontal_length=&#8220;header_2_text_shadow_style,%91object Object%93&#8243; header_2_text_shadow_horizontal_length_tablet=&#8220;0px&#8220; header_2_text_shadow_vertical_length=&#8220;header_2_text_shadow_style,%91object Object%93&#8243; header_2_text_shadow_vertical_length_tablet=&#8220;0px&#8220; header_2_text_shadow_blur_strength=&#8220;header_2_text_shadow_style,%91object Object%93&#8243; header_2_text_shadow_blur_strength_tablet=&#8220;1px&#8220; header_3_text_shadow_horizontal_length=&#8220;header_3_text_shadow_style,%91object Object%93&#8243; header_3_text_shadow_horizontal_length_tablet=&#8220;0px&#8220; header_3_text_shadow_vertical_length=&#8220;header_3_text_shadow_style,%91object Object%93&#8243; header_3_text_shadow_vertical_length_tablet=&#8220;0px&#8220; header_3_text_shadow_blur_strength=&#8220;header_3_text_shadow_style,%91object Object%93&#8243; header_3_text_shadow_blur_strength_tablet=&#8220;1px&#8220; header_4_text_shadow_horizontal_length=&#8220;header_4_text_shadow_style,%91object Object%93&#8243; header_4_text_shadow_horizontal_length_tablet=&#8220;0px&#8220; header_4_text_shadow_vertical_length=&#8220;header_4_text_shadow_style,%91object Object%93&#8243; header_4_text_shadow_vertical_length_tablet=&#8220;0px&#8220; header_4_text_shadow_blur_strength=&#8220;header_4_text_shadow_style,%91object Object%93&#8243; header_4_text_shadow_blur_strength_tablet=&#8220;1px&#8220; header_5_text_shadow_horizontal_length=&#8220;header_5_text_shadow_style,%91object Object%93&#8243; header_5_text_shadow_horizontal_length_tablet=&#8220;0px&#8220; header_5_text_shadow_vertical_length=&#8220;header_5_text_shadow_style,%91object Object%93&#8243; header_5_text_shadow_vertical_length_tablet=&#8220;0px&#8220; header_5_text_shadow_blur_strength=&#8220;header_5_text_shadow_style,%91object Object%93&#8243; header_5_text_shadow_blur_strength_tablet=&#8220;1px&#8220; header_6_text_shadow_horizontal_length=&#8220;header_6_text_shadow_style,%91object Object%93&#8243; header_6_text_shadow_horizontal_length_tablet=&#8220;0px&#8220; header_6_text_shadow_vertical_length=&#8220;header_6_text_shadow_style,%91object Object%93&#8243; header_6_text_shadow_vertical_length_tablet=&#8220;0px&#8220; header_6_text_shadow_blur_strength=&#8220;header_6_text_shadow_style,%91object Object%93&#8243; header_6_text_shadow_blur_strength_tablet=&#8220;1px&#8220; box_shadow_horizontal_tablet=&#8220;0px&#8220; box_shadow_vertical_tablet=&#8220;0px&#8220; box_shadow_blur_tablet=&#8220;40px&#8220; box_shadow_spread_tablet=&#8220;0px&#8220; z_index_tablet=&#8220;500&#8243;]<\/p>\n<p><img loading=\"lazy\" decoding=\"async\" class=\"alignleft size-full wp-image-1519\" src=\"https:\/\/berufsschule-der-handwerkskammer-luebeck.de\/wp-content\/uploads\/Logo-Segelmacher.jpg\" alt=\"segelmacher\" width=\"100\" height=\"100\" \/>Die Ausbildung zum Segelmacher erfolgt an den Lernorten Segelmacherei und Berufsschule (\u201eDuales Berufsausbildungssystem\u201c).<br \/>\nDie Auszubildenden besuchen in der gesamten Ausbildungszeit von 3 Jahren die Berufsschule f\u00fcr 36 Wochen, die i.d.R. in 9 Schulbl\u00f6cken \u00e0 4 Wochen aufgeteilt werden.<br \/>\nW\u00e4hrend des Berufsschul-Blockunterrichts werden die folgenden 12 Lernfelder unterrichtet (ein Beispiel: LF10 bedeutet Lernfeld Nr. 10).<\/p>\n<p><img loading=\"lazy\" decoding=\"async\" class=\"aligncenter size-full wp-image-1221\" src=\"https:\/\/berufsschule-der-handwerkskammer-luebeck.de\/wp-content\/uploads\/2016\/06\/Ausbildungsuebersicht_SE.jpg\" alt=\"Ausbildungsuebersicht_SE\" width=\"1160\" height=\"1638\" srcset=\"https:\/\/berufsschule-der-handwerkskammer-luebeck.de\/wp-content\/uploads\/2016\/06\/Ausbildungsuebersicht_SE.jpg 1160w, https:\/\/berufsschule-der-handwerkskammer-luebeck.de\/wp-content\/uploads\/2016\/06\/Ausbildungsuebersicht_SE-212x300.jpg 212w, https:\/\/berufsschule-der-handwerkskammer-luebeck.de\/wp-content\/uploads\/2016\/06\/Ausbildungsuebersicht_SE-768x1084.jpg 768w, https:\/\/berufsschule-der-handwerkskammer-luebeck.de\/wp-content\/uploads\/2016\/06\/Ausbildungsuebersicht_SE-725x1024.jpg 725w, https:\/\/berufsschule-der-handwerkskammer-luebeck.de\/wp-content\/uploads\/2016\/06\/Ausbildungsuebersicht_SE-1080x1525.jpg 1080w\" sizes=\"(max-width: 1160px) 100vw, 1160px\" \/><\/p>\n<p>[\/et_pb_text][et_pb_gallery gallery_ids=&#8220;1382,1383,1384,1385,1386,1387,1388&#8243; fullwidth=&#8220;off&#8220; posts_number=&#8220;3&#8243; show_title_and_caption=&#8220;off&#8220; show_pagination=&#8220;on&#8220; background_layout=&#8220;light&#8220; auto=&#8220;off&#8220; hover_overlay_color=&#8220;rgba(255,255,255,0.9)&#8220; caption_all_caps=&#8220;off&#8220; use_border_color=&#8220;off&#8220; border_color=&#8220;#ffffff&#8220; border_style=&#8220;solid&#8220;]<\/p>\n<p><\/p>\n<p>[\/et_pb_gallery][et_pb_blog fullwidth=&#8220;on&#8220; show_thumbnail=&#8220;on&#8220; show_content=&#8220;off&#8220; show_more=&#8220;off&#8220; show_author=&#8220;off&#8220; show_date=&#8220;off&#8220; show_categories=&#8220;on&#8220; show_comments=&#8220;off&#8220; show_pagination=&#8220;off&#8220; offset_number=&#8220;0&#8243; use_overlay=&#8220;off&#8220; background_layout=&#8220;light&#8220; use_dropshadow=&#8220;off&#8220; use_border_color=&#8220;off&#8220; border_color=&#8220;#ffffff&#8220; border_style=&#8220;solid&#8220; include_categories=&#8220;24&#8243; box_shadow_color=&#8220;rgba(0,0,0,0.3)&#8220; box_shadow_style=&#8220;none&#8220;]<\/p>\n<p><\/p>\n<p>[\/et_pb_blog][\/et_pb_column][\/et_pb_row][\/et_pb_section]<\/p>\n","protected":false},"excerpt":{"rendered":"<p>Landesberufsschulen f\u00fcr Segelmacher Die Ausbildung zum Segelmacher erfolgt an den Lernorten Segelmacherei und Berufsschule (\u201eDuales Berufsausbildungssystem\u201c). Die Auszubildenden besuchen in der gesamten Ausbildungszeit von 3 Jahren die Berufsschule f\u00fcr 36 Wochen, die i.d.R. in 9 Schulbl\u00f6cken \u00e0 4 Wochen aufgeteilt werden. W\u00e4hrend des Berufsschul-Blockunterrichts werden die folgenden 12 Lernfelder unterrichtet (ein Beispiel: LF10 bedeutet Lernfeld [&hellip;]<\/p>\n","protected":false},"author":1,"featured_media":0,"parent":0,"menu_order":0,"comment_status":"closed","ping_status":"closed","template":"","meta":{"_et_pb_use_builder":"on","_et_pb_old_content":"","_et_gb_content_width":"","footnotes":""},"class_list":["post-1159","page","type-page","status-publish","hentry"],"_links":{"self":[{"href":"https:\/\/berufsschule-der-handwerkskammer-luebeck.de\/index.php\/wp-json\/wp\/v2\/pages\/1159","targetHints":{"allow":["GET"]}}],"collection":[{"href":"https:\/\/berufsschule-der-handwerkskammer-luebeck.de\/index.php\/wp-json\/wp\/v2\/pages"}],"about":[{"href":"https:\/\/berufsschule-der-handwerkskammer-luebeck.de\/index.php\/wp-json\/wp\/v2\/types\/page"}],"author":[{"embeddable":true,"href":"https:\/\/berufsschule-der-handwerkskammer-luebeck.de\/index.php\/wp-json\/wp\/v2\/users\/1"}],"replies":[{"embeddable":true,"href":"https:\/\/berufsschule-der-handwerkskammer-luebeck.de\/index.php\/wp-json\/wp\/v2\/comments?post=1159"}],"version-history":[{"count":0,"href":"https:\/\/berufsschule-der-handwerkskammer-luebeck.de\/index.php\/wp-json\/wp\/v2\/pages\/1159\/revisions"}],"wp:attachment":[{"href":"https:\/\/berufsschule-der-handwerkskammer-luebeck.de\/index.php\/wp-json\/wp\/v2\/media?parent=1159"}],"curies":[{"name":"wp","href":"https:\/\/api.w.org\/{rel}","templated":true}]}}