{"id":1156,"date":"2016-06-03T21:17:55","date_gmt":"2016-06-03T19:17:55","guid":{"rendered":"https:\/\/berufsschule-der-handwerkskammer-luebeck.de\/?page_id=1156"},"modified":"2025-09-17T07:28:38","modified_gmt":"2025-09-17T05:28:38","slug":"orthopaedieschuhmacherinnen","status":"publish","type":"page","link":"https:\/\/berufsschule-der-handwerkskammer-luebeck.de\/index.php\/orthopaedieschuhmacherinnen\/","title":{"rendered":"LBS f\u00fcr Orthop\u00e4dieschuhmacher und Ma\u00dfschuhmacher"},"content":{"rendered":"<p>[et_pb_section fb_built=&#8220;1&#8243; admin_label=&#8220;section&#8220; _builder_version=&#8220;4.16&#8243; global_colors_info=&#8220;{}&#8220;][et_pb_row admin_label=&#8220;row&#8220; _builder_version=&#8220;4.16&#8243; background_size=&#8220;initial&#8220; background_position=&#8220;top_left&#8220; background_repeat=&#8220;repeat&#8220; global_colors_info=&#8220;{}&#8220;][et_pb_column type=&#8220;4_4&#8243; _builder_version=&#8220;4.16&#8243; custom_padding=&#8220;|||&#8220; global_colors_info=&#8220;{}&#8220; custom_padding__hover=&#8220;|||&#8220;][et_pb_text _builder_version=&#8220;4.16&#8243; background_size=&#8220;initial&#8220; background_position=&#8220;top_left&#8220; background_repeat=&#8220;repeat&#8220; text_orientation=&#8220;center&#8220; module_alignment=&#8220;center&#8220; use_border_color=&#8220;off&#8220; global_colors_info=&#8220;{}&#8220;]<\/p>\n<h2 style=\"text-align: center;\">Landesberufsschulen f\u00fcr Orthop\u00e4dieschuhmacher und Ma\u00dfschuhmacher<\/h2>\n<p>[\/et_pb_text][et_pb_slider show_arrows=&#8220;off&#8220; show_pagination=&#8220;off&#8220; _builder_version=&#8220;4.16&#8243; custom_padding=&#8220;|||&#8220; custom_padding_tablet=&#8220;|||&#8220; custom_padding_phone=&#8220;|||&#8220; box_shadow_style=&#8220;preset6&#8243; box_shadow_blur=&#8220;10px&#8220; box_shadow_color=&#8220;rgba(0,0,0,0.1)&#8220; remove_inner_shadow=&#8220;off&#8220; hide_content_on_mobile=&#8220;off&#8220; hide_cta_on_mobile=&#8220;off&#8220; show_inner_shadow=&#8220;on&#8220; button_letter_spacing_hover=&#8220;0&#8243; global_colors_info=&#8220;{}&#8220; button_text_size__hover_enabled=&#8220;off&#8220; button_one_text_size__hover_enabled=&#8220;off&#8220; button_two_text_size__hover_enabled=&#8220;off&#8220; button_text_color__hover_enabled=&#8220;off&#8220; button_one_text_color__hover_enabled=&#8220;off&#8220; button_two_text_color__hover_enabled=&#8220;off&#8220; button_border_width__hover_enabled=&#8220;off&#8220; button_one_border_width__hover_enabled=&#8220;off&#8220; button_two_border_width__hover_enabled=&#8220;off&#8220; button_border_color__hover_enabled=&#8220;off&#8220; button_one_border_color__hover_enabled=&#8220;off&#8220; button_two_border_color__hover_enabled=&#8220;off&#8220; button_border_radius__hover_enabled=&#8220;off&#8220; button_one_border_radius__hover_enabled=&#8220;off&#8220; button_two_border_radius__hover_enabled=&#8220;off&#8220; button_letter_spacing__hover_enabled=&#8220;on&#8220; button_letter_spacing__hover=&#8220;0&#8243; button_one_letter_spacing__hover_enabled=&#8220;off&#8220; button_two_letter_spacing__hover_enabled=&#8220;off&#8220; button_bg_color__hover_enabled=&#8220;off&#8220; button_one_bg_color__hover_enabled=&#8220;off&#8220; button_two_bg_color__hover_enabled=&#8220;off&#8220;][et_pb_slide use_bg_overlay=&#8220;off&#8220; use_text_overlay=&#8220;off&#8220; _builder_version=&#8220;4.16&#8243; header_font=&#8220;||||&#8220; body_font=&#8220;||||&#8220; background_color=&#8220;#ffffff&#8220; background_image=&#8220;https:\/\/berufsschule-der-handwerkskammer-luebeck.de\/wp-content\/uploads\/2016\/06\/orthopaedie.jpg&#8220; button_icon_placement=&#8220;right&#8220; button_on_hover=&#8220;on&#8220; global_colors_info=&#8220;{}&#8220; button_text_size__hover_enabled=&#8220;off&#8220; button_one_text_size__hover_enabled=&#8220;off&#8220; button_two_text_size__hover_enabled=&#8220;off&#8220; button_text_color__hover_enabled=&#8220;off&#8220; button_one_text_color__hover_enabled=&#8220;off&#8220; button_two_text_color__hover_enabled=&#8220;off&#8220; button_border_width__hover_enabled=&#8220;off&#8220; button_one_border_width__hover_enabled=&#8220;off&#8220; button_two_border_width__hover_enabled=&#8220;off&#8220; button_border_color__hover_enabled=&#8220;off&#8220; button_one_border_color__hover_enabled=&#8220;off&#8220; button_two_border_color__hover_enabled=&#8220;off&#8220; button_border_radius__hover_enabled=&#8220;off&#8220; button_one_border_radius__hover_enabled=&#8220;off&#8220; button_two_border_radius__hover_enabled=&#8220;off&#8220; button_letter_spacing__hover_enabled=&#8220;off&#8220; button_one_letter_spacing__hover_enabled=&#8220;off&#8220; button_two_letter_spacing__hover_enabled=&#8220;off&#8220; button_bg_color__hover_enabled=&#8220;off&#8220; button_one_bg_color__hover_enabled=&#8220;off&#8220; button_two_bg_color__hover_enabled=&#8220;off&#8220; sticky_transition=&#8220;on&#8220;] [\/et_pb_slide][\/et_pb_slider][et_pb_text _builder_version=&#8220;4.27.4&#8243; background_size=&#8220;initial&#8220; background_position=&#8220;top_left&#8220; background_repeat=&#8220;repeat&#8220; use_border_color=&#8220;off&#8220; global_colors_info=&#8220;{}&#8220;]<\/p>\n<h2 style=\"text-align: center;\">Landesberufsschule f\u00fcr Orthop\u00e4dieschuhmacher<\/h2>\n<p><img loading=\"lazy\" decoding=\"async\" class=\"alignnone wp-image-2500\" src=\"https:\/\/berufsschule-der-handwerkskammer-luebeck.de\/wp-content\/uploads\/Neues-Logo-Orthop\u00e4dieschuhtechnik-03_2010-300x149.jpg\" alt=\"\" width=\"145\" height=\"72\" srcset=\"https:\/\/berufsschule-der-handwerkskammer-luebeck.de\/wp-content\/uploads\/Neues-Logo-Orthop\u00e4dieschuhtechnik-03_2010-300x149.jpg 300w, https:\/\/berufsschule-der-handwerkskammer-luebeck.de\/wp-content\/uploads\/Neues-Logo-Orthop\u00e4dieschuhtechnik-03_2010.jpg 766w\" sizes=\"(max-width: 145px) 100vw, 145px\" \/>Die Landesberufsschule f\u00fcr Orthop\u00e4dieschuhmacher in L\u00fcbeck ist seit \u00fcber <strong>60<\/strong> Jahren norddeutsches Ausbildungszentrum. Berufsspezifische Entwicklungen f\u00fchrten dazu, dass sich der Ausbildungsschwerpunkt zum Gesundheitsberuf der Orthop\u00e4die-Schuhtechnik verlagerte.<br \/>Das Einzugsgebiet unserer Auszubildenden in der Orthop\u00e4die-Schuhtechnik hat sich stetig erweitert und geht l\u00e4ngst \u00fcber die Grenzen Schleswig-Holsteins hinaus. Auszubildende aus acht Bundesl\u00e4ndern besuchen die Landesberufsschule.<br \/>Dazu geh\u00f6ren zur Zeit die folgenden Bundesl\u00e4nder: <img loading=\"lazy\" decoding=\"async\" class=\"wp-image-3037 alignright\" src=\"https:\/\/berufsschule-der-handwerkskammer-luebeck.de\/wp-content\/uploads\/Karte_050918-300x197.jpg\" alt=\"\" width=\"409\" height=\"269\" srcset=\"https:\/\/berufsschule-der-handwerkskammer-luebeck.de\/wp-content\/uploads\/Karte_050918-300x197.jpg 300w, https:\/\/berufsschule-der-handwerkskammer-luebeck.de\/wp-content\/uploads\/Karte_050918.jpg 567w\" sizes=\"(max-width: 409px) 100vw, 409px\" \/><\/p>\n<ul>\n<li>Schleswig &#8211; Holstein (Innung f\u00fcr Orthop\u00e4die-Schuhtechnik Nord)<\/li>\n<li>Hamburg (Innung f\u00fcr Orthop\u00e4die-Schuhtechnik Nord)<\/li>\n<li>Niedersachsen<\/li>\n<li>Nordrhein-Westfalen<\/li>\n<li>Mecklenburg &#8211; Vorpommern<\/li>\n<li>Brandenburg<\/li>\n<li>Bremen<\/li>\n<li>Berlin<\/li>\n<\/ul>\n<p>&nbsp;<\/p>\n<h2 style=\"text-align: center;\">Landesberufsschule f\u00fcr Ma\u00dfschuhmacher<\/h2>\n<p><img loading=\"lazy\" decoding=\"async\" class=\"alignnone wp-image-2503\" src=\"https:\/\/berufsschule-der-handwerkskammer-luebeck.de\/wp-content\/uploads\/Schuhmacher_logo.jpg\" alt=\"\" width=\"78\" height=\"74\" \/>Das Schuhmacherhandwerk konnte sich trotz Billig- und Reimporte aus dem Ausland bundesweit behaupten. Das feine, kostenintensive, individuelle und nachhaltige Ma\u00dfschuhwerk hat einen konstanten Markt. Dem Schuhmacher- Handwerk in Schleswig-Holstein kommt bei der Anferigung des individuellen Ma\u00dfschuhwerkes eine \u00fcberdurchschnittliche Bedeutung zu, da einige Betriebe bundesweit exklusive Ma\u00dfschuhe herstellen und vertreiben.<\/p>\n<p>Der Einzugsbereich der Schuhmacherauszubildenden verteilt sich\u00a0 z.Z auf f\u00fcnf Bundesl\u00e4nder:<\/p>\n<ul>\n<li>Schleswig-Holstein<\/li>\n<li>Mecklenburg &#8211; Vorpommern<\/li>\n<li>Bremen<\/li>\n<li>Nordrhein-Westfalen<\/li>\n<li>Hamburg<\/li>\n<\/ul>\n<p>[\/et_pb_text][et_pb_blog include_categories=&#8220;23&#8243; show_author=&#8220;off&#8220; show_date=&#8220;off&#8220; show_pagination=&#8220;off&#8220; _builder_version=&#8220;4.27.4&#8243; hover_enabled=&#8220;0&#8243; use_border_color=&#8220;off&#8220; border_color=&#8220;#ffffff&#8220; border_style=&#8220;solid&#8220; use_dropshadow=&#8220;off&#8220; global_colors_info=&#8220;{}&#8220; fullwidth=&#8220;off&#8220; sticky_enabled=&#8220;0&#8243;]&nbsp;<br \/>\n[\/et_pb_blog][\/et_pb_column][\/et_pb_row][\/et_pb_section]<\/p>\n","protected":false},"excerpt":{"rendered":"<p>Landesberufsschulen f\u00fcr Orthop\u00e4dieschuhmacher und Ma\u00dfschuhmacher Landesberufsschule f\u00fcr Orthop\u00e4dieschuhmacher Die Landesberufsschule f\u00fcr Orthop\u00e4dieschuhmacher in L\u00fcbeck ist seit \u00fcber 60 Jahren norddeutsches Ausbildungszentrum. Berufsspezifische Entwicklungen f\u00fchrten dazu, dass sich der Ausbildungsschwerpunkt zum Gesundheitsberuf der Orthop\u00e4die-Schuhtechnik verlagerte.Das Einzugsgebiet unserer Auszubildenden in der Orthop\u00e4die-Schuhtechnik hat sich stetig erweitert und geht l\u00e4ngst \u00fcber die Grenzen Schleswig-Holsteins hinaus. Auszubildende aus acht [&hellip;]<\/p>\n","protected":false},"author":1,"featured_media":0,"parent":0,"menu_order":0,"comment_status":"closed","ping_status":"closed","template":"","meta":{"_et_pb_use_builder":"on","_et_pb_old_content":"","_et_gb_content_width":"","footnotes":""},"class_list":["post-1156","page","type-page","status-publish","hentry"],"_links":{"self":[{"href":"https:\/\/berufsschule-der-handwerkskammer-luebeck.de\/index.php\/wp-json\/wp\/v2\/pages\/1156","targetHints":{"allow":["GET"]}}],"collection":[{"href":"https:\/\/berufsschule-der-handwerkskammer-luebeck.de\/index.php\/wp-json\/wp\/v2\/pages"}],"about":[{"href":"https:\/\/berufsschule-der-handwerkskammer-luebeck.de\/index.php\/wp-json\/wp\/v2\/types\/page"}],"author":[{"embeddable":true,"href":"https:\/\/berufsschule-der-handwerkskammer-luebeck.de\/index.php\/wp-json\/wp\/v2\/users\/1"}],"replies":[{"embeddable":true,"href":"https:\/\/berufsschule-der-handwerkskammer-luebeck.de\/index.php\/wp-json\/wp\/v2\/comments?post=1156"}],"version-history":[{"count":1,"href":"https:\/\/berufsschule-der-handwerkskammer-luebeck.de\/index.php\/wp-json\/wp\/v2\/pages\/1156\/revisions"}],"predecessor-version":[{"id":8293,"href":"https:\/\/berufsschule-der-handwerkskammer-luebeck.de\/index.php\/wp-json\/wp\/v2\/pages\/1156\/revisions\/8293"}],"wp:attachment":[{"href":"https:\/\/berufsschule-der-handwerkskammer-luebeck.de\/index.php\/wp-json\/wp\/v2\/media?parent=1156"}],"curies":[{"name":"wp","href":"https:\/\/api.w.org\/{rel}","templated":true}]}}